{"id":10549,"date":"2026-01-28T14:39:21","date_gmt":"2026-01-28T13:39:21","guid":{"rendered":"https:\/\/antykilion.pl\/?page_id=10549"},"modified":"2026-01-28T14:40:36","modified_gmt":"2026-01-28T13:40:36","slug":"antyki-i-sztuka-dawna-oferta-dla-mieszkancow-krakowa","status":"publish","type":"page","link":"https:\/\/antykilion.pl\/de\/antyki-i-sztuka-dawna-oferta-dla-mieszkancow-krakowa\/","title":{"rendered":"Antyki i sztuka dawna \u2013 oferta dla mieszka\u0144c\u00f3w Krakowa"},"content":{"rendered":"<div data-elementor-type=\"wp-page\" data-elementor-id=\"10549\" class=\"elementor elementor-10549\" data-elementor-post-type=\"page\">\n\t\t\t\t\t\t<section class=\"elementor-section elementor-top-section elementor-element elementor-element-b5ab243 elementor-section-height-min-height elementor-section-boxed elementor-section-height-default elementor-section-items-middle\" data-id=\"b5ab243\" data-element_type=\"section\" data-settings=\"{&quot;background_background&quot;:&quot;classic&quot;}\">\n\t\t\t\t\t\t\t<div class=\"elementor-background-overlay\"><\/div>\n\t\t\t\t\t\t\t<div class=\"elementor-container elementor-column-gap-no\">\n\t\t\t\t\t<div class=\"elementor-column elementor-col-100 elementor-top-column elementor-element elementor-element-bf55e9b\" data-id=\"bf55e9b\" data-element_type=\"column\">\n\t\t\t<div class=\"elementor-widget-wrap elementor-element-populated\">\n\t\t\t\t\t\t<div class=\"elementor-element elementor-element-9c59f86 elementor-widget elementor-widget-heading\" data-id=\"9c59f86\" data-element_type=\"widget\" data-widget_type=\"heading.default\">\n\t\t\t\t<div class=\"elementor-widget-container\">\n\t\t\t<h1 class=\"elementor-heading-title elementor-size-default\">Antyki i dzie\u0142a sztuki dla mieszka\u0144c\u00f3w Krakowa<\/h1>\t\t<\/div>\n\t\t\t\t<\/div>\n\t\t\t\t<div class=\"elementor-element elementor-element-5ef48f0 elementor-widget elementor-widget-text-editor\" data-id=\"5ef48f0\" data-element_type=\"widget\" data-widget_type=\"text-editor.default\">\n\t\t\t\t<div class=\"elementor-widget-container\">\n\t\t\t\t\t\t\t<p>Eine der gr\u00f6\u00dften Galerien f\u00fcr Antiquit\u00e4ten und Kunst<\/p>\t\t\t\t\t\t<\/div>\n\t\t\t\t<\/div>\n\t\t\t\t\t<\/div>\n\t\t<\/div>\n\t\t\t\t\t<\/div>\n\t\t<\/section>\n\t\t\t\t<section class=\"elementor-section elementor-top-section elementor-element elementor-element-e220325 elementor-section-boxed elementor-section-height-default elementor-section-height-default\" data-id=\"e220325\" data-element_type=\"section\">\n\t\t\t\t\t\t<div class=\"elementor-container elementor-column-gap-default\">\n\t\t\t\t\t<div class=\"elementor-column elementor-col-100 elementor-top-column elementor-element elementor-element-8a928b2\" data-id=\"8a928b2\" data-element_type=\"column\">\n\t\t\t<div class=\"elementor-widget-wrap elementor-element-populated\">\n\t\t\t\t\t\t<div class=\"elementor-element elementor-element-0d95c15 elementor-widget elementor-widget-image\" data-id=\"0d95c15\" data-element_type=\"widget\" data-widget_type=\"image.default\">\n\t\t\t\t<div class=\"elementor-widget-container\">\n\t\t\t\t\t\t\t\t\t\t\t\t\t<img fetchpriority=\"high\" decoding=\"async\" width=\"1200\" height=\"242\" src=\"https:\/\/antykilion.pl\/wp-content\/uploads\/2020\/01\/Zas\u00f3b-2@4x-1200x242.png\" class=\"attachment-large size-large wp-image-357\" alt=\"antyki-antykwariat-galeria-sztuki-wejherowo\" srcset=\"https:\/\/antykilion.pl\/wp-content\/uploads\/2020\/01\/Zas\u00f3b-2@4x-1200x242.png 1200w, https:\/\/antykilion.pl\/wp-content\/uploads\/2020\/01\/Zas\u00f3b-2@4x-350x71.png 350w, https:\/\/antykilion.pl\/wp-content\/uploads\/2020\/01\/Zas\u00f3b-2@4x-768x155.png 768w, https:\/\/antykilion.pl\/wp-content\/uploads\/2020\/01\/Zas\u00f3b-2@4x-18x4.png 18w, https:\/\/antykilion.pl\/wp-content\/uploads\/2020\/01\/Zas\u00f3b-2@4x.png 1389w\" sizes=\"(max-width: 1200px) 100vw, 1200px\" \/>\t\t\t\t\t\t\t\t\t\t\t\t\t<\/div>\n\t\t\t\t<\/div>\n\t\t\t\t\t<\/div>\n\t\t<\/div>\n\t\t\t\t\t<\/div>\n\t\t<\/section>\n\t\t\t\t<section class=\"elementor-section elementor-top-section elementor-element elementor-element-57018b4 elementor-hidden-tablet elementor-hidden-phone elementor-section-boxed elementor-section-height-default elementor-section-height-default\" data-id=\"57018b4\" data-element_type=\"section\" data-settings=\"{&quot;background_background&quot;:&quot;classic&quot;}\">\n\t\t\t\t\t\t<div class=\"elementor-container elementor-column-gap-default\">\n\t\t\t\t\t<div class=\"elementor-column elementor-col-100 elementor-top-column elementor-element elementor-element-d9d670b\" data-id=\"d9d670b\" data-element_type=\"column\">\n\t\t\t<div class=\"elementor-widget-wrap elementor-element-populated\">\n\t\t\t\t\t\t<section class=\"elementor-section elementor-inner-section elementor-element elementor-element-fac6717 elementor-section-height-min-height elementor-section-boxed elementor-section-height-default\" data-id=\"fac6717\" data-element_type=\"section\" data-settings=\"{&quot;background_background&quot;:&quot;classic&quot;}\">\n\t\t\t\t\t\t<div class=\"elementor-container elementor-column-gap-default\">\n\t\t\t\t\t<div class=\"elementor-column elementor-col-100 elementor-inner-column elementor-element elementor-element-1d7691e\" data-id=\"1d7691e\" data-element_type=\"column\">\n\t\t\t<div class=\"elementor-widget-wrap elementor-element-populated\">\n\t\t\t\t\t\t<div class=\"elementor-element elementor-element-adc6ba9 elementor-widget elementor-widget-heading\" data-id=\"adc6ba9\" data-element_type=\"widget\" data-widget_type=\"heading.default\">\n\t\t\t\t<div class=\"elementor-widget-container\">\n\t\t\t<h2 class=\"elementor-heading-title elementor-size-default\">Antykwariat <\/h2>\t\t<\/div>\n\t\t\t\t<\/div>\n\t\t\t\t<div class=\"elementor-element elementor-element-2f11c3e seo elementor-widget elementor-widget-text-editor\" data-id=\"2f11c3e\" data-element_type=\"widget\" data-widget_type=\"text-editor.default\">\n\t\t\t\t<div class=\"elementor-widget-container\">\n\t\t\t\t\t\t\t<p>\n<strong>Antyki i Sztuka Lion<\/strong> kieruje swoj\u0105 ofert\u0119 r\u00f3wnie\u017c do mieszka\u0144c\u00f3w Krakowa \u2013 miasta o wyj\u0105tkowym dziedzictwie kulturowym i artystycznym. Oferujemy autentyczne antyki i dzie\u0142a sztuki, kt\u00f3re doskonale wpisuj\u0105 si\u0119 w historyczny charakter krakowskich wn\u0119trz.\n<\/p>\n\n<p>\nNasza kolekcja obejmuje przedmioty z XVII\u2013XX wieku, starannie dobrane pod k\u0105tem jako\u015bci, autentyczno\u015bci i warto\u015bci historycznej. Ka\u017cdy obiekt dost\u0119pny w galerii posiada indywidualny charakter i unikatow\u0105 form\u0119.\n<\/p>\n\n<h2>Antyczne meble i wyposa\u017cenie wn\u0119trz \u2013 Krak\u00f3w<\/h2>\n\n<p>\nMieszka\u0144com Krakowa oferujemy szeroki wyb\u00f3r \n<a href=\"https:\/\/antykilion.pl\/de\/produkt-kategorie\/meble\/\" target=\"_blank\" rel=\"noopener\">\n<strong>antycznych mebli<\/strong>\n<\/a>, kt\u00f3re doskonale komponuj\u0105 si\u0119 z kamienicami i wn\u0119trzami o klasycznym charakterze. S\u0105 to meble salonowe, gabinetowe oraz pa\u0142acowe, wykonane z najwy\u017cszej jako\u015bci materia\u0142\u00f3w.\n<\/p>\n\n<h2>Dzie\u0142a sztuki dla kolekcjoner\u00f3w z Krakowa<\/h2>\n\n<p>\nKrakowskim kolekcjonerom polecamy wyj\u0105tkowe \n<a href=\"https:\/\/antykilion.pl\/de\/produkt-kategorie\/dziela-sztuki\/\" target=\"_blank\" rel=\"noopener\">\n<strong>dzie\u0142a sztuki<\/strong>\n<\/a>, w tym malarstwo, grafik\u0119 i rze\u017ab\u0119. Oferta skierowana jest zar\u00f3wno do do\u015bwiadczonych koneser\u00f3w, jak i os\u00f3b rozpoczynaj\u0105cych swoj\u0105 przygod\u0119 z kolekcjonowaniem.\n<\/p>\n\n<h2>Porcelana, szk\u0142o i srebra<\/h2>\n\n<p>\nUzupe\u0142nieniem oferty dla klient\u00f3w z Krakowa s\u0105:\n<\/p>\n\n<ul>\n<li>\n<a href=\"https:\/\/antykilion.pl\/de\/produkt-kategorie\/porcelana-i-fajans\/\" target=\"_blank\" rel=\"noopener\">\nporcelana i fajans\n<\/a>\n<\/li>\n<li>\n<a href=\"https:\/\/antykilion.pl\/de\/produkt-kategorie\/szklo\/\" target=\"_blank\" rel=\"noopener\">\nszk\u0142o antyczne i artystyczne\n<\/a>\n<\/li>\n<li>\n<a href=\"https:\/\/antykilion.pl\/de\/produkt-kategorie\/srebra-i-platery\/\" target=\"_blank\" rel=\"noopener\">\nsrebra i platery\n<\/a>\n<\/li>\n<\/ul>\n\n<h2>Zakup antyk\u00f3w online i dostawa do Krakowa<\/h2>\n\n<p>\nOferujemy mieszka\u0144com Krakowa mo\u017cliwo\u015b\u0107 bezpiecznego zakupu antyk\u00f3w online z profesjonaln\u0105 obs\u0142ug\u0105 i transportem. Zach\u0119camy do zapoznania si\u0119 z pe\u0142n\u0105 ofert\u0105 galerii:\n<br>\n<a href=\"https:\/\/antykilion.pl\/de\/\" target=\"_blank\" rel=\"noopener\">\n<strong>Galerie Antiquit\u00e4ten und L\u00f6wenkunst<\/strong>\n<\/a>\n<\/p>\n\t\t\t\t\t\t<\/div>\n\t\t\t\t<\/div>\n\t\t\t\t\t<\/div>\n\t\t<\/div>\n\t\t\t\t\t<\/div>\n\t\t<\/section>\n\t\t\t\t\t<\/div>\n\t\t<\/div>\n\t\t\t\t\t<\/div>\n\t\t<\/section>\n\t\t\t\t<section class=\"elementor-section elementor-top-section elementor-element elementor-element-9d22bda elementor-hidden-tablet elementor-hidden-phone elementor-section-boxed elementor-section-height-default elementor-section-height-default\" data-id=\"9d22bda\" data-element_type=\"section\">\n\t\t\t\t\t\t<div class=\"elementor-container elementor-column-gap-default\">\n\t\t\t\t\t<div class=\"elementor-column elementor-col-100 elementor-top-column elementor-element elementor-element-a091d1f\" data-id=\"a091d1f\" data-element_type=\"column\">\n\t\t\t<div class=\"elementor-widget-wrap elementor-element-populated\">\n\t\t\t\t\t\t<div class=\"elementor-element elementor-element-0c72ec6 symbol-rotate elementor-widget elementor-widget-image\" data-id=\"0c72ec6\" data-element_type=\"widget\" data-widget_type=\"image.default\">\n\t\t\t\t<div class=\"elementor-widget-container\">\n\t\t\t\t\t\t\t\t\t\t\t\t\t<img fetchpriority=\"high\" decoding=\"async\" width=\"1200\" height=\"242\" src=\"https:\/\/antykilion.pl\/wp-content\/uploads\/2020\/01\/Zas\u00f3b-2@4x-1200x242.png\" class=\"attachment-large size-large wp-image-357\" alt=\"antyki-antykwariat-galeria-sztuki-wejherowo\" srcset=\"https:\/\/antykilion.pl\/wp-content\/uploads\/2020\/01\/Zas\u00f3b-2@4x-1200x242.png 1200w, https:\/\/antykilion.pl\/wp-content\/uploads\/2020\/01\/Zas\u00f3b-2@4x-350x71.png 350w, https:\/\/antykilion.pl\/wp-content\/uploads\/2020\/01\/Zas\u00f3b-2@4x-768x155.png 768w, https:\/\/antykilion.pl\/wp-content\/uploads\/2020\/01\/Zas\u00f3b-2@4x-18x4.png 18w, https:\/\/antykilion.pl\/wp-content\/uploads\/2020\/01\/Zas\u00f3b-2@4x.png 1389w\" sizes=\"(max-width: 1200px) 100vw, 1200px\" \/>\t\t\t\t\t\t\t\t\t\t\t\t\t<\/div>\n\t\t\t\t<\/div>\n\t\t\t\t\t<\/div>\n\t\t<\/div>\n\t\t\t\t\t<\/div>\n\t\t<\/section>\n\t\t\t\t<section class=\"elementor-section elementor-top-section elementor-element elementor-element-aefe220 elementor-section-boxed elementor-section-height-default elementor-section-height-default\" data-id=\"aefe220\" data-element_type=\"section\" data-settings=\"{&quot;background_background&quot;:&quot;classic&quot;}\">\n\t\t\t\t\t\t\t<div class=\"elementor-background-overlay\"><\/div>\n\t\t\t\t\t\t\t<div class=\"elementor-container elementor-column-gap-default\">\n\t\t\t\t\t<div class=\"elementor-column elementor-col-100 elementor-top-column elementor-element elementor-element-343510c\" data-id=\"343510c\" data-element_type=\"column\">\n\t\t\t<div class=\"elementor-widget-wrap elementor-element-populated\">\n\t\t\t\t\t\t<section class=\"elementor-section elementor-inner-section elementor-element elementor-element-70738fd elementor-section-boxed elementor-section-height-default elementor-section-height-default\" data-id=\"70738fd\" data-element_type=\"section\" data-settings=\"{&quot;background_background&quot;:&quot;classic&quot;}\">\n\t\t\t\t\t\t<div class=\"elementor-container elementor-column-gap-default\">\n\t\t\t\t\t<div class=\"elementor-column elementor-col-100 elementor-inner-column elementor-element elementor-element-7dbb9a7\" data-id=\"7dbb9a7\" data-element_type=\"column\">\n\t\t\t<div class=\"elementor-widget-wrap elementor-element-populated\">\n\t\t\t\t\t\t<div class=\"elementor-element elementor-element-29bce04 elementor-widget elementor-widget-heading\" data-id=\"29bce04\" data-element_type=\"widget\" data-widget_type=\"heading.default\">\n\t\t\t\t<div class=\"elementor-widget-container\">\n\t\t\t<h3 class=\"elementor-heading-title elementor-size-default\">Rufen Sie uns an<\/h3>\t\t<\/div>\n\t\t\t\t<\/div>\n\t\t\t\t<div class=\"elementor-element elementor-element-33e494c elementor-widget elementor-widget-heading\" data-id=\"33e494c\" data-element_type=\"widget\" data-widget_type=\"heading.default\">\n\t\t\t\t<div class=\"elementor-widget-container\">\n\t\t\t<h1 class=\"elementor-heading-title elementor-size-default\">Interessiert an unserem Angebot?<\/h1>\t\t<\/div>\n\t\t\t\t<\/div>\n\t\t\t\t<div class=\"elementor-element elementor-element-4ec8d3b elementor-align-center elementor-widget elementor-widget-button\" data-id=\"4ec8d3b\" data-element_type=\"widget\" data-widget_type=\"button.default\">\n\t\t\t\t<div class=\"elementor-widget-container\">\n\t\t\t\t\t<div class=\"elementor-button-wrapper\">\n\t\t\t<a class=\"elementor-button elementor-button-link elementor-size-md\" href=\"https:\/\/antykilion.pl\/de\/kontakt\/\">\n\t\t\t\t\t\t<span class=\"elementor-button-content-wrapper\">\n\t\t\t\t\t\t\t\t\t<span class=\"elementor-button-text\">Kontaktieren Sie uns<\/span>\n\t\t\t\t\t<\/span>\n\t\t\t\t\t<\/a>\n\t\t<\/div>\n\t\t\t\t<\/div>\n\t\t\t\t<\/div>\n\t\t\t\t\t<\/div>\n\t\t<\/div>\n\t\t\t\t\t<\/div>\n\t\t<\/section>\n\t\t\t\t\t<\/div>\n\t\t<\/div>\n\t\t\t\t\t<\/div>\n\t\t<\/section>\n\t\t\t\t<\/div>","protected":false},"excerpt":{"rendered":"<p>Antyki i dzie\u0142a sztuki dla mieszka\u0144c\u00f3w Krakowa Jedna z najwi\u0119kszych galerii Antyk\u00f3w i Sztuki Antykwariat Antyki i Sztuka Lion kieruje swoj\u0105 ofert\u0119 r\u00f3wnie\u017c do mieszka\u0144c\u00f3w Krakowa \u2013 miasta o wyj\u0105tkowym dziedzictwie kulturowym i artystycznym. Oferujemy autentyczne antyki i dzie\u0142a sztuki, kt\u00f3re doskonale wpisuj\u0105 si\u0119 w historyczny charakter krakowskich wn\u0119trz. Nasza kolekcja obejmuje przedmioty z XVII\u2013XX [&hellip;]<\/p>","protected":false},"author":2,"featured_media":10472,"parent":0,"menu_order":0,"comment_status":"closed","ping_status":"closed","template":"elementor_header_footer","meta":{"footnotes":""},"class_list":["post-10549","page","type-page","status-publish","has-post-thumbnail","hentry","entry","has-media","owp-thumbs-layout-horizontal","owp-btn-normal","owp-tabs-layout-horizontal","has-no-thumbnails","has-product-nav"],"aioseo_notices":[],"_links":{"self":[{"href":"https:\/\/antykilion.pl\/de\/wp-json\/wp\/v2\/pages\/10549","targetHints":{"allow":["GET"]}}],"collection":[{"href":"https:\/\/antykilion.pl\/de\/wp-json\/wp\/v2\/pages"}],"about":[{"href":"https:\/\/antykilion.pl\/de\/wp-json\/wp\/v2\/types\/page"}],"author":[{"embeddable":true,"href":"https:\/\/antykilion.pl\/de\/wp-json\/wp\/v2\/users\/2"}],"replies":[{"embeddable":true,"href":"https:\/\/antykilion.pl\/de\/wp-json\/wp\/v2\/comments?post=10549"}],"version-history":[{"count":7,"href":"https:\/\/antykilion.pl\/de\/wp-json\/wp\/v2\/pages\/10549\/revisions"}],"predecessor-version":[{"id":10558,"href":"https:\/\/antykilion.pl\/de\/wp-json\/wp\/v2\/pages\/10549\/revisions\/10558"}],"wp:featuredmedia":[{"embeddable":true,"href":"https:\/\/antykilion.pl\/de\/wp-json\/wp\/v2\/media\/10472"}],"wp:attachment":[{"href":"https:\/\/antykilion.pl\/de\/wp-json\/wp\/v2\/media?parent=10549"}],"curies":[{"name":"wp","href":"https:\/\/api.w.org\/{rel}","templated":true}]}}