{"id":717,"date":"2020-01-29T14:34:28","date_gmt":"2020-01-29T13:34:28","guid":{"rendered":"https:\/\/antykilion.pl\/?page_id=717"},"modified":"2020-03-01T07:55:43","modified_gmt":"2020-03-01T06:55:43","slug":"polityka-prywatnosci","status":"publish","type":"page","link":"https:\/\/antykilion.pl\/de\/polityka-prywatnosci\/","title":{"rendered":"Datenschutzerkl\u00e4rung"},"content":{"rendered":"<div data-elementor-type=\"wp-page\" data-elementor-id=\"717\" class=\"elementor elementor-717\" data-elementor-post-type=\"page\">\n\t\t\t\t\t\t<section class=\"elementor-section elementor-top-section elementor-element elementor-element-fa4cae6 elementor-section-height-min-height elementor-section-boxed elementor-section-height-default elementor-section-items-middle\" data-id=\"fa4cae6\" data-element_type=\"section\" data-settings=\"{&quot;background_background&quot;:&quot;classic&quot;}\">\n\t\t\t\t\t\t\t<div class=\"elementor-background-overlay\"><\/div>\n\t\t\t\t\t\t\t<div class=\"elementor-container elementor-column-gap-no\">\n\t\t\t\t\t<div class=\"elementor-column elementor-col-100 elementor-top-column elementor-element elementor-element-5b06110\" data-id=\"5b06110\" data-element_type=\"column\">\n\t\t\t<div class=\"elementor-widget-wrap elementor-element-populated\">\n\t\t\t\t\t\t<div class=\"elementor-element elementor-element-d6c618e elementor-widget elementor-widget-heading\" data-id=\"d6c618e\" data-element_type=\"widget\" data-widget_type=\"heading.default\">\n\t\t\t\t<div class=\"elementor-widget-container\">\n\t\t\t<h1 class=\"elementor-heading-title elementor-size-default\">Datenschutzerkl\u00e4rung<\/h1>\t\t<\/div>\n\t\t\t\t<\/div>\n\t\t\t\t<div class=\"elementor-element elementor-element-270fe55 elementor-widget elementor-widget-text-editor\" data-id=\"270fe55\" data-element_type=\"widget\" data-widget_type=\"text-editor.default\">\n\t\t\t\t<div class=\"elementor-widget-container\">\n\t\t\t\t\t\t\t<p>Eine der gr\u00f6\u00dften Galerien f\u00fcr Antiquit\u00e4ten und Kunst<\/p>\t\t\t\t\t\t<\/div>\n\t\t\t\t<\/div>\n\t\t\t\t\t<\/div>\n\t\t<\/div>\n\t\t\t\t\t<\/div>\n\t\t<\/section>\n\t\t\t\t<section class=\"elementor-section elementor-top-section elementor-element elementor-element-0dcc2ef elementor-section-boxed elementor-section-height-default elementor-section-height-default\" data-id=\"0dcc2ef\" data-element_type=\"section\">\n\t\t\t\t\t\t<div class=\"elementor-container elementor-column-gap-default\">\n\t\t\t\t\t<div class=\"elementor-column elementor-col-100 elementor-top-column elementor-element elementor-element-dac6550\" data-id=\"dac6550\" data-element_type=\"column\">\n\t\t\t<div class=\"elementor-widget-wrap elementor-element-populated\">\n\t\t\t\t\t\t<div class=\"elementor-element elementor-element-362b6dc elementor-widget elementor-widget-text-editor\" data-id=\"362b6dc\" data-element_type=\"widget\" data-widget_type=\"text-editor.default\">\n\t\t\t\t<div class=\"elementor-widget-container\">\n\t\t\t\t\t\t\t<h2>Allgemeine Informationen<\/h2>\n<ol>\n<li>Der Administrator der \u00fcber die Website gesammelten personenbezogenen Daten: antykilion.pl ist Galeria Antyki und Sztuki Lion Jacek Myller unter der angegebenen Adresse Wejherowo 84-200 ul. Klasztorna 7, Durchf\u00fchrung von Aktivit\u00e4ten, die in das Zentralregister eingetragen sind, und Informationen \u00fcber die Wirtschaftst\u00e4tigkeit der Republik Polen, die vom f\u00fcr Wirtschaft zust\u00e4ndigen Minister gef\u00fchrt werden, NIP: 5881203242, REGON: 366629645.<\/li>\n<li>Der Datenschutz erfolgt gem\u00e4\u00df den Anforderungen des allgemein geltenden Rechts, insbesondere des Gesetzes vom 18.07.2002 \u00fcber die Erbringung elektronischer Dienste und der Verordnung (EU) 2016\/679 des Europ\u00e4ischen Parlaments und des Rates vom 27. April 2016 \u00fcber den Schutz nat\u00fcrliche Personen im Zusammenhang mit der Verarbeitung personenbezogener Daten und dem freien Datenverkehr sowie der Aufhebung der Richtlinie 95\/46 \/ EG.<\/li>\n<li>Wir respektieren das Recht auf Privatsph\u00e4re und sorgen f\u00fcr Datensicherheit. Zu diesem Zweck unter anderem SSL (Secure Communication Encryption Protocol) und pers\u00f6nliche Daten werden auf gesicherten Servern gespeichert.<\/li>\n<li>Die im Kontaktformular angegebenen personenbezogenen Daten werden vertraulich behandelt und sind f\u00fcr Unbefugte nicht sichtbar.<\/li>\n<\/ol>\n<h2>Datenschutz<\/h2>\n<p>Wenn Sie beabsichtigen, ein Benutzerkonto einzurichten und unsere Dienste zu nutzen, werden Sie aufgefordert, uns Ihre pers\u00f6nlichen Daten mitzuteilen. <br>Ihre Daten werden von uns zu den unten angegebenen Zwecken verarbeitet, die sich auf die Funktionsweise des Gesch\u00e4fts und die Bereitstellung der darin angebotenen Dienste beziehen (&quot;Dienste&quot;).<\/p>\n<ol>\n<li><strong>Zweck der Verarbeitung:<\/strong><\/li>\n<\/ol>\n<p>Je nachdem, was Sie w\u00e4hlen, kann es sein:<\/p>\n<ul>\n<li>Bereitstellung der im Store angebotenen Dienstleistungen<\/li>\n<li>Umsetzung Ihrer Auftr\u00e4ge<\/li>\n<\/ul>\n<ol start=\"2\">\n<li><strong>Die Basis f\u00fcr die Verarbeitung:<\/strong><\/li>\n<\/ol>\n<ul>\n<li>Kaufvertrag oder auf Ihren Wunsch ergriffene Ma\u00dfnahmen, die auf dessen Abschluss abzielen (Art. 6 Abs. 1 Lit.b RODO)<\/li>\n<li>Wir haben eine rechtliche Verpflichtung, z. B. im Zusammenhang mit der Rechnungslegung (Artikel 6 Absatz 1 Buchstabe c der DSGVO).<\/li>\n<li>Vertrag \u00fcber die Erbringung von Dienstleistungen oder auf Ihren Wunsch ergriffenen Ma\u00dfnahmen, der auf dessen Abschluss abzielt (Art. 6 Abs. 1 Lit.b RODO)<\/li>\n<li>Unser berechtigtes Interesse an der Verarbeitung von Daten zur Feststellung, Geltendmachung oder Verteidigung von Anspr\u00fcchen (Artikel 6 Absatz 1 Buchstabe f der DSGVO)<\/li>\n<li>Unser berechtigtes Interesse (Art. 6 Abs. 1 Lit. RODO) besteht aus:\n<ul>\n<li>Datenverarbeitung f\u00fcr analytische und statistische Zwecke<\/li>\n<li>Umfrage zur Kundenzufriedenheit<\/li>\n<\/ul>\n<\/li>\n<\/ul>\n<ol start=\"3\">\n<li><strong>Daten bereitstellen:<\/strong><\/li>\n<\/ol>\n<ul>\n<li>Freiwillig, aber in einigen F\u00e4llen kann es erforderlich sein, einen Vertrag abzuschlie\u00dfen.<\/li>\n<\/ul>\n<ol start=\"4\">\n<li><strong>Die Auswirkung der Nichtbereitstellung von Daten:<\/strong><\/li>\n<\/ol>\n<p>Abh\u00e4ngig vom Zweck, f\u00fcr den die Daten bereitgestellt werden:<\/p>\n<ul>\n<li>Es ist nicht m\u00f6glich, sich im Store zu registrieren<\/li>\n<li>Keine M\u00f6glichkeit, die Dienste des Gesch\u00e4fts zu nutzen<\/li>\n<li>Keine M\u00f6glichkeit, im Gesch\u00e4ft einzukaufen<\/li>\n<\/ul>\n<h2>5. Bearbeitungszeit<\/h2>\n<p>Wir werden Ihre Daten nur f\u00fcr den Zeitraum verarbeiten, in dem wir eine Rechtsgrundlage daf\u00fcr haben, d. H. Bis:<\/p>\n<ul>\n<li>Wir haben keine rechtliche Verpflichtung mehr und verpflichten uns, Ihre Daten zu verarbeiten<\/li>\n<li>Die M\u00f6glichkeit, Anspr\u00fcche im Zusammenhang mit dem vom Gesch\u00e4ft durch die Parteien geschlossenen Gesch\u00e4ft geltend zu machen, erlischt<\/li>\n<li>Ihr Widerspruch gegen die Verarbeitung Ihrer personenbezogenen Daten wird akzeptiert - wenn die Grundlage f\u00fcr die Verarbeitung Ihrer Daten das berechtigte Interesse des Administrators war oder wenn die Daten f\u00fcr das Direktmarketing verarbeitet wurden.<\/li>\n<\/ul>\n<p>- je nachdem, was in einem bestimmten Fall gilt und was sp\u00e4testens passieren wird.<\/p>\n<h2>6. Datensicherheit<\/h2>\n<p>Bei der Verarbeitung Ihrer personenbezogenen Daten wenden wir organisatorische und technische Ma\u00dfnahmen gem\u00e4\u00df geltendem Recht an, einschlie\u00dflich der Verschl\u00fcsselung der Verbindung mit einem SSL-Zertifikat.<\/p>\n<ol start=\"7\">\n<li><strong>Ihre Berechtigungen<\/strong><\/li>\n<\/ol>\n<p>Sie haben das Recht zu verlangen:<\/p>\n<ul>\n<li>Zugriff auf Ihre pers\u00f6nlichen Daten<\/li>\n<li>sie zu korrigieren<\/li>\n<li>Entfernen<\/li>\n<li>Verarbeitungsbeschr\u00e4nkungen<\/li>\n<li>\u00dcbertragen von Daten an einen anderen Administrator<\/li>\n<\/ul>\n<p>Und auch das Gesetz:<\/p>\n<ul>\n<li>der Verarbeitung Ihrer Daten jederzeit widersprechen:\n<ul>\n<li>aus Gr\u00fcnden, die sich auf Ihre besondere Situation beziehen - auf die Verarbeitung personenbezogener Daten, die Sie betreffen, basierend auf Kunst. 6 Klausel 1 lit. f DSGVO (d. h. zu berechtigten Interessen des Administrators),<\/li>\n<li>wenn personenbezogene Daten zum Zwecke des Direktmarketings verarbeitet werden<\/li>\n<\/ul>\n<\/li>\n<\/ul>\n<p>Kontaktieren Sie uns, wenn Sie Ihre Rechte aus\u00fcben m\u00f6chten.<\/p>\n<p>Wenn Sie der Meinung sind, dass Ihre Daten rechtswidrig verarbeitet werden, k\u00f6nnen Sie eine Beschwerde bei der Aufsichtsbeh\u00f6rde einreichen.<\/p>\n<h2>1. Cookies<\/h2>\n<p>Unser Shop verwendet, wie die meisten Websites, sogenannte Cookies. Diese Dateien:<\/p>\n<ul>\n<li>werden im Speicher Ihres Ger\u00e4ts (Computer, Telefon usw.) gespeichert.<\/li>\n<li>Sie k\u00f6nnen unter anderem alle Funktionen des Stores nutzen<\/li>\n<li>\u00c4ndern Sie nicht die Einstellungen Ihres Ger\u00e4ts<\/li>\n<\/ul>\n<p>Mit den entsprechenden Optionen Ihres Browsers k\u00f6nnen Sie jederzeit:<\/p>\n<ul>\n<li>Cookies l\u00f6schen<\/li>\n<li>Blockieren Sie die Verwendung von Cookies in der Zukunft<\/li>\n<\/ul>\n<p>In diesem Shop werden Cookies verwendet, um:<\/p>\n<ul>\n<li>statistisch<\/li>\n<\/ul>\n<p>In der Hilfedatei Ihres Browsers erfahren Sie, wie Sie Cookies verwalten und in Ihrem Browser deaktivieren. Sie k\u00f6nnen die Informationen zu diesem Thema lesen, indem Sie die Taste F1 in Ihrem Browser dr\u00fccken. Je nach verwendetem Browser finden Sie auf den folgenden Unterseiten entsprechende Tipps: Wenn Sie die Verwendung von Cookies in Ihren Browsereinstellungen nicht deaktivieren, stimmen Sie deren Verwendung zu.<\/p>\n<p>Weitere Informationen zu Cookies finden Sie in <a href=\"https:\/\/pl.wikipedia.org\/wiki\/HTTP_cookie\">Wikipedia<\/a>.<\/p>\n<ol start=\"2\">\n<li><strong>Datenempf\u00e4nger, d. H. Externe Dienste <\/strong><\/li>\n<\/ol>\n<p>Wir nutzen die Dienste externer Stellen, an die Ihre Daten \u00fcbertragen werden k\u00f6nnen. Unten finden Sie eine Liste dieser Entit\u00e4ten:<\/p>\n<ul>\n<li>Unternehmen, das die Lieferung von Waren durchf\u00fchrt<\/li>\n<li>Zahlungsanbieter:\n<ul>\n<li>allegro<\/li>\n<\/ul>\n<\/li>\n<li>Buchhaltungsb\u00fcro<\/li>\n<\/ul>\n<h2>&nbsp;<\/h2>\n<h2>10. Wenden Sie sich an den Administrator<\/h2>\n<p>M\u00f6chten Sie Ihre Rechte in Bezug auf personenbezogene Daten aus\u00fcben?<\/p>\n<p>Oder m\u00f6chten Sie einfach nur nach etwas fragen, das mit unserer Datenschutzrichtlinie zusammenh\u00e4ngt?<\/p>\n<p>Schreiben Sie an die E-Mail-Adresse: <strong><a href=\"mailto:biuro@antykilion.pl\">biuro@antykilion.pl<\/a> oder 12337@wp.pl<\/strong><\/p>\n<p><\/p>\t\t\t\t\t\t<\/div>\n\t\t\t\t<\/div>\n\t\t\t\t\t<\/div>\n\t\t<\/div>\n\t\t\t\t\t<\/div>\n\t\t<\/section>\n\t\t\t\t<\/div>","protected":false},"excerpt":{"rendered":"<p>Polityka Prywatno\u015bci Jedna z najwi\u0119kszych galerii Antyk\u00f3w i Sztuki Informacje og\u00f3lne Administratorem danych osobowych zbieranych za po\u015brednictwem strony internetowej: antykilion.pl, jest &nbsp;Galeria Antyki i Sztuka Lion Jacek Myller pod wpisanym adresem Wejherowo 84-200 ul. Klasztorna 7, prowadz\u0105cy dzia\u0142alno\u015b\u0107 wpisan\u0105 do Centralnej Ewidencji i Informacji o Dzia\u0142alno\u015bci Gospodarczej Rzeczypospolitej Polskiej prowadzonej przez ministra w\u0142a\u015bciwego do spraw [&hellip;]<\/p>","protected":false},"author":2,"featured_media":0,"parent":0,"menu_order":0,"comment_status":"closed","ping_status":"closed","template":"elementor_header_footer","meta":{"footnotes":""},"class_list":["post-717","page","type-page","status-publish","hentry","entry","owp-thumbs-layout-horizontal","owp-btn-normal","owp-tabs-layout-horizontal","has-no-thumbnails","has-product-nav"],"aioseo_notices":[],"_links":{"self":[{"href":"https:\/\/antykilion.pl\/de\/wp-json\/wp\/v2\/pages\/717","targetHints":{"allow":["GET"]}}],"collection":[{"href":"https:\/\/antykilion.pl\/de\/wp-json\/wp\/v2\/pages"}],"about":[{"href":"https:\/\/antykilion.pl\/de\/wp-json\/wp\/v2\/types\/page"}],"author":[{"embeddable":true,"href":"https:\/\/antykilion.pl\/de\/wp-json\/wp\/v2\/users\/2"}],"replies":[{"embeddable":true,"href":"https:\/\/antykilion.pl\/de\/wp-json\/wp\/v2\/comments?post=717"}],"version-history":[{"count":0,"href":"https:\/\/antykilion.pl\/de\/wp-json\/wp\/v2\/pages\/717\/revisions"}],"wp:attachment":[{"href":"https:\/\/antykilion.pl\/de\/wp-json\/wp\/v2\/media?parent=717"}],"curies":[{"name":"wp","href":"https:\/\/api.w.org\/{rel}","templated":true}]}}