{"id":79,"date":"2019-12-31T12:25:20","date_gmt":"2019-12-31T11:25:20","guid":{"rendered":"https:\/\/antykilion.pl\/?page_id=79"},"modified":"2020-03-01T10:24:14","modified_gmt":"2020-03-01T09:24:14","slug":"regulamin","status":"publish","type":"page","link":"https:\/\/antykilion.pl\/de\/regulamin\/","title":{"rendered":"Vorschriften"},"content":{"rendered":"<div data-elementor-type=\"wp-page\" data-elementor-id=\"79\" class=\"elementor elementor-79\" data-elementor-post-type=\"page\">\n\t\t\t\t\t\t<section class=\"elementor-section elementor-top-section elementor-element elementor-element-74943b1 elementor-section-height-min-height elementor-section-boxed elementor-section-height-default elementor-section-items-middle\" data-id=\"74943b1\" data-element_type=\"section\" data-settings=\"{&quot;background_background&quot;:&quot;classic&quot;}\">\n\t\t\t\t\t\t\t<div class=\"elementor-background-overlay\"><\/div>\n\t\t\t\t\t\t\t<div class=\"elementor-container elementor-column-gap-no\">\n\t\t\t\t\t<div class=\"elementor-column elementor-col-100 elementor-top-column elementor-element elementor-element-972725c\" data-id=\"972725c\" data-element_type=\"column\">\n\t\t\t<div class=\"elementor-widget-wrap elementor-element-populated\">\n\t\t\t\t\t\t<div class=\"elementor-element elementor-element-3ce995b elementor-widget elementor-widget-heading\" data-id=\"3ce995b\" data-element_type=\"widget\" data-widget_type=\"heading.default\">\n\t\t\t\t<div class=\"elementor-widget-container\">\n\t\t\t<h1 class=\"elementor-heading-title elementor-size-default\">Gesch\u00e4ftsbestimmungen<\/h1>\t\t<\/div>\n\t\t\t\t<\/div>\n\t\t\t\t<div class=\"elementor-element elementor-element-d35da0f elementor-widget elementor-widget-text-editor\" data-id=\"d35da0f\" data-element_type=\"widget\" data-widget_type=\"text-editor.default\">\n\t\t\t\t<div class=\"elementor-widget-container\">\n\t\t\t\t\t\t\t<p>Eine der gr\u00f6\u00dften Galerien f\u00fcr Antiquit\u00e4ten und Kunst<\/p>\t\t\t\t\t\t<\/div>\n\t\t\t\t<\/div>\n\t\t\t\t\t<\/div>\n\t\t<\/div>\n\t\t\t\t\t<\/div>\n\t\t<\/section>\n\t\t\t\t<section class=\"elementor-section elementor-top-section elementor-element elementor-element-6121a11 elementor-section-boxed elementor-section-height-default elementor-section-height-default\" data-id=\"6121a11\" data-element_type=\"section\">\n\t\t\t\t\t\t<div class=\"elementor-container elementor-column-gap-default\">\n\t\t\t\t\t<div class=\"elementor-column elementor-col-100 elementor-top-column elementor-element elementor-element-68b94bd\" data-id=\"68b94bd\" data-element_type=\"column\">\n\t\t\t<div class=\"elementor-widget-wrap elementor-element-populated\">\n\t\t\t\t\t\t<div class=\"elementor-element elementor-element-db273eb elementor-widget elementor-widget-text-editor\" data-id=\"db273eb\" data-element_type=\"widget\" data-widget_type=\"text-editor.default\">\n\t\t\t\t<div class=\"elementor-widget-container\">\n\t\t\t\t\t\t\t<p>Wir haben ein station\u00e4res Gesch\u00e4ft, in dem Sie die angebotenen Waren direkt anzeigen und kaufen k\u00f6nnen und das unter dem Namen und der Adresse funktioniert:<\/p><p>Galerie Antiquit\u00e4ten und Kunst Lion Jacek Myller<\/p><p>Wejherowo 84-200<\/p><p>Ul. Klasztorna 7<\/p><p>F\u00fcr Vertr\u00e4ge, die nach diesem Datum abgeschlossen werden, gelten die Bestimmungen des Online-Shops antykilon.pl \u00fcber den Abschluss von Fernabsatzvertr\u00e4gen mit Verbrauchern und die Erbringung von Dienstleistungen - g\u00fcltig ab dem 01.02.2020.<\/p><p>1. UNTERNEHMENSINFORMATIONEN<\/p><p>Der Inhaber eines Online-Shops unter der Internetadresse http:\/\/antykilion.pl Galeria Antyki und Sztuki Lion Jacek Myller NIP 5881203242, REGON <strong>366629645<\/strong>. ; im Rest dieser Bestimmungen als Verk\u00e4ufer.<\/p><ol start=\"2\"><li>DEFINITIONEN<\/li><\/ol><p>1. Store - Online-Shop unter <a href=\"https:\/\/antykilon.pl\">https:\/\/antykilon.pl<\/a> \u00a0wird von Galeria Antyki i Sztuki Lion gef\u00fchrt und geh\u00f6rt ihr.<\/p><p>2. K\u00e4ufer - Verbraucher im Sinne von Kunst. 22 [1] des B\u00fcrgerlichen Gesetzbuches unter Inanspruchnahme der Dienste des Verk\u00e4ufers Waren zu den in diesen Verordnungen festgelegten Bedingungen kaufen.<\/p><p>3. Bestellung - Absichtserkl\u00e4rung des K\u00e4ufers, auf deren Grundlage er vom Verk\u00e4ufer angebotene Waren kauft. Der Auftrag enth\u00e4lt alle detaillierten Informationen, die seine Umsetzung erm\u00f6glichen.<\/p><p>4. Waren - bewegliches Verm\u00f6gen, das unter den Kaufvertrag f\u00e4llt.<\/p><p>5. Kaufvertrag - Ein Kaufvertrag im Sinne des B\u00fcrgerlichen Gesetzbuchs, der zwischen dem Verk\u00e4ufer und dem K\u00e4ufer im Gesch\u00e4ft geschlossen wird.<\/p><p>6. Gro\u00dfe Sendung - ein Paket mit einem Gewicht von mehr als 20 Kilogramm oder ein Paket<\/p><p>7. H\u00f6here Gewalt - ein von den Parteien unabh\u00e4ngiges externes Ereignis, das unerwartet und unm\u00f6glich zu vermeiden oder zu verhindern ist (z. B. Streiks, Kriege, Unruhen, soziale Unruhen, \u00dcberschwemmungen, Br\u00e4nde, Tornados).<\/p><p>8. Gesetz \u00fcber Verbraucherrechte - Gesetz vom 30. Mai 2014 \u00fcber Verbraucherrechte (Journal of Laws von 2014, Punkt 827).<\/p><p>9. B\u00fcrgerliches Gesetzbuch - Gesetz vom 23. April 1964 - B\u00fcrgerliches Gesetzbuch (Journal of Laws von 2014, Punkt 121).<\/p><ol start=\"3\"><li>ALLGEMEINE BESTIMMUNGEN<\/li><\/ol><p>1. Diese Bestimmungen enthalten die Bedingungen f\u00fcr die Verwendung des K\u00e4ufers durch den K\u00e4ufer zum Kauf von Artikeln auf der Website des Gesch\u00e4fts sowie von Waren, die nicht im Angebot des Gesch\u00e4fts enthalten sind und dem K\u00e4ufer nach vorheriger Absprache per E-Mail oder in einer anderen Form geliefert werden k\u00f6nnen Schreiben. Die Bestimmungen legen auch die Rechte und Pflichten sowie die Haftungsbedingungen des Verk\u00e4ufers und des K\u00e4ufers fest. Die Vorschriften sind auf der Website verf\u00fcgbar: antykilion.pl. Bevor der K\u00e4ufer den Vertrag abschlie\u00dft oder ein Konto erstellt, liest er die Bestimmungen und best\u00e4tigt die Annahme seiner Bestimmungen, indem er das entsprechende K\u00e4stchen auf dem Formular bei der Bestellung aktiviert.<\/p><ol start=\"4\"><li>TECHNISCHE ANFORDERUNGEN UND RESERVIERUNGEN<\/li><\/ol><p>1. Internetverbindung<\/p><p>2. Der Verk\u00e4ufer sammelt keine Daten automatisch, mit Ausnahme der Daten, die w\u00e4hrend der Nutzung des Shops in Cookies enthalten sind.<\/p><p>3. Der Verk\u00e4ufer beh\u00e4lt sich das Recht vor, den Betrieb des Gesch\u00e4fts vor\u00fcbergehend auszusetzen, und das Recht auf andere Unterbrechungen des Zugangs zum Gesch\u00e4ft (insbesondere zu den pr\u00e4sentierten Waren), die insbesondere aufgrund der Notwendigkeit verursacht werden<\/p><p>Wartung, Reparatur des Systems oder Aktualisierung der Preise und Beschreibungen der im Gesch\u00e4ft angebotenen Waren.<\/p><p>4. Der Verk\u00e4ufer haftet nicht f\u00fcr Probleme, die sich aus der fehlerhaften oder fehlerhaften Eingabe personenbezogener Daten durch den K\u00e4ufer ergeben<\/p><p>\u25e6 Wenn ein berechtigtes Risiko besteht oder festgestellt wird, dass das Konto von einer Person registriert wurde, die falsche Angaben gemacht hat, kann der Verk\u00e4ufer das Konto sperren. Der K\u00e4ufer wird per E-Mail \u00fcber solche Ma\u00dfnahmen informiert. Die Wiederaufnahme der Kontoaktivit\u00e4t kann davon abh\u00e4ngen, dass der K\u00e4ufer Ma\u00dfnahmen zur Kl\u00e4rung oder Entfernung falscher Daten ergreift.<\/p><p>\u25e6 Der K\u00e4ufer verpflichtet sich, die Website des Gesch\u00e4fts so zu nutzen, dass deren Funktion nicht beeintr\u00e4chtigt wird<\/p><p>Der K\u00e4ufer erkl\u00e4rt sich mit der Verarbeitung seiner personenbezogenen Daten zum Zwecke der Bestellung und Registrierung im Online-Shop einverstanden (gem\u00e4\u00df Gesetz vom 25. Mai 2018 zum Schutz personenbezogener Daten; konsolidierter Text: Journal of Laws 2018 Punkt 1000).<\/p><ol start=\"5\"><li>WARENPREIS UND ZAHLUNGSFORMULARE<\/li><\/ol><p>1. Alle im Store angegebenen Preise sind in polnischen Zloty (PLN) angegeben und enthalten die gesetzliche Mehrwertsteuer.<\/p><p>2. Die Preise enthalten keine Versandkosten. Die Versandkosten werden als separater Artikel in der Bestell\u00fcbersicht (Warenkorbwert) hinzugef\u00fcgt. Informationen zum Versandpreis erhalten Sie nach vorheriger Absprache zwischen K\u00e4ufer und Gesch\u00e4ft.<\/p><p>3. Die im Store angegebenen Preise sind verbindlich, wenn Sie die Bestellung \u00fcber die Website aufgeben <a href=\"https:\/\/antykilion.pl\/de\/\">https:\/\/antykilion.pl<\/a><\/p><p>Payu ist das Unternehmen, das Online-Zahlungsdienste anbietet. Die Zahlung f\u00fcr die bestellte Ware kann erfolgen:<\/p><p>\u25aa Nutzung elektronischer Zahlungskan\u00e4le im Rahmen des PayU-Dienstes<\/p><p>Mit Hilfe von Visa, Visa Electron, MasterCard, MasterCard Electronic, Maestro und blik Zahlungskarten<\/p><p>\u25aa oder direkte Zahlung auf das Konto von Galeria Antyki i Sztuki Lion<\/p><p>Mllenium Bank<\/p><p>14 1160 2202 0000 0003 2123 8265<\/p><p>6. Keine Zahlung des Bestellpreises nach 4 Werktagen ab dem Tag der Bestellung ist gleichbedeutend mit einem R\u00fccktritt von der Bestellung. Nach dem angegebenen Datum storniert der Verk\u00e4ufer die Bestellung.<\/p><ol start=\"6\"><li><p>Buchung<\/p><p>Der Kunde kann einen Artikel im Online Store antykilion.pl buchen. Wenden Sie sich dazu an das Gesch\u00e4ft, um festzustellen, welcher Artikel der Reservierung unterliegt. F\u00fcr jede Reservierung wird eine Geb\u00fchr von 300 PLN erhoben. Die Buchungszeit betr\u00e4gt 7 Tage. Die Best\u00e4tigung der vom Kunden geleisteten Zahlung und ein Scan der Zahlung an die Firma Antyki i Sztuki Lion Jacek Myller gelten als wirksam.<br \/>Der reservierte Artikel ist im Online-Shop antykilion.pl gekennzeichnet und kann von anderen Kunden f\u00fcr einen Zeitraum von 7 Tagen nicht gekauft werden. <br \/>Wenn der Kunde, der den Zahlungsgegenstand gebucht hat, den fehlenden Betrag, gefolgt vom Kauf des Artikels, nicht innerhalb von 7 Tagen nach Buchung des Artikels macht, verf\u00e4llt die Reservierung und damit der Betrag, den der Kunde gezahlt hat, der die Vorauszahlung geleistet hat. In diesem Fall verliert der Artikel seinen reservierten Status und wird im Online-Shop antykilion.pl auf den Markt gebracht.\u00a0<\/p><\/li><li>BESTELLUNGEN<\/li><\/ol><p>1. Der K\u00e4ufer kann eine Bestellung \u00fcber die Website aufgeben: https:\/\/antykilion.pl;<\/p><p>2. Die Best\u00e4tigung der Bestellung des K\u00e4ufers erfolgt \u00fcber die Schaltfl\u00e4che &quot;Bestellung mit Zahlungsverpflichtung&quot;. Der K\u00e4ufer erh\u00e4lt eine E-Mail mit der Best\u00e4tigung der Bestellung.<\/p><p>3. Nachdem der K\u00e4ufer die oben genannte Bestellung per E-Mail angenommen hat, erh\u00e4lt der K\u00e4ufer eine E-Mail-Nachricht, dass die Bestellung im Gesch\u00e4ft aufgegeben wurde<\/p><p>4. Der K\u00e4ufer kann \u00c4nderungen an der Bestellung vornehmen, bis das Verkaufsbest\u00e4tigungsdokument ausgestellt wird. Der K\u00e4ufer kann die aufgegebene Bestellung bis zum Versand vollst\u00e4ndig zur\u00fcckziehen.<\/p><p>5. Falls nicht gen\u00fcgend Daten erforderlich sind, um den Bestellabwicklungsprozess zu starten, wird die Bestellung erst verarbeitet, wenn die Daten abgeschlossen sind, mit der Ma\u00dfgabe, dass die Bestellung fehlschl\u00e4gt, wenn der K\u00e4ufer den Service des Gesch\u00e4fts nicht innerhalb von 2 Werktagen kontaktiert oder Versuche, den K\u00e4ufer zu kontaktieren, fehlschlagen abgebrochen.<\/p><p>6. Bei Online-Zahlung beginnt die Annahme der Bestellung durch den Verk\u00e4ufer, wenn der Preis der Bestellung auf dem Bankkonto des Gesch\u00e4fts der Zusammenfassung der Bestellung gutgeschrieben wird.<\/p><p>7. Kann die Bestellung des K\u00e4ufers nicht bearbeitet werden (Nichtverf\u00fcgbarkeit der bestellten Ware), wird der K\u00e4ufer unverz\u00fcglich dar\u00fcber informiert.<\/p><p>8. Ist die Ware vor\u00fcbergehend nicht verf\u00fcgbar, informiert der Verk\u00e4ufer den K\u00e4ufer \u00fcber die verl\u00e4ngerte Lieferzeit der nicht verf\u00fcgbaren Ware; In diesem Fall kann sich die Dauer der Bestellung \u00e4ndern.<\/p><p>9. Im Falle der Nichtverf\u00fcgbarkeit einiger der von der Bestellung abgedeckten Waren wird der K\u00e4ufer \u00fcber den Status der Bestellung informiert und entscheidet, wie diese ausgef\u00fchrt werden soll (teilweise Ausf\u00fchrung oder Stornierung der gesamten Bestellung).<\/p><p>10. Wenn die Waren aufgrund von Umst\u00e4nden, die au\u00dferhalb der Kontrolle des Verk\u00e4ufers liegen, \u00fcberhaupt nicht verf\u00fcgbar sind, kann der K\u00e4ufer eine Bestellung f\u00fcr andere Waren aus dem Angebot des Gesch\u00e4fts aufgeben oder eine R\u00fcckerstattung des bereits gezahlten Preises erhalten. Wenn ein anderes Produkt ausgew\u00e4hlt wird, wird der zuvor f\u00fcr das nicht verf\u00fcgbare Produkt gezahlte Preis ordnungsgem\u00e4\u00df abgerechnet und der K\u00e4ufer erh\u00e4lt eine R\u00fcckerstattung der Preisdifferenz oder zahlt dem Verk\u00e4ufer den Betrag, der der fehlende Teil des Preises des neu ausgew\u00e4hlten Produkts ist.<\/p><p>8. BESTELLUNG DER UMSETZUNG<\/p><p>1. Der Verk\u00e4ufer wird alle Anstrengungen unternehmen, um den K\u00e4ufer \u00fcber den voraussichtlichen Liefertermin auf dem Laufenden zu halten.<\/p><p>2. Der Zeitpunkt der Bestellung wird ab dem Zeitpunkt festgelegt, an dem der Verk\u00e4ufer die Zahlung f\u00fcr die Bestellung erh\u00e4lt und dem Konto des Unternehmens gutschreibt.<\/p><p>3. F\u00fcr jede Bestellung wird eine Rechnung mit Mehrwertsteuerspanne ausgestellt.<\/p><p>9. Lieferung<\/p><p>1. Lieferungen von im Gesch\u00e4ft verpackten Waren erfolgen nach vorheriger Absprache per Telefon oder E-Mail im ganzen Land oder in der Europ\u00e4ischen Union.<\/p><p>2. Der Versand von Waren f\u00fcr kleinere Waren erfolgt per Kurier.<\/p><ol start=\"3\"><li>Gro\u00dfe Waren, z. B. M\u00f6bel, werden unter Verwendung externer Frachtunternehmen versandt<\/li><\/ol><p>4. Die Betr\u00e4ge f\u00fcr Kurierdienste sind Bruttobetr\u00e4ge.<\/p><p>5. Der Erhalt eines Pakets von einem Kurier muss durch eine schriftliche Quittung best\u00e4tigt werden<\/p><p>6. Beim Abholen des Pakets sollte der K\u00e4ufer das Paket \u00fcberpr\u00fcfen.<\/p><p>7. Der Verk\u00e4ufer haftet nicht f\u00fcr die Nichtlieferung von Waren oder Lieferverz\u00f6gerungen, die durch eine ungenaue oder falsche Adresse verursacht werden, die der K\u00e4ufer in der Bestellung angegeben hat.<\/p><p>8. Das Widerrufsrecht aus einer Vereinbarung (R\u00dcCKGABE) gilt nur f\u00fcr den Online-Shop.<\/p><ol start=\"9\"><li>Der Verbraucher hat das Recht, innerhalb von 14 Tagen ohne Angabe von Gr\u00fcnden \u00fcber den Online-Shop \u00fcber den Online-Shop vom mit dem Verk\u00e4ufer geschlossenen Vertrag zur\u00fcckzutreten.<\/li><li>Die Frist zum R\u00fccktritt vom Vertrag endet nach 14 Tagen ab dem Tag, an dem der Verbraucher in den Besitz der Ware gelangt ist oder an dem ein anderer als der Bef\u00f6rderer angegebener Dritter in den Besitz der Ware gelangt ist.<\/li><li>Damit der Verbraucher das Recht zum R\u00fccktritt vom Vertrag aus\u00fcben kann, muss er den Verk\u00e4ufer telefonisch und zus\u00e4tzlich per E-Mail informieren.<\/li><li>Die R\u00fccksendung der Ware muss vor Ablauf der Frist zum R\u00fccktritt vom Vertrag und zur Unversehrtheit der Ware erfolgen. Im Falle von Verst\u00f6\u00dfen oder Sch\u00e4den an der Ware erstattet der Online-Shop kein Geld f\u00fcr die zur\u00fcckgesandte Ware.<\/li><\/ol><p>13. Das Gesch\u00e4ft tr\u00e4gt auch keine Kosten im Zusammenhang mit dem Versand von Waren.<\/p><p>14. Das Recht zum R\u00fccktritt von einem Fernabsatzvertrag steht einem anderen Unternehmen als dem Verbraucher nicht zu.<\/p><p>15. Bestellungen k\u00f6nnen im Gesch\u00e4ft von antiquilio.pl aufgegeben werden, sofern diese Bestimmungen akzeptiert werden.<\/p><p>\u00a0<\/p><p><strong>\u00a0<\/strong><\/p>\t\t\t\t\t\t<\/div>\n\t\t\t\t<\/div>\n\t\t\t\t\t<\/div>\n\t\t<\/div>\n\t\t\t\t\t<\/div>\n\t\t<\/section>\n\t\t\t\t<\/div>","protected":false},"excerpt":{"rendered":"<p>Regulamin Sklepu Jedna z najwi\u0119kszych galerii Antyk\u00f3w i Sztuki Posiadamy sklep stacjonarny, gdzie mo\u017cna bezpo\u015brednio obejrze\u0107 \u00a0i zakupi\u0107 oferowany towar, funkcjonuj\u0105cy pod nazw\u0105 i adresem: Galeria Antyki I Sztuka Lion Jacek Myller Wejherowo 84-200 Ul. Klasztorna 7 Regulamin sklepu internetowego antykilon.pl, dotycz\u0105cy zawierania z konsumentami na odleg\u0142o\u015b\u0107 um\u00f3w sprzeda\u017cy towar\u00f3w oraz \u015bwiadczenia us\u0142ug &#8211; obowi\u0105zuj\u0105cy [&hellip;]<\/p>","protected":false},"author":2,"featured_media":0,"parent":0,"menu_order":0,"comment_status":"closed","ping_status":"closed","template":"elementor_header_footer","meta":{"footnotes":""},"class_list":["post-79","page","type-page","status-publish","hentry","entry","owp-thumbs-layout-horizontal","owp-btn-normal","owp-tabs-layout-horizontal","has-no-thumbnails","has-product-nav"],"aioseo_notices":[],"_links":{"self":[{"href":"https:\/\/antykilion.pl\/de\/wp-json\/wp\/v2\/pages\/79","targetHints":{"allow":["GET"]}}],"collection":[{"href":"https:\/\/antykilion.pl\/de\/wp-json\/wp\/v2\/pages"}],"about":[{"href":"https:\/\/antykilion.pl\/de\/wp-json\/wp\/v2\/types\/page"}],"author":[{"embeddable":true,"href":"https:\/\/antykilion.pl\/de\/wp-json\/wp\/v2\/users\/2"}],"replies":[{"embeddable":true,"href":"https:\/\/antykilion.pl\/de\/wp-json\/wp\/v2\/comments?post=79"}],"version-history":[{"count":0,"href":"https:\/\/antykilion.pl\/de\/wp-json\/wp\/v2\/pages\/79\/revisions"}],"wp:attachment":[{"href":"https:\/\/antykilion.pl\/de\/wp-json\/wp\/v2\/media?parent=79"}],"curies":[{"name":"wp","href":"https:\/\/api.w.org\/{rel}","templated":true}]}}