{"id":1004,"date":"2020-02-03T08:30:52","date_gmt":"2020-02-03T07:30:52","guid":{"rendered":"https:\/\/antykilion.pl\/?post_type=product&#038;p=1004"},"modified":"2021-09-03T14:16:38","modified_gmt":"2021-09-03T12:16:38","slug":"komoda-klasycystyczna-2-polowa-xviii-wieku","status":"publish","type":"product","link":"https:\/\/antykilion.pl\/de\/product\/komoda-klasycystyczna-2-polowa-xviii-wieku\/","title":{"rendered":"Klassische Kommode 2. H\u00e4lfte des 18. Jahrhunderts"},"content":{"rendered":"","protected":false},"excerpt":{"rendered":"<p>Klassische Kommode aus der zweiten H\u00e4lfte des 18. Jahrhunderts, mit geraden Seiten, vorderen und geschnittenen vorderen Ecken, mit verl\u00e4ngerter Oberseite, drei Schubladen, auf Konsolenbeinen gest\u00fctzt, furniert, verziert mit eingelegten Adern, die rechteckige Felder auf den Schubladenfl\u00e4chen bilden.<br \/>\nEin M\u00f6belst\u00fcck in klassischer Form, handgefertigt, in sehr gutem Zustand.<br \/>\nEschenfurnier und andere Baumarten, Originalburgen aus dem 18. Jahrhundert. Barockgriffe und Schilder aus vergoldeter Bronze.<br \/>\nZustand: sehr gut<br \/>\nAbmessungen: L\u00e4nge 105 cm, Tiefe 57 cm, H\u00f6he 79 cm.<\/p>","protected":false},"featured_media":996,"comment_status":"closed","ping_status":"closed","template":"","meta":[],"product_cat":[26,17],"product_tag":[],"class_list":{"0":"post-1004","1":"product","2":"type-product","3":"status-publish","4":"has-post-thumbnail","6":"product_cat-komody","7":"product_cat-meble","9":"entry","10":"has-media","12":"first","13":"instock","14":"taxable","15":"shipping-taxable","16":"purchasable","17":"product-type-simple","18":"has-product-nav","19":"col","20":"span_1_of_3","21":"owp-content-center","22":"owp-thumbs-layout-horizontal","23":"owp-btn-normal","24":"owp-tabs-layout-horizontal"},"aioseo_notices":[],"_links":{"self":[{"href":"https:\/\/antykilion.pl\/de\/wp-json\/wp\/v2\/product\/1004","targetHints":{"allow":["GET"]}}],"collection":[{"href":"https:\/\/antykilion.pl\/de\/wp-json\/wp\/v2\/product"}],"about":[{"href":"https:\/\/antykilion.pl\/de\/wp-json\/wp\/v2\/types\/product"}],"replies":[{"embeddable":true,"href":"https:\/\/antykilion.pl\/de\/wp-json\/wp\/v2\/comments?post=1004"}],"wp:featuredmedia":[{"embeddable":true,"href":"https:\/\/antykilion.pl\/de\/wp-json\/wp\/v2\/media\/996"}],"wp:attachment":[{"href":"https:\/\/antykilion.pl\/de\/wp-json\/wp\/v2\/media?parent=1004"}],"wp:term":[{"taxonomy":"product_cat","embeddable":true,"href":"https:\/\/antykilion.pl\/de\/wp-json\/wp\/v2\/product_cat?post=1004"},{"taxonomy":"product_tag","embeddable":true,"href":"https:\/\/antykilion.pl\/de\/wp-json\/wp\/v2\/product_tag?post=1004"}],"curies":[{"name":"wp","href":"https:\/\/api.w.org\/{rel}","templated":true}]}}