{"id":10047,"date":"2025-10-05T18:13:38","date_gmt":"2025-10-05T16:13:38","guid":{"rendered":"https:\/\/antykilion.pl\/?post_type=product&#038;p=10047"},"modified":"2025-10-05T18:13:38","modified_gmt":"2025-10-05T16:13:38","slug":"doktor-i-pacjentka-z-fajka-quiringh-gerritsz-van-brekelenkam-xvii-w","status":"publish","type":"product","link":"https:\/\/antykilion.pl\/de\/product\/doktor-i-pacjentka-z-fajka-quiringh-gerritsz-van-brekelenkam-xvii-w\/","title":{"rendered":"Doktor i pacjentka z fajk\u0105 \u00a0Quiringh Gerritsz. van Brekelenkam XVII w"},"content":{"rendered":"","protected":false},"excerpt":{"rendered":"<p>Doktor i pacjentka z fajk\u0105 \u00a0Quiringh Gerritsz. van Brekelenkam XVII w<\/p>\n<p>Quirijn lub Quiringh Gerritsz. van Brekelenkam (ur. po 1622 w Zwammerdam k. Lejdy, zm. ok. 1668 w Lejdzie) \u2013 holenderski malarz okresu baroku.<\/p>\n<p>Lebenslauf<\/p>\n<p>Niewiele wiadomo o jego \u017cyciu. Prawdopodobnie wi\u0119ksz\u0105 jego cz\u0119\u015b\u0107 sp\u0119dzi\u0142 w Lejdzie. Ucze\u0144 Gerarda Dou. W 1648 by\u0142 wsp\u00f3\u0142za\u0142o\u017cycielem gildii \u015bw. \u0141ukasza w Lejdzie[1].<\/p>\n<p>Uprawia\u0142 malarstwo rodzajowe, przedstawia\u0142 rzemie\u015blnik\u00f3w przy pracy oraz wn\u0119trza ch\u0142opskich i mieszcza\u0144skich dom\u00f3w. Tworzy\u0142 pod wp\u0142ywem swojego nauczyciela, a w p\u00f3\u017aniejszym okresie Gabri\u00ebla Metsu.<\/p>\n<p>W Muzeum Narodowym w Warszawie znajduj\u0105 si\u0119 dwa obrazy przypisywane Brekelenkamowi, Kobieta oprawiaj\u0105ca ryby i Scena rodzinna.<\/p>\n<p>Wybrane dzie\u0142a<\/p>\n<p>Kobieta czesz\u0105ca ch\u0142opca (1648) \u2013 Lejda, Stedelijk Museum De Lakenhal,<\/p>\n<p>M\u0119\u017cczyzna przygotowuj\u0105cy posi\u0142ek (3 \u0107wier\u0107 XVII w.) &#8211; Krak\u00f3w, Zamek Kr\u00f3lewski na Wawelu<\/p>\n<p>Martwa natura z rybami i ostrygami (1660) \u2013 Berlin, Gemaeldegalerie,<\/p>\n<p>M\u0142oda kobieta przy ko\u0142owrotku (1667) \u2013 Berlin, Gemaeldegalerie,<\/p>\n<p>Pracownia krawiecka (1661) \u2013 Amsterdam, Rijksmuseum,<\/p>\n<p>Prz\u0105dka (1669) \u2013 Budapeszt, Muzeum Sztuk Pi\u0119knych,<\/p>\n<p>Sprzedaj\u0105ca owoce (1661) \u2013 Berlin, Gemaeldegalerie,<\/p>\n<p>Staruszka \u2013 Madryt, Prado,<\/p>\n<p>Wn\u0119trze krawieckiego sklepu (1653) \u2013 Worcester, Art. Museum,<\/p>\n<p>Wn\u0119trze z dwoma m\u0119\u017cczyznami przy kominku (1664) \u2013 Amsterdam, Rijksmuseum,<\/p>\n<p>Wytworna rozmowa (ok. 1663) \u2013 Nowy Jork, Metropolitan Museum of Art.<\/p>\n<p>Przypisy<\/p>\n<p>Quiringh van Brekelenkam [online], RKD \u2013 Netherlands Institute for Art History [dost\u0119p 2024-04-08] (ang. \u2022 niderl.).<\/p>\n<p>Bibliografia<\/p>\n<p>Robert Genaille, Maciej Monkiewicz, Antoni Ziemba: Encyklopedia malarstwa flamandzkiego i holenderskiego, Warszawa: Wydawnictwa Artystyczne i Filmowe; Wydawnictwo Naukowe PWN, 2001. ISBN 83-221-0686-6.<\/p>\n<p>Janina Micha\u0142kowa [red.]: Holenderskie i flamandzkie malarstwo rodzajowe XVII wieku. Warszawa: Wydawnictwo Sztuka, 1955, s. 20-22.<\/p>\n<p>Technika: olej deska<\/p>\n<p>Zustand: sehr gut<\/p>\n<p>Sygnatura: zapiski z ty\u0142u deski dodatkowo piecz\u0119\u0107 lakowa herbowa niestety nie znale\u017ali\u015bmy wyra\u017anej<\/p>\n<p>sygnatury na awersie<\/p>\n<p>Wymiary: p\u0142\u00f3tno 37 cm na 33 cm, z ram\u0105 to oko\u0142o\u00a0 57 cm\u00a0 na\u00a0 53 cm<\/p>\n<p>Herkunft: Europa<\/p>\n<p>Do ka\u017cdego przedmiotu Galeria wystawia certyfikat.<\/p>","protected":false},"featured_media":10048,"comment_status":"closed","ping_status":"closed","template":"","meta":[],"product_cat":[41,39,40],"product_tag":[],"class_list":{"0":"post-10047","1":"product","2":"type-product","3":"status-publish","4":"has-post-thumbnail","6":"product_cat-malarstwo-dawne","7":"product_cat-dziela-sztuki","8":"product_cat-malarstwo","10":"entry","11":"has-media","13":"first","14":"instock","15":"taxable","16":"shipping-taxable","17":"purchasable","18":"product-type-simple","19":"has-product-nav","20":"col","21":"span_1_of_3","22":"owp-content-center","23":"owp-thumbs-layout-horizontal","24":"owp-btn-normal","25":"owp-tabs-layout-horizontal"},"aioseo_notices":[],"_links":{"self":[{"href":"https:\/\/antykilion.pl\/de\/wp-json\/wp\/v2\/product\/10047","targetHints":{"allow":["GET"]}}],"collection":[{"href":"https:\/\/antykilion.pl\/de\/wp-json\/wp\/v2\/product"}],"about":[{"href":"https:\/\/antykilion.pl\/de\/wp-json\/wp\/v2\/types\/product"}],"replies":[{"embeddable":true,"href":"https:\/\/antykilion.pl\/de\/wp-json\/wp\/v2\/comments?post=10047"}],"wp:featuredmedia":[{"embeddable":true,"href":"https:\/\/antykilion.pl\/de\/wp-json\/wp\/v2\/media\/10048"}],"wp:attachment":[{"href":"https:\/\/antykilion.pl\/de\/wp-json\/wp\/v2\/media?parent=10047"}],"wp:term":[{"taxonomy":"product_cat","embeddable":true,"href":"https:\/\/antykilion.pl\/de\/wp-json\/wp\/v2\/product_cat?post=10047"},{"taxonomy":"product_tag","embeddable":true,"href":"https:\/\/antykilion.pl\/de\/wp-json\/wp\/v2\/product_tag?post=10047"}],"curies":[{"name":"wp","href":"https:\/\/api.w.org\/{rel}","templated":true}]}}