{"id":10059,"date":"2025-10-05T18:39:26","date_gmt":"2025-10-05T16:39:26","guid":{"rendered":"https:\/\/antykilion.pl\/?post_type=product&#038;p=10059"},"modified":"2025-10-06T13:40:21","modified_gmt":"2025-10-06T11:40:21","slug":"portret-mlodej-damy-w-czerwonej-sukni-xix-w-okolo-1820-30-r-z-dworu-kluvensiek","status":"publish","type":"product","link":"https:\/\/antykilion.pl\/de\/product\/portret-mlodej-damy-w-czerwonej-sukni-xix-w-okolo-1820-30-r-z-dworu-kluvensiek\/","title":{"rendered":"Portret m\u0142odej damy w czerwonej sukni XIX w oko\u0142o 1820\/30 r z dworu Kluvensiek"},"content":{"rendered":"","protected":false},"excerpt":{"rendered":"<p>Portret m\u0142odej damy w czerwonej sukni XIX w oko\u0142o 1820\/30 r z dworu Kluvensiek<\/p>\n<p>Presti\u017cowy, artystycznie wysokiej jako\u015bci, subtelnie charakteryzowany portret bogatej damy z ciemnymi w\u0142osami upi\u0119tymi i podtrzymywanymi per\u0142owym pier\u015bcionkiem, na tle pejza\u017cu<\/p>\n<p>Technik: \u00d6l auf Leinwand<\/p>\n<p>Stan: bardzo dobry, dawna konserwacja, p\u0142\u00f3tno dublowane<\/p>\n<p>Sygnatura: nie stwierdzono<\/p>\n<p>Wymiary: p\u0142\u00f3tno 61 cm na 74 cm, z ram\u0105 to oko\u0142o\u00a0 71 cm\u00a0 na\u00a0 94 cm<\/p>\n<p>Pochodzenie: Dw\u00f3r Kluvensiek<\/p>\n<p>Do ka\u017cdego przedmiotu Galeria wystawia certyfikat.<\/p>","protected":false},"featured_media":10060,"comment_status":"closed","ping_status":"closed","template":"","meta":[],"product_cat":[41,39,40],"product_tag":[],"class_list":{"0":"post-10059","1":"product","2":"type-product","3":"status-publish","4":"has-post-thumbnail","6":"product_cat-malarstwo-dawne","7":"product_cat-dziela-sztuki","8":"product_cat-malarstwo","10":"entry","11":"has-media","13":"first","14":"instock","15":"taxable","16":"shipping-taxable","17":"purchasable","18":"product-type-simple","19":"has-product-nav","20":"col","21":"span_1_of_3","22":"owp-content-center","23":"owp-thumbs-layout-horizontal","24":"owp-btn-normal","25":"owp-tabs-layout-horizontal"},"aioseo_notices":[],"_links":{"self":[{"href":"https:\/\/antykilion.pl\/de\/wp-json\/wp\/v2\/product\/10059","targetHints":{"allow":["GET"]}}],"collection":[{"href":"https:\/\/antykilion.pl\/de\/wp-json\/wp\/v2\/product"}],"about":[{"href":"https:\/\/antykilion.pl\/de\/wp-json\/wp\/v2\/types\/product"}],"replies":[{"embeddable":true,"href":"https:\/\/antykilion.pl\/de\/wp-json\/wp\/v2\/comments?post=10059"}],"wp:featuredmedia":[{"embeddable":true,"href":"https:\/\/antykilion.pl\/de\/wp-json\/wp\/v2\/media\/10060"}],"wp:attachment":[{"href":"https:\/\/antykilion.pl\/de\/wp-json\/wp\/v2\/media?parent=10059"}],"wp:term":[{"taxonomy":"product_cat","embeddable":true,"href":"https:\/\/antykilion.pl\/de\/wp-json\/wp\/v2\/product_cat?post=10059"},{"taxonomy":"product_tag","embeddable":true,"href":"https:\/\/antykilion.pl\/de\/wp-json\/wp\/v2\/product_tag?post=10059"}],"curies":[{"name":"wp","href":"https:\/\/api.w.org\/{rel}","templated":true}]}}