{"id":10061,"date":"2025-10-05T19:50:31","date_gmt":"2025-10-05T17:50:31","guid":{"rendered":"https:\/\/antykilion.pl\/?post_type=product&#038;p=10061"},"modified":"2025-10-05T19:50:32","modified_gmt":"2025-10-05T17:50:32","slug":"anton-rafael-mengs-jego-krag-mezczyzna-w-berecie-i-z-gesim-piorem-xviii-w","status":"publish","type":"product","link":"https:\/\/antykilion.pl\/de\/product\/anton-rafael-mengs-jego-krag-mezczyzna-w-berecie-i-z-gesim-piorem-xviii-w\/","title":{"rendered":"Anton Rafael Mengs, jego kr\u0105g, M\u0119\u017cczyzna w berecie i z g\u0119sim pi\u00f3rem XVIII w"},"content":{"rendered":"","protected":false},"excerpt":{"rendered":"<p>Anton Rafael Mengs, jego kr\u0105g, M\u0119\u017cczyzna w berecie i z g\u0119sim pi\u00f3rem XVIII w<\/p>\n<p>Anton Raphael Mengs\u00a0(ur.\u00a012 marca\u00a01728\u00a0w\u00a0U\u015bciu nad \u0141ab\u0105, zm.\u00a029 czerwca\u00a01779\u00a0w\u00a0Rzymie) \u2013 niemiecki malarz i teoretyk sztuki.<\/p>\n<p>Tworzy\u0142 w Rzymie,\u00a0Madrycie\u00a0i\u00a0Saksonii. Jeden z prekursor\u00f3w\u00a0neoklasycyzmu\u00a0w malarstwie. By\u0142 jednym z najwa\u017cniejszych reprezentant\u00f3w\u00a0Akademii \u015awi\u0119tego \u0141ukasza\u00a0(jedna z najstarszych akademii malarstwa, rze\u017aby i architektury we W\u0142oszech)[1].<\/p>\n<p>Lebenslauf<\/p>\n<p>Urodzi\u0142 si\u0119 w\u00a0U\u015bciu nad \u0141ab\u0105\u00a0w\u00a0Czechach\u00a0(niem.\u00a0Aussig an der Elbe). Jego ojcem by\u0142\u00a0Ismael Mengs, pochodz\u0105cy z\u00a0\u0141u\u017cyc\u00a0(ale urodzony w\u00a0Kopenhadze) malarz\u00a0miniatur\u00a0\u017cydowskiego\u00a0pochodzenia, kt\u00f3ry by\u0142 jego pierwszym, surowym i czasem despotycznym nauczycielem. Ojciec kszta\u0142ci\u0142 tak\u017ce c\u00f3rki, odnosz\u0105c\u0105 sukcesy\u00a0Teres\u0119 Concordi\u0119\u00a0(1725\u20131806) i Juli\u0119.<\/p>\n<p>M\u0142ody Anton w\u00a01741\u00a0wyjecha\u0142 z ojcem do\u00a0Rzymu, gdzie zdoby\u0142 uznanie freskiem\u00a0Parnasus\u00a0wykonanym na zam\u00f3wienie kardyna\u0142a\u00a0Aleksandra Albaniego\u00a0(Villa Albani). W 1746 Mengs po raz drugi wyjecha\u0142 do Rzymu, gdzie\u00a0przeszed\u0142 na katolicyzm\u00a0i w 1748 o\u017ceni\u0142 si\u0119 z jedn\u0105 ze swoich modelek, Margarit\u0105 Guazzi. W\u00a01749\u00a0powr\u00f3ci\u0142 do Drezna, gdzie w 1751 zosta\u0142 mianowany pierwszym malarzem kr\u00f3la Polski i ksi\u0119cia Saksonii\u00a0Augusta III Sasa, z roczn\u0105 pensj\u0105 1000\u00a0talar\u00f3w. Wkr\u00f3tce potem powr\u00f3ci\u0142 do Rzymu, tu w\u00a01754\u00a0zosta\u0142 dyrektorem watyka\u0144skiej szko\u0142y malarstwa. W 1755 pozna\u0142\u00a0Johanna Joachima Winckelmanna,\u00a0niemieckiego\u00a0archeologa\u00a0i\u00a0historyka sztuki, kt\u00f3ry szybko sta\u0142 si\u0119 jego najbli\u017cszym przyjacielem i mia\u0142 wielki wp\u0142yw na teori\u0119 sztuki, deklarowan\u0105 przez Mengsa. W p\u00f3\u017aniejszych latach dosz\u0142o mi\u0119dzy nimi do konfliktu m.in. o namalowany przez Antona\u00a0falsyfikat\u00a0Jowisz ca\u0142uj\u0105cy\u00a0Ganimedesa, sprawiaj\u0105cy wra\u017cenie obrazu pochodz\u0105cego z\u00a0epoki antycznej\u00a0i doskonale dopasowanego do oczekiwa\u0144 \u00f3wczesnych\u00a0mecenas\u00f3w.<\/p>\n<p>Anton Raphael Mengs wyjecha\u0142 do\u00a0Hiszpanii, gdzie szybko zosta\u0142 mianowany pierwszym\u00a0nadwornym malarzem\u00a0kr\u00f3la\u00a0Karola III. W\u00a0Madrycie\u00a0kierowa\u0142\u00a0Kr\u00f3lewsk\u0105 Manufaktur\u0105 Tapiserii Santa B\u00e1rbara. Zreorganizowa\u0142 fabryk\u0119 wyzwalaj\u0105c j\u0105 od dominuj\u0105cych\u00a0flamandzkich\u00a0wzor\u00f3w, zw\u0142aszcza od tematyki\u00a0mitologicznej. Wprowadzi\u0142 do tapiserii zasady\u00a0neoklasyczne, kt\u00f3re stosowa\u0142 w tematyce rodzajowej oraz hiszpa\u0144skich\u00a0pejza\u017cach. By\u0142 to zabieg o\u015bwieceniowy, w my\u015bl kt\u00f3rego nale\u017ca\u0142o d\u0105\u017cy\u0107 do zrozumienia rzeczywisto\u015bci kraju[2]. Wspomagali go architekt\u00a0Francesco Sabatini, malarz\u00a0Mariano Salvador Maella, a p\u00f3\u017aniej\u00a0Francisco Bayeu, kt\u00f3ry zosta\u0142 jego nast\u0119pc\u0105 na stanowisku artystycznego dyrektora manufaktury. Wsp\u00f3lnie zatrudnili m\u0142odych\u00a0hiszpa\u0144skich\u00a0i\u00a0w\u0142oskich\u00a0artyst\u00f3w[3], takich jak\u00a0Jos\u00e9 del Castillo,\u00a0Gin\u00e9s Andr\u00e9s de Aguirre,\u00a0Antonio Barbazza,\u00a0Mariano Nani,\u00a0Zacar\u00edas Gonz\u00e1lez Vel\u00e1zquez,\u00a0Jos\u00e9 Camar\u00f3n y Meli\u00e1\u00a0i\u00a0Ram\u00f3n Bayeu[4]. Zauwa\u017cy\u0142 talent m\u0142odego\u00a0Francisca Goi\u00a0(rekomendowanego przez Francisca Bayeu), zlecaj\u0105c mu wykonanie serii projekt\u00f3w\u00a0gobelin\u00f3w\u00a0(karton\u00f3w do tapiserii).<\/p>\n<p>Poza malarstwem, Mengs zajmowa\u0142 si\u0119 r\u00f3wnie\u017c teori\u0105 sztuki malarskiej. W swoich pracach (napisanych po hiszpa\u0144sku, w\u0142osku i niemiecku) g\u0142osi\u0142, \u017ce drog\u0105 do osi\u0105gni\u0119cia perfekcji w malarstwie jest zr\u00f3wnowa\u017cone po\u0142\u0105czenie klasycyzmu greckiego, ekspresji\u00a0Rafaela,\u00a0\u015bwiat\u0142ocienia\u00a0Correggia\u00a0i kolorystyki\u00a0Tycjana.<\/p>\n<p>Mengs przyja\u017ani\u0142 si\u0119 z wieloma artystami, pisarzami i mecenasami sztuki m.in. z\u00a0margrabin\u0105\u00a0Wilhelmin\u0105\u00a0z\u00a0Bayreuth.\u00a0Giacomo Casanova\u00a0wielokrotnie wspomnia\u0142 o nim w swoich pami\u0119tnikach.<\/p>\n<p>W roku\u00a01777\u00a0Mengs powr\u00f3ci\u0142 do Rzymu, gdzie zmar\u0142 2 lata p\u00f3\u017aniej, zosta\u0142 pochowany w ko\u015bciele \u015awi\u0119tych Micha\u0142a i Magnusa (w\u0142.\u00a0Santi Michele e Magno) w Rzymie.<\/p>\n<p>Bardzo dekoracyjny<\/p>\n<p>Technik: \u00d6l auf Leinwand<\/p>\n<p>Stan: bardzo dobry, dawna konserwacja,<\/p>\n<p>Sygnatura: nie stwierdzono<\/p>\n<p>Wymiary: p\u0142\u00f3tno 64 cm na 77 cm, z ram\u0105 to oko\u0142o\u00a0 69 cm\u00a0 na 87 cm<\/p>\n<p>Herkunft: Europa<\/p>\n<p>Do ka\u017cdego przedmiotu Galeria wystawia certyfikat.<\/p>","protected":false},"featured_media":10062,"comment_status":"closed","ping_status":"closed","template":"","meta":[],"product_cat":[41,39,40],"product_tag":[],"class_list":{"0":"post-10061","1":"product","2":"type-product","3":"status-publish","4":"has-post-thumbnail","6":"product_cat-malarstwo-dawne","7":"product_cat-dziela-sztuki","8":"product_cat-malarstwo","10":"entry","11":"has-media","13":"first","14":"instock","15":"taxable","16":"shipping-taxable","17":"purchasable","18":"product-type-simple","19":"has-product-nav","20":"col","21":"span_1_of_3","22":"owp-content-center","23":"owp-thumbs-layout-horizontal","24":"owp-btn-normal","25":"owp-tabs-layout-horizontal"},"aioseo_notices":[],"_links":{"self":[{"href":"https:\/\/antykilion.pl\/de\/wp-json\/wp\/v2\/product\/10061","targetHints":{"allow":["GET"]}}],"collection":[{"href":"https:\/\/antykilion.pl\/de\/wp-json\/wp\/v2\/product"}],"about":[{"href":"https:\/\/antykilion.pl\/de\/wp-json\/wp\/v2\/types\/product"}],"replies":[{"embeddable":true,"href":"https:\/\/antykilion.pl\/de\/wp-json\/wp\/v2\/comments?post=10061"}],"wp:featuredmedia":[{"embeddable":true,"href":"https:\/\/antykilion.pl\/de\/wp-json\/wp\/v2\/media\/10062"}],"wp:attachment":[{"href":"https:\/\/antykilion.pl\/de\/wp-json\/wp\/v2\/media?parent=10061"}],"wp:term":[{"taxonomy":"product_cat","embeddable":true,"href":"https:\/\/antykilion.pl\/de\/wp-json\/wp\/v2\/product_cat?post=10061"},{"taxonomy":"product_tag","embeddable":true,"href":"https:\/\/antykilion.pl\/de\/wp-json\/wp\/v2\/product_tag?post=10061"}],"curies":[{"name":"wp","href":"https:\/\/api.w.org\/{rel}","templated":true}]}}