{"id":10074,"date":"2025-10-06T15:09:46","date_gmt":"2025-10-06T13:09:46","guid":{"rendered":"https:\/\/antykilion.pl\/?post_type=product&#038;p=10074"},"modified":"2025-10-06T15:09:46","modified_gmt":"2025-10-06T13:09:46","slug":"wzniesienie-krzyza-rembrandt-harmenszoon-van-rijn-odbicie-lustrzane-xvii-w-wedlug","status":"publish","type":"product","link":"https:\/\/antykilion.pl\/de\/product\/wzniesienie-krzyza-rembrandt-harmenszoon-van-rijn-odbicie-lustrzane-xvii-w-wedlug\/","title":{"rendered":"Wzniesienie krzy\u017ca Rembrandt Harmenszoon van Rijn odbicie lustrzane XVII w wed\u0142ug"},"content":{"rendered":"","protected":false},"excerpt":{"rendered":"<p>Wzniesienie krzy\u017ca Rembrandt Harmenszoon van Rijn odbicie lustrzane XVII w wed\u0142ug<\/p>\n<p>Obraz przedstawia dzie\u0142o Rembrandta zatytu\u0142owane &#8220;Wzniesienie krzy\u017ca&#8221;\u00a0lub &#8220;Podniesienie krzy\u017ca&#8221;.<\/p>\n<p>Obraz ten przedstawia moment podniesienia krzy\u017ca, do kt\u00f3rego przybito Jezusa, przez rzymskich \u017co\u0142nierzy.<br \/>\nRembrandt namalowa\u0142 go w 1633 roku, a obecnie znajduje si\u0119 w Starej Pinakotece w Monachium.<br \/>\nTemat &#8220;Podniesienia krzy\u017ca&#8221; by\u0142 popularny w sztuce barokowej.\u00a0Innym s\u0142ynnym dzie\u0142em o tym samym tytule jest tryptyk Petera Paula Rubensa.<br \/>\nJednym z symboli na obrazie Rembrandta jest pies, kt\u00f3ry w kulturze flamandzkiej symbolizuje wierno\u015b\u0107 i mo\u017ce oznacza\u0107 wiar\u0119 w Zmartwychwstanie Chrystusa.<\/p>\n<p>Bardzo dekoracyjny<\/p>\n<p>Proweniencja: rodziny Wallenberg i Oxenstierna.<\/p>\n<p>Technik: \u00d6l auf Leinwand<\/p>\n<p>Stan: bardzo dobry,<\/p>\n<p>Sygnatura: nie stwierdzono wed\u0142ug Rembrandt Harmenszoon van Rijn<\/p>\n<p>Wymiary: p\u0142\u00f3tno 61 cm na 74 cm, z ram\u0105 to oko\u0142o\u00a0 81 cm\u00a0 na 94 cm<\/p>\n<p>Herkunft: Europa<\/p>\n<p>Do ka\u017cdego przedmiotu Galeria wystawia certyfikat.<\/p>","protected":false},"featured_media":10075,"comment_status":"closed","ping_status":"closed","template":"","meta":[],"product_cat":[41,39,40],"product_tag":[],"class_list":{"0":"post-10074","1":"product","2":"type-product","3":"status-publish","4":"has-post-thumbnail","6":"product_cat-malarstwo-dawne","7":"product_cat-dziela-sztuki","8":"product_cat-malarstwo","10":"entry","11":"has-media","13":"first","14":"instock","15":"taxable","16":"shipping-taxable","17":"purchasable","18":"product-type-simple","19":"has-product-nav","20":"col","21":"span_1_of_3","22":"owp-content-center","23":"owp-thumbs-layout-horizontal","24":"owp-btn-normal","25":"owp-tabs-layout-horizontal"},"aioseo_notices":[],"_links":{"self":[{"href":"https:\/\/antykilion.pl\/de\/wp-json\/wp\/v2\/product\/10074","targetHints":{"allow":["GET"]}}],"collection":[{"href":"https:\/\/antykilion.pl\/de\/wp-json\/wp\/v2\/product"}],"about":[{"href":"https:\/\/antykilion.pl\/de\/wp-json\/wp\/v2\/types\/product"}],"replies":[{"embeddable":true,"href":"https:\/\/antykilion.pl\/de\/wp-json\/wp\/v2\/comments?post=10074"}],"wp:featuredmedia":[{"embeddable":true,"href":"https:\/\/antykilion.pl\/de\/wp-json\/wp\/v2\/media\/10075"}],"wp:attachment":[{"href":"https:\/\/antykilion.pl\/de\/wp-json\/wp\/v2\/media?parent=10074"}],"wp:term":[{"taxonomy":"product_cat","embeddable":true,"href":"https:\/\/antykilion.pl\/de\/wp-json\/wp\/v2\/product_cat?post=10074"},{"taxonomy":"product_tag","embeddable":true,"href":"https:\/\/antykilion.pl\/de\/wp-json\/wp\/v2\/product_tag?post=10074"}],"curies":[{"name":"wp","href":"https:\/\/api.w.org\/{rel}","templated":true}]}}