{"id":10111,"date":"2025-10-27T10:24:28","date_gmt":"2025-10-27T09:24:28","guid":{"rendered":"https:\/\/antykilion.pl\/?post_type=product&#038;p=10111"},"modified":"2025-10-27T10:24:28","modified_gmt":"2025-10-27T09:24:28","slug":"arlekin-tomasz-holuj-xx-w-sygnowany-sliczny","status":"publish","type":"product","link":"https:\/\/antykilion.pl\/de\/product\/arlekin-tomasz-holuj-xx-w-sygnowany-sliczny\/","title":{"rendered":"Arlekin, \u00a0Tomasz Holuj XX w sygnowany \u015bliczny!!!"},"content":{"rendered":"","protected":false},"excerpt":{"rendered":"<p>Arlekin, \u00a0Tomasz Holuj XX w sygnowany \u015bliczny!!!<\/p>\n<p>Tomasz Ho\u0142uj (ur. 22 pa\u017adziernika 1947 w Krakowie) \u2013 polski malarz, poeta, muzyk. Syn pisarza, Tadeusza Ho\u0142uja.<\/p>\n<p>Publikowa\u0142 poezj\u0119, zanim zacz\u0105\u0142 wystawia\u0107 obrazy. Zamieszcza\u0142o je \u017bycie Literackie a potem M\u0142oda Kultura. By\u0142 cz\u0142onkiem oraz wsp\u00f3\u0142za\u0142o\u017cycielem grupy muzycznej Osjan. Uczestniczy\u0142 w niej aktywnie od pocz\u0105tku lat 70&#8242; do 1983 roku. W tym czasie r\u00f3wnie\u017c wydawa\u0142 swoj\u0105 poezj\u0119.<\/p>\n<p>Po Liceum Plastycznym w Krakowie przyszed\u0142 czas na Akademie Sztuk Pi\u0119knych, wydzia\u0142 malarstwa i pracownie profesora Nowosielskiego. Pasj\u0105 jednak, ju\u017c od lat licealnych, by\u0142a perkusja. Spotkanie Marka Jackowskiego i Jacka Ostaszewskiego zaowocowa\u0142o za\u0142o\u017ceniem tria Osjan, gdzie Ho\u0142uj gra\u0142 od pierwszego wyst\u0119pu grupy przez 12 lat, daj\u0105c oko\u0142o 1000 koncert\u00f3w. Trio po roku 1975 sta\u0142o si\u0119 duetem Ostaszewski &#8211; Ho\u0142uj. W 1976 roku pojawili si\u0119 muzycy, Dimitrios &#8220;Milo&#8221; Kurtis i Zygmunt Kaczmarski. Obaj zostali zaproszeni do wsp\u00f3lnej gry przez Ho\u0142uja, kt\u00f3ry w 1979 roku opu\u015bci\u0142 zesp\u00f3\u0142 z powodu wyjazdu na intensywny trening Zen do USA.<\/p>\n<p>Po powrocie ze Stan\u00f3w Tomasz Ho\u0142uj zosta\u0142 wybrany przewodnicz\u0105cym Zwi\u0105zku Buddyst\u00f3w Zen i w tej roli organizowa\u0142, wbrew woli SB i w\u0142adz PRL, osadnictwo buddyst\u00f3w Zen i o\u015brodki medytacyjne w Przesiece i Zache\u0142miu, pod Jeleni\u0105 G\u00f3r\u0105, pomimo utrudnie\u0144 Stanu Wojennego.<\/p>\n<p>W 1982 Ho\u0142uj powr\u00f3ci\u0142 do Osjan, kt\u00f3rego szeregi zasili\u0142 Wojciech Waglewski. Jako kwartet Osjan da\u0142 kilkaset koncert\u00f3w w PRL i w Zachodniej Europie. W roku 1983 Tomasz Ho\u0142uj ostatecznie opu\u015bci\u0142 grup\u0119 Osjan, aby sta\u0107 si\u0119 cz\u0119\u015bci\u0105 trio Tomasza Sta\u0144ki (Sta\u0144ko, Szczurek, Ho\u0142uj). W 1984 roku wyjecha\u0142 na sta\u0142e do Szwecji, gdzie intensywnie zaj\u0105\u0142 si\u0119 malarstwem oraz wystawianiem swoich prac. Zaj\u0105\u0142 si\u0119 r\u00f3wnie\u017c organizowaniem buddyjskich grup medytacyjnych Chan i Zen.<\/p>\n<p>Technika: technika mieszana na tkaninie<\/p>\n<p>Zustand: sehr gut<\/p>\n<p>Sygnatura: widoczna na zdj\u0119ciu trudne do odczytania.<\/p>\n<p>Wymiary: tkanina 41 cm na 50 cm, z ram\u0105 to oko\u0142o\u00a0 61 cm\u00a0 na\u00a0 70cm<\/p>\n<p>Herkunft: Polen<\/p>\n<p>Do ka\u017cdego przedmiotu Galeria wystawia certyfikat.<\/p>","protected":false},"featured_media":10112,"comment_status":"closed","ping_status":"closed","template":"","meta":[],"product_cat":[41,39,40],"product_tag":[],"class_list":{"0":"post-10111","1":"product","2":"type-product","3":"status-publish","4":"has-post-thumbnail","6":"product_cat-malarstwo-dawne","7":"product_cat-dziela-sztuki","8":"product_cat-malarstwo","10":"entry","11":"has-media","13":"first","14":"instock","15":"taxable","16":"shipping-taxable","17":"purchasable","18":"product-type-simple","19":"has-product-nav","20":"col","21":"span_1_of_3","22":"owp-content-center","23":"owp-thumbs-layout-horizontal","24":"owp-btn-normal","25":"owp-tabs-layout-horizontal","26":"has-no-thumbnails"},"aioseo_notices":[],"_links":{"self":[{"href":"https:\/\/antykilion.pl\/de\/wp-json\/wp\/v2\/product\/10111","targetHints":{"allow":["GET"]}}],"collection":[{"href":"https:\/\/antykilion.pl\/de\/wp-json\/wp\/v2\/product"}],"about":[{"href":"https:\/\/antykilion.pl\/de\/wp-json\/wp\/v2\/types\/product"}],"replies":[{"embeddable":true,"href":"https:\/\/antykilion.pl\/de\/wp-json\/wp\/v2\/comments?post=10111"}],"wp:featuredmedia":[{"embeddable":true,"href":"https:\/\/antykilion.pl\/de\/wp-json\/wp\/v2\/media\/10112"}],"wp:attachment":[{"href":"https:\/\/antykilion.pl\/de\/wp-json\/wp\/v2\/media?parent=10111"}],"wp:term":[{"taxonomy":"product_cat","embeddable":true,"href":"https:\/\/antykilion.pl\/de\/wp-json\/wp\/v2\/product_cat?post=10111"},{"taxonomy":"product_tag","embeddable":true,"href":"https:\/\/antykilion.pl\/de\/wp-json\/wp\/v2\/product_tag?post=10111"}],"curies":[{"name":"wp","href":"https:\/\/api.w.org\/{rel}","templated":true}]}}