{"id":10161,"date":"2025-12-13T13:36:00","date_gmt":"2025-12-13T12:36:00","guid":{"rendered":"https:\/\/antykilion.pl\/?post_type=product&#038;p=10161"},"modified":"2025-12-13T13:36:01","modified_gmt":"2025-12-13T12:36:01","slug":"wladyslaw-chmielinski-pedzace-trojki","status":"publish","type":"product","link":"https:\/\/antykilion.pl\/de\/product\/wladyslaw-chmielinski-pedzace-trojki\/","title":{"rendered":"W\u0142adys\u0142aw Chmieli\u0144ski P\u0119dz\u0105ce trojki"},"content":{"rendered":"","protected":false},"excerpt":{"rendered":"<p>W\u0142adys\u0142aw Chmieli\u0144ski P\u0119dz\u0105ce trojki<\/p>\n<p>(1911 Warszawa &#8211; 1979 Warszawa)<\/p>\n<p>Studiowa\u0142 w Miejskiej Szkole Sztuk Zdobniczych i Malarstwa w Warszawie w latach 1926-1931. Malowa\u0142 weduty i wiejskie sceny rodzajowe w technice olejnej i akwarelowej. Najch\u0119tniej uwiecznia\u0142 widoki miejskie z Warszawskiej Star\u00f3wki. W II po\u0142owie lat 30. wykona\u0142 cykl akwarel przedstawiaj\u0105cych zabytki polskiej architektury (m. in. Krak\u00f3w, Kazimierz Dolny, Sandomierz, Lw\u00f3w, \u015al\u0105sk). Malowa\u0142 tak\u017ce historyczne wn\u0119trza Pa\u0142acu Jana III Sobieskiego w Wilanowie. W latach 1936-39 pos\u0142ugiwa\u0142 si\u0119 pseudonimem W\u0142adys\u0142aw Stachowicz. W latach 60. przebywa\u0142 w Danii, maluj\u0105c tamtejsze krajobrazy<\/p>\n<p>Bardzo dekoracyjny<\/p>\n<p>Technika: olej p\u0142\u00f3tno,<\/p>\n<p>Stan: bardzo dobry,<\/p>\n<p>Unterschrift: untere rechte Ecke<\/p>\n<p>Wymiary: p\u0142\u00f3tno 50 cm na 70 cm, z ram\u0105 to oko\u0142o 70 cm\u00a0 na 90 cm<\/p>\n<p>Proweniencja:\u00a0 kolekcja prywatna<\/p>\n<p>Do ka\u017cdego przedmiotu Galeria wystawia certyfikat.<\/p>","protected":false},"featured_media":10162,"comment_status":"closed","ping_status":"closed","template":"","meta":[],"product_cat":[41,39,40],"product_tag":[],"class_list":{"0":"post-10161","1":"product","2":"type-product","3":"status-publish","4":"has-post-thumbnail","6":"product_cat-malarstwo-dawne","7":"product_cat-dziela-sztuki","8":"product_cat-malarstwo","10":"entry","11":"has-media","13":"first","14":"instock","15":"taxable","16":"shipping-taxable","17":"purchasable","18":"product-type-simple","19":"has-product-nav","20":"col","21":"span_1_of_3","22":"owp-content-center","23":"owp-thumbs-layout-horizontal","24":"owp-btn-normal","25":"owp-tabs-layout-horizontal"},"aioseo_notices":[],"_links":{"self":[{"href":"https:\/\/antykilion.pl\/de\/wp-json\/wp\/v2\/product\/10161","targetHints":{"allow":["GET"]}}],"collection":[{"href":"https:\/\/antykilion.pl\/de\/wp-json\/wp\/v2\/product"}],"about":[{"href":"https:\/\/antykilion.pl\/de\/wp-json\/wp\/v2\/types\/product"}],"replies":[{"embeddable":true,"href":"https:\/\/antykilion.pl\/de\/wp-json\/wp\/v2\/comments?post=10161"}],"wp:featuredmedia":[{"embeddable":true,"href":"https:\/\/antykilion.pl\/de\/wp-json\/wp\/v2\/media\/10162"}],"wp:attachment":[{"href":"https:\/\/antykilion.pl\/de\/wp-json\/wp\/v2\/media?parent=10161"}],"wp:term":[{"taxonomy":"product_cat","embeddable":true,"href":"https:\/\/antykilion.pl\/de\/wp-json\/wp\/v2\/product_cat?post=10161"},{"taxonomy":"product_tag","embeddable":true,"href":"https:\/\/antykilion.pl\/de\/wp-json\/wp\/v2\/product_tag?post=10161"}],"curies":[{"name":"wp","href":"https:\/\/api.w.org\/{rel}","templated":true}]}}