{"id":10185,"date":"2025-12-14T13:08:26","date_gmt":"2025-12-14T12:08:26","guid":{"rendered":"https:\/\/antykilion.pl\/?post_type=product&#038;p=10185"},"modified":"2025-12-14T13:08:27","modified_gmt":"2025-12-14T12:08:27","slug":"komoda-barokowa-xviii-w-okolo-1760-r-po-konserwacji-obledna","status":"publish","type":"product","link":"https:\/\/antykilion.pl\/de\/product\/komoda-barokowa-xviii-w-okolo-1760-r-po-konserwacji-obledna\/","title":{"rendered":"Komoda barokowa XVIII w, oko\u0142o 1760 r po konserwacji ob\u0142\u0119dna\u00a0"},"content":{"rendered":"","protected":false},"excerpt":{"rendered":"<p>Komoda barokowa XVIII w, oko\u0142o 1760 r po konserwacji ob\u0142\u0119dna\u00a0<\/p>\n<p>4 nogi kulowe, front falisty, lekko wybrzuszony, z trzema szufladami o jednakowej g\u0142\u0119boko\u015bci. Lica szuflad dekorowane intarsj\u0105 z motywem szerokiej wst\u0119gi obejmuj\u0105cej prostok\u0105tne pola. Blat i \u015bcianki boczne mebla r\u00f3wnie\u017c zdobione intarsj\u0105 wykorzystuj\u0105c\u0105 naturaln\u0105 urod\u0119 s\u0142oj\u00f3w drewna. Okucia zapewne p\u00f3\u017aniejsze, zamki wymienione.<\/p>\n<p>Stan: bardzo dobry po konserwacji w renomowanej pracowni<\/p>\n<p>Pochodzenie: Polska lub Niemcy<\/p>\n<p>Materia\u0142: Orzech wiele innych jak maho\u0144 i bukszpan<\/p>\n<p>Wymiary: d\u0142ugo\u015b\u0107 102 cm, g\u0142\u0119boko\u015b\u0107 60 cm, wysoko\u015b\u0107 80 cm<\/p>\n<p>Polecam bardzo atrakcyjna cena mebla Warto zainwestowa\u0107 w mebel barokowy!!!!<\/p>","protected":false},"featured_media":10186,"comment_status":"closed","ping_status":"closed","template":"","meta":[],"product_cat":[26,17],"product_tag":[],"class_list":{"0":"post-10185","1":"product","2":"type-product","3":"status-publish","4":"has-post-thumbnail","6":"product_cat-komody","7":"product_cat-meble","9":"entry","10":"has-media","12":"first","13":"instock","14":"taxable","15":"shipping-taxable","16":"purchasable","17":"product-type-simple","18":"has-product-nav","19":"col","20":"span_1_of_3","21":"owp-content-center","22":"owp-thumbs-layout-horizontal","23":"owp-btn-normal","24":"owp-tabs-layout-horizontal"},"aioseo_notices":[],"_links":{"self":[{"href":"https:\/\/antykilion.pl\/de\/wp-json\/wp\/v2\/product\/10185","targetHints":{"allow":["GET"]}}],"collection":[{"href":"https:\/\/antykilion.pl\/de\/wp-json\/wp\/v2\/product"}],"about":[{"href":"https:\/\/antykilion.pl\/de\/wp-json\/wp\/v2\/types\/product"}],"replies":[{"embeddable":true,"href":"https:\/\/antykilion.pl\/de\/wp-json\/wp\/v2\/comments?post=10185"}],"wp:featuredmedia":[{"embeddable":true,"href":"https:\/\/antykilion.pl\/de\/wp-json\/wp\/v2\/media\/10186"}],"wp:attachment":[{"href":"https:\/\/antykilion.pl\/de\/wp-json\/wp\/v2\/media?parent=10185"}],"wp:term":[{"taxonomy":"product_cat","embeddable":true,"href":"https:\/\/antykilion.pl\/de\/wp-json\/wp\/v2\/product_cat?post=10185"},{"taxonomy":"product_tag","embeddable":true,"href":"https:\/\/antykilion.pl\/de\/wp-json\/wp\/v2\/product_tag?post=10185"}],"curies":[{"name":"wp","href":"https:\/\/api.w.org\/{rel}","templated":true}]}}