{"id":10676,"date":"2026-02-23T11:54:24","date_gmt":"2026-02-23T10:54:24","guid":{"rendered":"https:\/\/antykilion.pl\/?post_type=product&#038;p=10676"},"modified":"2026-02-23T16:04:46","modified_gmt":"2026-02-23T15:04:46","slug":"duza-komoda-barokowa-intarsjowana-przelom-xvii-xviii-w-ogromna-rzadkosc","status":"publish","type":"product","link":"https:\/\/antykilion.pl\/de\/product\/duza-komoda-barokowa-intarsjowana-przelom-xvii-xviii-w-ogromna-rzadkosc\/","title":{"rendered":"Du\u017ca komoda Barokowa intarsjowana prze\u0142om XVII\/XVIII w ogromna rzadko\u015b\u0107 !!!"},"content":{"rendered":"","protected":false},"excerpt":{"rendered":"<p>Du\u017ca komoda Barokowa intarsjowana prze\u0142om XVII\/XVIII w ogromna rzadko\u015b\u0107 !!!<\/p>\n<p>Komoda o prostych bokach ustawionych uko\u015bnie i mocno falistym froncie, trzy-szufladowa, fornirowana r\u00f3\u017cnymi orzechami, intarsjowana bardzo bogato w widoki z Zamkami, okucia rocailowe, wsparta na wyd\u0142urznych n\u00f3\u017ckach w formie<\/p>\n<p>Komoda o formie i dekoracji charakterystycznej dla \u015brodkowo-europejskich warsztat\u00f3w stolarskich z prze\u0142omu XVII\/XVIII wieku. Komoda wyko\u0144czona 0,5 cm ob\u0142ogiem. Odtworzono mechanizm otwieraj\u0105cy szuflady komody. Jeden z najpi\u0119kniejszych i najciekawszych mebli w Polsce.<\/p>\n<p>Wykonana rzemie\u015blniczo<\/p>\n<p>Stan: bardzo dobry, po profesjonalnej konserwacji<\/p>\n<p>Pochodzenie: Europa wschodnia, Polska?\u00a0 ogromna rzadko\u015b\u0107<\/p>\n<p>Materia\u0142: sosna; fornir- orzech, drewna owocowe; zamki stalowe wymienione odtworzony system otwierania szuflad.<\/p>\n<p>Wymiary: d\u0142ugo\u015b\u0107 132 cm, g\u0142\u0119boko\u015b\u0107 68 cm, wysoko\u015b\u0107 89 cm<\/p>\n<p>Polecam bardzo atrakcyjna cena mebla Warto zainwestowa\u0107 w mebel barokowy!!!!<\/p>","protected":false},"featured_media":10679,"comment_status":"closed","ping_status":"closed","template":"","meta":[],"product_cat":[26,17],"product_tag":[],"class_list":{"0":"post-10676","1":"product","2":"type-product","3":"status-publish","4":"has-post-thumbnail","6":"product_cat-komody","7":"product_cat-meble","9":"entry","10":"has-media","12":"first","13":"instock","14":"taxable","15":"shipping-taxable","16":"purchasable","17":"product-type-simple","18":"has-product-nav","19":"col","20":"span_1_of_3","21":"owp-content-center","22":"owp-thumbs-layout-horizontal","23":"owp-btn-normal","24":"owp-tabs-layout-horizontal"},"aioseo_notices":[],"_links":{"self":[{"href":"https:\/\/antykilion.pl\/de\/wp-json\/wp\/v2\/product\/10676","targetHints":{"allow":["GET"]}}],"collection":[{"href":"https:\/\/antykilion.pl\/de\/wp-json\/wp\/v2\/product"}],"about":[{"href":"https:\/\/antykilion.pl\/de\/wp-json\/wp\/v2\/types\/product"}],"replies":[{"embeddable":true,"href":"https:\/\/antykilion.pl\/de\/wp-json\/wp\/v2\/comments?post=10676"}],"wp:featuredmedia":[{"embeddable":true,"href":"https:\/\/antykilion.pl\/de\/wp-json\/wp\/v2\/media\/10679"}],"wp:attachment":[{"href":"https:\/\/antykilion.pl\/de\/wp-json\/wp\/v2\/media?parent=10676"}],"wp:term":[{"taxonomy":"product_cat","embeddable":true,"href":"https:\/\/antykilion.pl\/de\/wp-json\/wp\/v2\/product_cat?post=10676"},{"taxonomy":"product_tag","embeddable":true,"href":"https:\/\/antykilion.pl\/de\/wp-json\/wp\/v2\/product_tag?post=10676"}],"curies":[{"name":"wp","href":"https:\/\/api.w.org\/{rel}","templated":true}]}}