{"id":10740,"date":"2026-03-01T15:22:22","date_gmt":"2026-03-01T14:22:22","guid":{"rendered":"https:\/\/antykilion.pl\/?post_type=product&#038;p=10740"},"modified":"2026-03-01T15:22:23","modified_gmt":"2026-03-01T14:22:23","slug":"wazon-art-novum-z-pelnoplastycznymi-kwiatami-okolo-1900-r","status":"publish","type":"product","link":"https:\/\/antykilion.pl\/de\/product\/wazon-art-novum-z-pelnoplastycznymi-kwiatami-okolo-1900-r\/","title":{"rendered":"Wazon Art Novum z pe\u0142noplastycznymi kwiatami oko\u0142o 1900 r"},"content":{"rendered":"","protected":false},"excerpt":{"rendered":"<p>Wazon Art Novum z pe\u0142noplastycznymi kwiatami oko\u0142o 1900 r<\/p>\n<p>Materia\u0142: plater na mosi\u0105dzu<\/p>\n<p>Wymiary: wysoko\u015b\u0107 21 cm szr. oko\u0142o 15 cm<\/p>\n<p>Pi\u0119kny i niespotykany !!!<\/p>","protected":false},"featured_media":10741,"comment_status":"closed","ping_status":"closed","template":"","meta":[],"product_cat":[46,55],"product_tag":[],"class_list":{"0":"post-10740","1":"product","2":"type-product","3":"status-publish","4":"has-post-thumbnail","6":"product_cat-srebra-i-platery","7":"product_cat-varia","9":"entry","10":"has-media","12":"first","13":"instock","14":"taxable","15":"shipping-taxable","16":"purchasable","17":"product-type-simple","18":"has-product-nav","19":"col","20":"span_1_of_3","21":"owp-content-center","22":"owp-thumbs-layout-horizontal","23":"owp-btn-normal","24":"owp-tabs-layout-horizontal"},"aioseo_notices":[],"_links":{"self":[{"href":"https:\/\/antykilion.pl\/de\/wp-json\/wp\/v2\/product\/10740","targetHints":{"allow":["GET"]}}],"collection":[{"href":"https:\/\/antykilion.pl\/de\/wp-json\/wp\/v2\/product"}],"about":[{"href":"https:\/\/antykilion.pl\/de\/wp-json\/wp\/v2\/types\/product"}],"replies":[{"embeddable":true,"href":"https:\/\/antykilion.pl\/de\/wp-json\/wp\/v2\/comments?post=10740"}],"wp:featuredmedia":[{"embeddable":true,"href":"https:\/\/antykilion.pl\/de\/wp-json\/wp\/v2\/media\/10741"}],"wp:attachment":[{"href":"https:\/\/antykilion.pl\/de\/wp-json\/wp\/v2\/media?parent=10740"}],"wp:term":[{"taxonomy":"product_cat","embeddable":true,"href":"https:\/\/antykilion.pl\/de\/wp-json\/wp\/v2\/product_cat?post=10740"},{"taxonomy":"product_tag","embeddable":true,"href":"https:\/\/antykilion.pl\/de\/wp-json\/wp\/v2\/product_tag?post=10740"}],"curies":[{"name":"wp","href":"https:\/\/api.w.org\/{rel}","templated":true}]}}