{"id":1097,"date":"2020-02-03T15:35:10","date_gmt":"2020-02-03T14:35:10","guid":{"rendered":"https:\/\/antykilion.pl\/?post_type=product&#038;p=1097"},"modified":"2021-09-03T14:16:39","modified_gmt":"2021-09-03T12:16:39","slug":"komoda-klasycystyczna-z-poczatku-xix-wieku-okolo-1800-roku","status":"publish","type":"product","link":"https:\/\/antykilion.pl\/de\/product\/komoda-klasycystyczna-z-poczatku-xix-wieku-okolo-1800-roku\/","title":{"rendered":"Klassische Kommode vom Anfang des 19. Jahrhunderts um 1800"},"content":{"rendered":"","protected":false},"excerpt":{"rendered":"<p>Klassische Kommode vom Anfang des 19. Jahrhunderts um 1800<br \/>\nmit geraden Seiten, abgeschr\u00e4gten vorderen Ecken und einer geraden Vorderseite, mit einer Marmorplatte, vier Schubladen, furniert, eingelegt, verziert mit Messingbeschl\u00e4gen, gest\u00fctzt auf vier S-f\u00f6rmigen Beinen. Die Vorderseite und die Seiten sind mit geometrischen Feldern verziert, die von einer Angelschnur umschlossen sind, mit M\u00e4andern in den Ecken, die mit einem rhomboiden Puzzle gef\u00fcllt sind. Rokoko-Griffe haben sicherlich jemand ersetzt, der nicht zu den M\u00f6beln passte.<br \/>\nFurnier: Mahagoni, Walnuss, Olivenpflaume, Bergahorn und viele andere.<br \/>\nSchl\u00f6sser vom Anfang des 19. Jahrhunderts.<br \/>\nGuter Zustand, aber f\u00fcr konservative Wartung, kleine Furnierfehler an den R\u00e4ndern der Arbeitsplatte, danach von alter Politur zu reinigen und eine neue aufzutragen und nat\u00fcrlich die Griffe auszutauschen. Gesundes Design.<br \/>\nHerkunft Mitteleuropa wahrscheinlich Italien.<br \/>\nAbmessungen: L\u00e4nge 108 cm, Breite 54,5 cm, H\u00f6he 82 cm.<br \/>\nEin sch\u00f6nes M\u00f6belst\u00fcck, erfordert aber Kosmetik <\/p>","protected":false},"featured_media":1098,"comment_status":"closed","ping_status":"closed","template":"","meta":[],"product_cat":[26,17],"product_tag":[],"class_list":{"0":"post-1097","1":"product","2":"type-product","3":"status-publish","4":"has-post-thumbnail","6":"product_cat-komody","7":"product_cat-meble","9":"entry","10":"has-media","12":"first","13":"instock","14":"taxable","15":"shipping-taxable","16":"purchasable","17":"product-type-simple","18":"has-product-nav","19":"col","20":"span_1_of_3","21":"owp-content-center","22":"owp-thumbs-layout-horizontal","23":"owp-btn-normal","24":"owp-tabs-layout-horizontal"},"aioseo_notices":[],"_links":{"self":[{"href":"https:\/\/antykilion.pl\/de\/wp-json\/wp\/v2\/product\/1097","targetHints":{"allow":["GET"]}}],"collection":[{"href":"https:\/\/antykilion.pl\/de\/wp-json\/wp\/v2\/product"}],"about":[{"href":"https:\/\/antykilion.pl\/de\/wp-json\/wp\/v2\/types\/product"}],"replies":[{"embeddable":true,"href":"https:\/\/antykilion.pl\/de\/wp-json\/wp\/v2\/comments?post=1097"}],"wp:featuredmedia":[{"embeddable":true,"href":"https:\/\/antykilion.pl\/de\/wp-json\/wp\/v2\/media\/1098"}],"wp:attachment":[{"href":"https:\/\/antykilion.pl\/de\/wp-json\/wp\/v2\/media?parent=1097"}],"wp:term":[{"taxonomy":"product_cat","embeddable":true,"href":"https:\/\/antykilion.pl\/de\/wp-json\/wp\/v2\/product_cat?post=1097"},{"taxonomy":"product_tag","embeddable":true,"href":"https:\/\/antykilion.pl\/de\/wp-json\/wp\/v2\/product_tag?post=1097"}],"curies":[{"name":"wp","href":"https:\/\/api.w.org\/{rel}","templated":true}]}}