{"id":11125,"date":"2026-04-21T14:24:21","date_gmt":"2026-04-21T12:24:21","guid":{"rendered":"https:\/\/antykilion.pl\/?post_type=product&#038;p=11125"},"modified":"2026-04-21T14:24:42","modified_gmt":"2026-04-21T12:24:42","slug":"11125","status":"publish","type":"product","link":"https:\/\/antykilion.pl\/de\/product\/11125\/","title":{"rendered":"JACOB GILLIG 1636 &#8211; 1701 martwa natura z rybami na tle pejza\u017cu lub jego kr\u0105g"},"content":{"rendered":"","protected":false},"excerpt":{"rendered":"<p>JACOB GILLIG 1636 &#8211; 1701 martwa natura z rybami na tle pejza\u017cu lub jego kr\u0105g<\/p>\n<p>Jacob Gillig (r\u00f3wnie\u017c pisany jako Jakob lub Gellig; ok. 1636 \u2013 24 lipca 1701)[1] by\u0142 holenderskim malarzem Z\u0142otego Wieku, tworz\u0105cym martwe natury, zazwyczaj przedstawiaj\u0105ce ryby. Cho\u0107 namalowa\u0142 kilka portret\u00f3w, to w\u0142a\u015bnie z malowania ryb jest najbardziej znany.<\/p>\n<p>Gillig urodzi\u0142 si\u0119 i zmar\u0142 w Utrechcie. Najwyra\u017aniej zacz\u0105\u0142 malowa\u0107 dopiero po dwudziestce, nigdy nie zarejestrowa\u0142 si\u0119 jako mistrz w Cechu Malarzy w Utrechcie, pracowa\u0142 jako kupiec, a nast\u0119pnie jako stra\u017cnik wi\u0119zienny. W Utrechcie wi\u0119zienie miejskie znajdowa\u0142o si\u0119 obok targu rybnego.<\/p>\n<p>W 1661 roku po\u015blubi\u0142 c\u00f3rk\u0119 Abrahama Willaertsa. Wed\u0142ug Houbrakena pr\u00f3bowa\u0142 swoich si\u0142 w malarstwie portretowym, ale jego podobizny nie by\u0142y zbyt podobne do portretowanych.[2]<\/p>\n<p>W jego pracach, jak w przyk\u0142adzie po prawej stronie, dominowa\u0142y kompozycje piramidalne. By\u0142y one w\u00f3wczas bardzo cenione w Utrechcie, a kilka jego prac zosta\u0142o skopiowanych przez Abrahama Mignona.<\/p>\n<p>https:\/\/www.boijmans.nl\/en\/collection\/artists\/7321\/jacob-gillig<\/p>\n<p>Bardzo dekoracyjny obraz<\/p>\n<p>Obraz klasy muzealnej !!!<\/p>\n<p>Okazja !!!<\/p>\n<p>Technika: olej na desce<\/p>\n<p>Stan:\u00a0 Bardzo dobry<\/p>\n<p>Sygnatura: prawdopodobnie prawy g\u00f3rny r\u00f3g<\/p>\n<p>Wymiary: p\u0142\u00f3tno 52,5 cm na 40 cm z ram\u0105 oko\u0142o 73 cm na 60 cm<\/p>\n<p>Obraz oprawiony w ram\u0119<\/p>\n<p>Do ka\u017cdego przedmiotu Galeria wystawia certyfikat.<\/p>","protected":false},"featured_media":11115,"comment_status":"closed","ping_status":"closed","template":"","meta":[],"product_cat":[41,39,40],"product_tag":[],"class_list":{"0":"post-11125","1":"product","2":"type-product","3":"status-publish","4":"has-post-thumbnail","6":"product_cat-malarstwo-dawne","7":"product_cat-dziela-sztuki","8":"product_cat-malarstwo","10":"entry","11":"has-media","13":"first","14":"instock","15":"taxable","16":"shipping-taxable","17":"purchasable","18":"product-type-simple","19":"has-product-nav","20":"col","21":"span_1_of_3","22":"owp-content-center","23":"owp-thumbs-layout-horizontal","24":"owp-btn-normal","25":"owp-tabs-layout-horizontal"},"aioseo_notices":[],"_links":{"self":[{"href":"https:\/\/antykilion.pl\/de\/wp-json\/wp\/v2\/product\/11125","targetHints":{"allow":["GET"]}}],"collection":[{"href":"https:\/\/antykilion.pl\/de\/wp-json\/wp\/v2\/product"}],"about":[{"href":"https:\/\/antykilion.pl\/de\/wp-json\/wp\/v2\/types\/product"}],"replies":[{"embeddable":true,"href":"https:\/\/antykilion.pl\/de\/wp-json\/wp\/v2\/comments?post=11125"}],"wp:featuredmedia":[{"embeddable":true,"href":"https:\/\/antykilion.pl\/de\/wp-json\/wp\/v2\/media\/11115"}],"wp:attachment":[{"href":"https:\/\/antykilion.pl\/de\/wp-json\/wp\/v2\/media?parent=11125"}],"wp:term":[{"taxonomy":"product_cat","embeddable":true,"href":"https:\/\/antykilion.pl\/de\/wp-json\/wp\/v2\/product_cat?post=11125"},{"taxonomy":"product_tag","embeddable":true,"href":"https:\/\/antykilion.pl\/de\/wp-json\/wp\/v2\/product_tag?post=11125"}],"curies":[{"name":"wp","href":"https:\/\/api.w.org\/{rel}","templated":true}]}}