{"id":1117,"date":"2020-02-04T08:10:36","date_gmt":"2020-02-04T07:10:36","guid":{"rendered":"https:\/\/antykilion.pl\/?post_type=product&#038;p=1117"},"modified":"2021-09-03T14:16:39","modified_gmt":"2021-09-03T12:16:39","slug":"komoda-rokokowa-z-xviii-wieku-w-stylu-mathiasa-ortmanna-okolo-1740-roku","status":"publish","type":"product","link":"https:\/\/antykilion.pl\/de\/product\/komoda-rokokowa-z-xviii-wieku-w-stylu-mathiasa-ortmanna-okolo-1740-roku\/","title":{"rendered":"Rokoko-Kommode aus dem 18. Jahrhundert im Stil von Mathias Ortmann um 1740"},"content":{"rendered":"<p>Ortmanns M\u00f6bel sind von au\u00dfergew\u00f6hnlicher Qualit\u00e4t und repr\u00e4sentieren die besten im Rokoko-Bereich in Nordeuropa. Was Ortmann wirklich von den heute f\u00fchrenden M\u00f6belherstellern unterscheidet, ist seine Gewohnheit, seine Kreationen zu signieren. Ortmanns Name ist daher unsterblich geworden und sein Werk ist zu einem begehrten, aber selten berichteten Sammlerst\u00fcck geworden.<br \/>\nSammlergarantie<\/p>\n<p>Mathias Ortmann (ca. 1700-1757) wurde in Schweden als Sohn eines Zimmermanns geboren. Die Familie zog nach Kopenhagen, um eine Werkstatt in Nyhavn zu er\u00f6ffnen, und Mathias Ortmann wurde schon fr\u00fch Lehrling in den schnell wachsenden Werkst\u00e4tten seines Vaters, der Frederik IVs Bruder Prinz Carl als Kunden seines Palastes in Charlottenborg anerkannten. Mathias &#039;Mutter war nach dem Tod seines Vaters im Jahr 1723 im Gesch\u00e4ft, und zwei Jahre sp\u00e4ter bestand Ortmann seine Pr\u00fcfungen und wurde 1727 Staatsb\u00fcrger. Als M\u00f6belhersteller.<\/p>\n<p>W\u00e4hrend seines Studiums als Lehrling in ganz Europa, haupts\u00e4chlich in Ludwig XV. Frankreich, lernte Ortmann die Vorteile des Autogrammierens seiner M\u00f6bel. Seitdem ist sein Label eine Sammlergarantie f\u00fcr den echten Ortmann. Aber nicht alle Werke von Ortmann tragen tats\u00e4chlich seine wertvolle Unterschrift, da er sie nur zwischen 1745 und 1757 verwendete und einige seiner Produktionen aus dieser Zeit stammen. Es gibt auch viele Elemente aus dieser Zeit, die mit ziemlicher Sicherheit Ortmann f\u00fcr ihren erkennbaren Stil zugeschrieben werden k\u00f6nnen.<br \/>\nHauptmerkmal<\/p>\n<p>Das Hauptmerkmal von Ortmanns Stil bei Kommoden ist die Inspiration, die er von seiner Reise nach Frankreich bezieht, aber nicht ganz franz\u00f6sisch. Einige rein lokale Aspekte finden sich nur in Schleswig-Holstein und D\u00e4nemark. Wo franz\u00f6sische M\u00f6bel oft aus exotischem Holz hergestellt wurden, verwendete Ortmann haupts\u00e4chlich aus Italien importierte Waln\u00fcsse.<\/p>\n<p>Eine weitere Besonderheit sind die Eckverzierungen aus vergoldetem Blei. Im Gegensatz zu den meisten M\u00f6belherstellern der damaligen Zeit, die ihre Eckverzierungen aus vergoldeten Holzschnitzereien oder - im franz\u00f6sischen Stil - vergoldeten Bronzebeschl\u00e4gen herstellten, schnitzte Ortmann gerne seine Sockel aus und verwendete vergoldete Messingabg\u00fcsse f\u00fcr Schl\u00fcssel und T\u00fcrgriffe.<\/p>\n<p>Fr\u00fche Ortmann-Truhen hatten gerade Seiten, aber sp\u00e4ter entwickelte er sein bombenf\u00f6rmiges Modell mit einem vergoldeten Sockel und Beinen.<\/p>\n<p>Ortmanns typisches Aussehen umfasst auch vergoldete Schubladenkanten und einen vergoldeten Gipsfries mit zarten Lamellen unter einem vergoldeten \u00dcberhang. Dieses goldene Armband befindet sich direkt unter der Marmorplatte, die das Etikett bedeckt. Ein Fries dieser Art war kein Merkmal franz\u00f6sischer Kommoden, sondern nordeurop\u00e4ischen Ursprungs.<\/p>","protected":false},"excerpt":{"rendered":"<p>Eine Rokoko-Kommode im Stil von Mathias Ortmann, gerade Seiten und eine gewellte Front mit vier Schubladen, Profilstreifen \u00fcber den Schubladen mit goldenem Polychrom, vergoldeten Rocailler-Beschl\u00e4gen und Profilstreifen, stangenf\u00f6rmige Beine mit Rocailles-Polychrom.<br \/>\nWalnussfurnier.<br \/>\nDer Zustand der Kommode im Originalzustand, der Schl\u00f6sser und der Originalpolitur. Der einzige Nachteil ist das Austrocknen oben und auf einer Seite sowie der Beine, die eine bessere Befestigung erfordern.<br \/>\nHerkunft D\u00e4nemarks.<br \/>\nAbmessungen: H\u00f6he 108 cm, L\u00e4nge 102 cm, Breite 56 cm<br \/>\nEin sch\u00f6nes M\u00f6belst\u00fcck.<br \/>\nWeitere Informationen zu den M\u00f6beln finden Sie weiter unten.<\/p>","protected":false},"featured_media":1118,"comment_status":"closed","ping_status":"closed","template":"","meta":[],"product_cat":[26,17],"product_tag":[],"class_list":{"0":"post-1117","1":"product","2":"type-product","3":"status-publish","4":"has-post-thumbnail","6":"product_cat-komody","7":"product_cat-meble","9":"entry","10":"has-media","12":"first","13":"instock","14":"taxable","15":"shipping-taxable","16":"purchasable","17":"product-type-simple","18":"has-product-nav","19":"col","20":"span_1_of_3","21":"owp-content-center","22":"owp-thumbs-layout-horizontal","23":"owp-btn-normal","24":"owp-tabs-layout-horizontal"},"aioseo_notices":[],"_links":{"self":[{"href":"https:\/\/antykilion.pl\/de\/wp-json\/wp\/v2\/product\/1117","targetHints":{"allow":["GET"]}}],"collection":[{"href":"https:\/\/antykilion.pl\/de\/wp-json\/wp\/v2\/product"}],"about":[{"href":"https:\/\/antykilion.pl\/de\/wp-json\/wp\/v2\/types\/product"}],"replies":[{"embeddable":true,"href":"https:\/\/antykilion.pl\/de\/wp-json\/wp\/v2\/comments?post=1117"}],"wp:featuredmedia":[{"embeddable":true,"href":"https:\/\/antykilion.pl\/de\/wp-json\/wp\/v2\/media\/1118"}],"wp:attachment":[{"href":"https:\/\/antykilion.pl\/de\/wp-json\/wp\/v2\/media?parent=1117"}],"wp:term":[{"taxonomy":"product_cat","embeddable":true,"href":"https:\/\/antykilion.pl\/de\/wp-json\/wp\/v2\/product_cat?post=1117"},{"taxonomy":"product_tag","embeddable":true,"href":"https:\/\/antykilion.pl\/de\/wp-json\/wp\/v2\/product_tag?post=1117"}],"curies":[{"name":"wp","href":"https:\/\/api.w.org\/{rel}","templated":true}]}}