{"id":11183,"date":"2026-05-10T13:06:34","date_gmt":"2026-05-10T11:06:34","guid":{"rendered":"https:\/\/antykilion.pl\/?post_type=product&#038;p=11183"},"modified":"2026-05-10T13:06:34","modified_gmt":"2026-05-10T11:06:34","slug":"etazerka-ludwik-filip-xix-w-okolo-1860-r-piekna","status":"publish","type":"product","link":"https:\/\/antykilion.pl\/de\/product\/etazerka-ludwik-filip-xix-w-okolo-1860-r-piekna\/","title":{"rendered":"Eta\u017cerka Ludwik Filip XIX w oko\u0142o 1860 r Pi\u0119kna"},"content":{"rendered":"","protected":false},"excerpt":{"rendered":"<p>Eta\u017cerka Ludwik Filip XIX w oko\u0142o 1860 r Pi\u0119kna<\/p>\n<p>o falistych, rze\u017abionych elementach szkieletu, z czterema p\u00f3\u0142kami o falistych zarysach, wspartych na cabriolowych n\u00f3\u017ckach i na plecach, kt\u00f3re pomi\u0119dzy p\u00f3\u0142kami posiadaj\u0105 tafle lustrzane.<\/p>\n<p>Eta\u017cerki obecnie rzadko pojawiaj\u0105 si\u0119 na rynku antykwarycznym. Omawiana to mebel do prezentacji najprawdopodobniej ceramiki, sama jest obiektem dekoracyjnym, ozdobionym rze\u017abionymi podporami. Posiada wszystkie cechy dojrza\u0142ego stylu Ludwika Filipa w falistych liniach i snycersko opracowanych elementach.<\/p>\n<p>Stan: bardzo dobry po konserwacji zachowawczej<\/p>\n<p>Pochodzenie: Europa Polska<\/p>\n<p>Material: Walnuss<\/p>\n<p>Wymiary: Wysoko\u015b\u0107 144, szeroko\u015b\u0107 71, g\u0142\u0119boko\u015b\u0107 45<\/p>\n<p>Polecam bardzo atrakcyjna cena mebla<\/p>","protected":false},"featured_media":11184,"comment_status":"closed","ping_status":"closed","template":"","meta":[],"product_cat":[25,17,37],"product_tag":[],"class_list":{"0":"post-11183","1":"product","2":"type-product","3":"status-publish","4":"has-post-thumbnail","6":"product_cat-garderoby-etazerki","7":"product_cat-meble","8":"product_cat-witryny-serwantki","10":"entry","11":"has-media","13":"first","14":"instock","15":"taxable","16":"shipping-taxable","17":"purchasable","18":"product-type-simple","19":"has-product-nav","20":"col","21":"span_1_of_3","22":"owp-content-center","23":"owp-thumbs-layout-horizontal","24":"owp-btn-normal","25":"owp-tabs-layout-horizontal"},"aioseo_notices":[],"_links":{"self":[{"href":"https:\/\/antykilion.pl\/de\/wp-json\/wp\/v2\/product\/11183","targetHints":{"allow":["GET"]}}],"collection":[{"href":"https:\/\/antykilion.pl\/de\/wp-json\/wp\/v2\/product"}],"about":[{"href":"https:\/\/antykilion.pl\/de\/wp-json\/wp\/v2\/types\/product"}],"replies":[{"embeddable":true,"href":"https:\/\/antykilion.pl\/de\/wp-json\/wp\/v2\/comments?post=11183"}],"wp:featuredmedia":[{"embeddable":true,"href":"https:\/\/antykilion.pl\/de\/wp-json\/wp\/v2\/media\/11184"}],"wp:attachment":[{"href":"https:\/\/antykilion.pl\/de\/wp-json\/wp\/v2\/media?parent=11183"}],"wp:term":[{"taxonomy":"product_cat","embeddable":true,"href":"https:\/\/antykilion.pl\/de\/wp-json\/wp\/v2\/product_cat?post=11183"},{"taxonomy":"product_tag","embeddable":true,"href":"https:\/\/antykilion.pl\/de\/wp-json\/wp\/v2\/product_tag?post=11183"}],"curies":[{"name":"wp","href":"https:\/\/api.w.org\/{rel}","templated":true}]}}