{"id":11194,"date":"2026-05-10T14:02:09","date_gmt":"2026-05-10T12:02:09","guid":{"rendered":"https:\/\/antykilion.pl\/?post_type=product&#038;p=11194"},"modified":"2026-05-10T14:02:09","modified_gmt":"2026-05-10T12:02:09","slug":"stolik-klasycystyczny-przelom-xviii-xix-w-1790-1800-r-z-nalepkami-tranzytowymi-obledny-okazja","status":"publish","type":"product","link":"https:\/\/antykilion.pl\/de\/product\/stolik-klasycystyczny-przelom-xviii-xix-w-1790-1800-r-z-nalepkami-tranzytowymi-obledny-okazja\/","title":{"rendered":"Stolik klasycystyczny prze\u0142om XVIII\/XIX w 1790\/1800 r, z nalepkami tranzytowymi ob\u0142\u0119dny okazja!!!"},"content":{"rendered":"","protected":false},"excerpt":{"rendered":"<p>Stolik klasycystyczny prze\u0142om XVIII\/XIX w 1790\/1800 r, z nalepkami tranzytowymi ob\u0142\u0119dny okazja!!!<\/p>\n<p>prostok\u0105tny, wsparty na czterech graniastych, zbie\u017cnych ku do\u0142owi, fornirowany intarsjowany \u017cy\u0142k\u0105.<\/p>\n<p>Stolik o typowej dla stylu klasycystycznego formie i charakterze dekoracji.<\/p>\n<p>Stan: bardzo dobry po profesjonalnej konserwacji<\/p>\n<p>Pochodzenie: Europa Polska<\/p>\n<p>Materia\u0142: buk ?barwiony na maho\u0144<\/p>\n<p>Wymiary:\u00a0 wysoko\u015b\u0107\u00a0 cm, szeroko\u015b\u0107 cm,\u00a0 g\u0142\u0119boko\u015b\u0107\u00a0 cm<\/p>\n<p>Polecam bardzo atrakcyjna cena mebla<\/p>","protected":false},"featured_media":11195,"comment_status":"closed","ping_status":"closed","template":"","meta":[],"product_cat":[17,33],"product_tag":[],"class_list":{"0":"post-11194","1":"product","2":"type-product","3":"status-publish","4":"has-post-thumbnail","6":"product_cat-meble","7":"product_cat-stoly-stoliki","9":"entry","10":"has-media","12":"first","13":"instock","14":"taxable","15":"shipping-taxable","16":"purchasable","17":"product-type-simple","18":"has-product-nav","19":"col","20":"span_1_of_3","21":"owp-content-center","22":"owp-thumbs-layout-horizontal","23":"owp-btn-normal","24":"owp-tabs-layout-horizontal"},"aioseo_notices":[],"_links":{"self":[{"href":"https:\/\/antykilion.pl\/de\/wp-json\/wp\/v2\/product\/11194","targetHints":{"allow":["GET"]}}],"collection":[{"href":"https:\/\/antykilion.pl\/de\/wp-json\/wp\/v2\/product"}],"about":[{"href":"https:\/\/antykilion.pl\/de\/wp-json\/wp\/v2\/types\/product"}],"replies":[{"embeddable":true,"href":"https:\/\/antykilion.pl\/de\/wp-json\/wp\/v2\/comments?post=11194"}],"wp:featuredmedia":[{"embeddable":true,"href":"https:\/\/antykilion.pl\/de\/wp-json\/wp\/v2\/media\/11195"}],"wp:attachment":[{"href":"https:\/\/antykilion.pl\/de\/wp-json\/wp\/v2\/media?parent=11194"}],"wp:term":[{"taxonomy":"product_cat","embeddable":true,"href":"https:\/\/antykilion.pl\/de\/wp-json\/wp\/v2\/product_cat?post=11194"},{"taxonomy":"product_tag","embeddable":true,"href":"https:\/\/antykilion.pl\/de\/wp-json\/wp\/v2\/product_tag?post=11194"}],"curies":[{"name":"wp","href":"https:\/\/api.w.org\/{rel}","templated":true}]}}