{"id":1159,"date":"2020-02-04T16:15:48","date_gmt":"2020-02-04T15:15:48","guid":{"rendered":"https:\/\/antykilion.pl\/?post_type=product&#038;p=1159"},"modified":"2021-09-03T14:16:39","modified_gmt":"2021-09-03T12:16:39","slug":"sekretarzyk-xix-wiek-eklektyczny-okolo-1870-90-roku","status":"publish","type":"product","link":"https:\/\/antykilion.pl\/de\/product\/sekretarzyk-xix-wiek-eklektyczny-okolo-1870-90-roku\/","title":{"rendered":"Sekret\u00e4r des 19. Jahrhunderts, vielseitig um 1870\/90"},"content":{"rendered":"","protected":false},"excerpt":{"rendered":"<p>Sekret\u00e4r des 19. Jahrhunderts, vielseitig um 1870\/90<br \/>\nKleines M\u00f6belst\u00fcck zum Schreiben und Aufbewahren kleiner Korrespondenz, versenkbarer Schreibtisch. Mit zahlreichen internen Abteilungen erh\u00f6ht sich die Funktionalit\u00e4t. Die Form und Dekoration repr\u00e4sentieren gut den vielseitigen Stil. Perfekt f\u00fcr einen Laptop.<br \/>\nMassiv und Walnussfurnier.<br \/>\nPerfekter Zustand.<br \/>\nAbmessungen: H\u00f6he 109 cm, L\u00e4nge 59 cm, Breite 57 cm.<\/p>","protected":false},"featured_media":1160,"comment_status":"closed","ping_status":"closed","template":"","meta":[],"product_cat":[17,31],"product_tag":[],"class_list":{"0":"post-1159","1":"product","2":"type-product","3":"status-publish","4":"has-post-thumbnail","6":"product_cat-meble","7":"product_cat-sekretery-sekretarzyki-biurka","9":"entry","10":"has-media","12":"first","13":"instock","14":"taxable","15":"shipping-taxable","16":"purchasable","17":"product-type-simple","18":"has-product-nav","19":"col","20":"span_1_of_3","21":"owp-content-center","22":"owp-thumbs-layout-horizontal","23":"owp-btn-normal","24":"owp-tabs-layout-horizontal"},"aioseo_notices":[],"_links":{"self":[{"href":"https:\/\/antykilion.pl\/de\/wp-json\/wp\/v2\/product\/1159","targetHints":{"allow":["GET"]}}],"collection":[{"href":"https:\/\/antykilion.pl\/de\/wp-json\/wp\/v2\/product"}],"about":[{"href":"https:\/\/antykilion.pl\/de\/wp-json\/wp\/v2\/types\/product"}],"replies":[{"embeddable":true,"href":"https:\/\/antykilion.pl\/de\/wp-json\/wp\/v2\/comments?post=1159"}],"wp:featuredmedia":[{"embeddable":true,"href":"https:\/\/antykilion.pl\/de\/wp-json\/wp\/v2\/media\/1160"}],"wp:attachment":[{"href":"https:\/\/antykilion.pl\/de\/wp-json\/wp\/v2\/media?parent=1159"}],"wp:term":[{"taxonomy":"product_cat","embeddable":true,"href":"https:\/\/antykilion.pl\/de\/wp-json\/wp\/v2\/product_cat?post=1159"},{"taxonomy":"product_tag","embeddable":true,"href":"https:\/\/antykilion.pl\/de\/wp-json\/wp\/v2\/product_tag?post=1159"}],"curies":[{"name":"wp","href":"https:\/\/api.w.org\/{rel}","templated":true}]}}