{"id":1238,"date":"2020-02-05T12:36:12","date_gmt":"2020-02-05T11:36:12","guid":{"rendered":"https:\/\/antykilion.pl\/?post_type=product&#038;p=1238"},"modified":"2021-09-03T14:16:39","modified_gmt":"2021-09-03T12:16:39","slug":"stol-xix-wiek-w-stylu-biedermeier-okolo-1820-40-rok","status":"publish","type":"product","link":"https:\/\/antykilion.pl\/de\/product\/stol-xix-wiek-w-stylu-biedermeier-okolo-1820-40-rok\/","title":{"rendered":"Tisch aus dem 19. Jahrhundert im Biedermeier-Stil um 1820\/40"},"content":{"rendered":"","protected":false},"excerpt":{"rendered":"<p>Tisch aus dem 19. Jahrhundert im Biedermeier-Stil um 1820\/40<br \/>\nmit einer runden Oberseite, die auf einem dreiseitigen Schaft getragen wird und sich nach unten erweitert, auf einer analogen Plattform platziert ist, reich eingelegt mit einem Blumenmuster, Schmetterlingen und B\u00e4ndern;<br \/>\nDer Tisch ist auf der Welle der Mode-R\u00fcckkehr f\u00fcr Neo-Rokoko und Neo-Barock-M\u00f6bel und deren Dekorationen gemacht. Das Blumeninlay bezieht sich auf niederl\u00e4ndische Ornamente, die um die Mitte des 18. Jahrhunderts verwendet wurden.<\/p>\n<p>Herkunft: Westeuropa, Niederlande (?), Erste H\u00e4lfte XIX Jahrhundert<br \/>\nHergestellt: Eiche, Walnuss, Furnier - Walnuss, Inlays - geflammte Birke, gebeizt;<br \/>\nZustand: Der Tisch ben\u00f6tigt leichte Kosmetik zum nat\u00fcrlichen Trocknen<br \/>\nAbmessungen: H\u00f6he 64 cm, Tischplatten-Durchmesser 94 cm<br \/>\nIch empfehle selten, sch\u00f6n!<\/p>","protected":false},"featured_media":1239,"comment_status":"closed","ping_status":"closed","template":"","meta":[],"product_cat":[17,33],"product_tag":[],"class_list":{"0":"post-1238","1":"product","2":"type-product","3":"status-publish","4":"has-post-thumbnail","6":"product_cat-meble","7":"product_cat-stoly-stoliki","9":"entry","10":"has-media","12":"first","13":"instock","14":"taxable","15":"shipping-taxable","16":"purchasable","17":"product-type-simple","18":"has-product-nav","19":"col","20":"span_1_of_3","21":"owp-content-center","22":"owp-thumbs-layout-horizontal","23":"owp-btn-normal","24":"owp-tabs-layout-horizontal"},"aioseo_notices":[],"_links":{"self":[{"href":"https:\/\/antykilion.pl\/de\/wp-json\/wp\/v2\/product\/1238","targetHints":{"allow":["GET"]}}],"collection":[{"href":"https:\/\/antykilion.pl\/de\/wp-json\/wp\/v2\/product"}],"about":[{"href":"https:\/\/antykilion.pl\/de\/wp-json\/wp\/v2\/types\/product"}],"replies":[{"embeddable":true,"href":"https:\/\/antykilion.pl\/de\/wp-json\/wp\/v2\/comments?post=1238"}],"wp:featuredmedia":[{"embeddable":true,"href":"https:\/\/antykilion.pl\/de\/wp-json\/wp\/v2\/media\/1239"}],"wp:attachment":[{"href":"https:\/\/antykilion.pl\/de\/wp-json\/wp\/v2\/media?parent=1238"}],"wp:term":[{"taxonomy":"product_cat","embeddable":true,"href":"https:\/\/antykilion.pl\/de\/wp-json\/wp\/v2\/product_cat?post=1238"},{"taxonomy":"product_tag","embeddable":true,"href":"https:\/\/antykilion.pl\/de\/wp-json\/wp\/v2\/product_tag?post=1238"}],"curies":[{"name":"wp","href":"https:\/\/api.w.org\/{rel}","templated":true}]}}