{"id":1386,"date":"2020-02-07T12:10:31","date_gmt":"2020-02-07T11:10:31","guid":{"rendered":"https:\/\/antykilion.pl\/?post_type=product&#038;p=1386"},"modified":"2021-09-03T14:16:40","modified_gmt":"2021-09-03T12:16:40","slug":"fotel-eklektyczny-xix-wiek-w-stylu-eklektycznym-okolo-1870-90-roku-czerniony","status":"publish","type":"product","link":"https:\/\/antykilion.pl\/de\/product\/fotel-eklektyczny-xix-wiek-w-stylu-eklektycznym-okolo-1870-90-roku-czerniony\/","title":{"rendered":"Eklektischer Sessel XIX Jahrhundert, in einem eklektischen Stil um 1870\/90, geschw\u00e4rzt"},"content":{"rendered":"","protected":false},"excerpt":{"rendered":"<p>Eklektischer Sessel XIX Jahrhundert, in einem eklektischen Stil um 1870\/90, geschw\u00e4rzt<br \/>\n gepolstert (R\u00fcckenlehnen, Sitze, Armlehnen), mit geraden, leicht geneigten R\u00fcckenlehnen und trapezf\u00f6rmigen Sitzen, umschlossen von gerollten Balustern, vorne auf Balusterbeinen gest\u00fctzt und hinten s\u00e4belf\u00f6rmig, eckig. Die R\u00fcckseiten sind mit durchbrochenen Balustern gekr\u00f6nt, mit einer stilisierten Schale in der Mitte und Zinnen mit Balustern an den Seiten.<br \/>\nM\u00f6bel mit charakteristischen Merkmalen des sp\u00e4ten 19. Jahrhunderts, die Elemente des manieristischen Stils und des Barock kombinieren. Die Ausstattung zeichnet sich durch hochwertige Holzschnitzerei aus.<br \/>\nHerkunft: Mitteleuropa, Polen<br \/>\nMaterial: Buchmassiv oder geschw\u00e4rzte Walnuss<br \/>\nZustand: sehr gut einzulegen<br \/>\nAbmessungen: Gesamth\u00f6he <\/p>","protected":false},"featured_media":1388,"comment_status":"closed","ping_status":"closed","template":"","meta":[],"product_cat":[24,17],"product_tag":[],"class_list":{"0":"post-1386","1":"product","2":"type-product","3":"status-publish","4":"has-post-thumbnail","6":"product_cat-fotele","7":"product_cat-meble","9":"entry","10":"has-media","12":"first","13":"instock","14":"taxable","15":"shipping-taxable","16":"purchasable","17":"product-type-simple","18":"has-product-nav","19":"col","20":"span_1_of_3","21":"owp-content-center","22":"owp-thumbs-layout-horizontal","23":"owp-btn-normal","24":"owp-tabs-layout-horizontal"},"aioseo_notices":[],"_links":{"self":[{"href":"https:\/\/antykilion.pl\/de\/wp-json\/wp\/v2\/product\/1386","targetHints":{"allow":["GET"]}}],"collection":[{"href":"https:\/\/antykilion.pl\/de\/wp-json\/wp\/v2\/product"}],"about":[{"href":"https:\/\/antykilion.pl\/de\/wp-json\/wp\/v2\/types\/product"}],"replies":[{"embeddable":true,"href":"https:\/\/antykilion.pl\/de\/wp-json\/wp\/v2\/comments?post=1386"}],"wp:featuredmedia":[{"embeddable":true,"href":"https:\/\/antykilion.pl\/de\/wp-json\/wp\/v2\/media\/1388"}],"wp:attachment":[{"href":"https:\/\/antykilion.pl\/de\/wp-json\/wp\/v2\/media?parent=1386"}],"wp:term":[{"taxonomy":"product_cat","embeddable":true,"href":"https:\/\/antykilion.pl\/de\/wp-json\/wp\/v2\/product_cat?post=1386"},{"taxonomy":"product_tag","embeddable":true,"href":"https:\/\/antykilion.pl\/de\/wp-json\/wp\/v2\/product_tag?post=1386"}],"curies":[{"name":"wp","href":"https:\/\/api.w.org\/{rel}","templated":true}]}}