{"id":1486,"date":"2020-02-07T20:40:53","date_gmt":"2020-02-07T19:40:53","guid":{"rendered":"https:\/\/antykilion.pl\/?post_type=product&#038;p=1486"},"modified":"2024-07-01T21:53:39","modified_gmt":"2024-07-01T19:53:39","slug":"szafa-katowa-xix-wiek-w-stylu-biedermeier-okolo-1820-30-roku","status":"publish","type":"product","link":"https:\/\/antykilion.pl\/de\/product\/szafa-katowa-xix-wiek-w-stylu-biedermeier-okolo-1820-30-roku\/","title":{"rendered":"Eckgarderobe XIX Jahrhundert im Biedermeier-Stil um 1820\/30"},"content":{"rendered":"","protected":false},"excerpt":{"rendered":"<p>Eckgarderobe XIX Jahrhundert im Biedermeier-Stil um 1820\/30<br \/>\nHergestellt aus zwei einbl\u00e4ttrigen geschlossenen K\u00f6rpern mit geraden Seiten und einer gew\u00f6lbten Vorderseite, furniert, auf drei eckigen Beinen gest\u00fctzt. Im Innenraum zwei Regale. ein Schrank, in dem Geschirr, Lebensmittel und Tischw\u00e4sche aufbewahrt werden. Hergestellt in Form eines praktischen Eckm\u00f6bels, dank dessen trotz einer relativ gro\u00dfen internen Nutzfl\u00e4che weniger Platz im Innenraum beansprucht wurde.<br \/>\nMaterial: Struktur - Eiche, Kiefer, Walnuss; Furnier - Mahagoni,<br \/>\nHerkunft: Mitteleuropa, Deutschland (?), Polen, ca. 1820\/1830.<br \/>\nZus\u00e4tzlich sind die Etiketten auf den M\u00f6beln !!!!!<br \/>\nAbmessungen: H\u00f6he 209,5 cm. L\u00e4nge. 83 cm. Breite. 53 cm.<br \/>\nEin M\u00f6belst\u00fcck, das auf dem Antiquariatsmarkt sehr gefragt ist.<\/p>","protected":false},"featured_media":1488,"comment_status":"closed","ping_status":"closed","template":"","meta":[],"product_cat":[27,17,34],"product_tag":[],"class_list":{"0":"post-1486","1":"product","2":"type-product","3":"status-publish","4":"has-post-thumbnail","6":"product_cat-kredensy-bufety","7":"product_cat-meble","8":"product_cat-szafy","10":"entry","11":"has-media","13":"first","14":"instock","15":"taxable","16":"shipping-taxable","17":"purchasable","18":"product-type-simple","19":"has-product-nav","20":"col","21":"span_1_of_3","22":"owp-content-center","23":"owp-thumbs-layout-horizontal","24":"owp-btn-normal","25":"owp-tabs-layout-horizontal"},"aioseo_notices":[],"_links":{"self":[{"href":"https:\/\/antykilion.pl\/de\/wp-json\/wp\/v2\/product\/1486","targetHints":{"allow":["GET"]}}],"collection":[{"href":"https:\/\/antykilion.pl\/de\/wp-json\/wp\/v2\/product"}],"about":[{"href":"https:\/\/antykilion.pl\/de\/wp-json\/wp\/v2\/types\/product"}],"replies":[{"embeddable":true,"href":"https:\/\/antykilion.pl\/de\/wp-json\/wp\/v2\/comments?post=1486"}],"wp:featuredmedia":[{"embeddable":true,"href":"https:\/\/antykilion.pl\/de\/wp-json\/wp\/v2\/media\/1488"}],"wp:attachment":[{"href":"https:\/\/antykilion.pl\/de\/wp-json\/wp\/v2\/media?parent=1486"}],"wp:term":[{"taxonomy":"product_cat","embeddable":true,"href":"https:\/\/antykilion.pl\/de\/wp-json\/wp\/v2\/product_cat?post=1486"},{"taxonomy":"product_tag","embeddable":true,"href":"https:\/\/antykilion.pl\/de\/wp-json\/wp\/v2\/product_tag?post=1486"}],"curies":[{"name":"wp","href":"https:\/\/api.w.org\/{rel}","templated":true}]}}