{"id":1708,"date":"2020-02-09T18:44:36","date_gmt":"2020-02-09T17:44:36","guid":{"rendered":"https:\/\/antykilion.pl\/?post_type=product&#038;p=1708"},"modified":"2021-09-03T14:16:41","modified_gmt":"2021-09-03T12:16:41","slug":"roman-bratkowski-polska-1869-1954-lodzi-zacumowane-lodzie","status":"publish","type":"product","link":"https:\/\/antykilion.pl\/de\/product\/roman-bratkowski-polska-1869-1954-lodzi-zacumowane-lodzie\/","title":{"rendered":"Roman Bratkowski (Polen 1869-1954 Boote), festgemachte Boote"},"content":{"rendered":"<p>Roman BRATKOWSKI<\/p>\n<p>1869-1954<\/p>\n<p>Er studierte an der Schule der Sch\u00f6nen K\u00fcnste in Krakau bei Feliks Szynalewski, Ignacy Jab\u0142o\u0144ski und W\u0142adys\u0142aw \u0141uszczkiewicz (in den Jahren 1888-1890). Er setzte sein Malstudium in Wien fort. In den Jahren 1894-1896 studierte er an der privaten Malschule von Anton A\u017eb\u00e9 in M\u00fcnchen, wo er viele Male zur\u00fcckkehrte. Ab 1891 nahm der K\u00fcnstler regelm\u00e4\u00dfig an Ausstellungen im TZSP in Warschau und im TPSP in Krakau und Lemberg teil. Ab 1903 arbeitete er mit Stanis\u0142aw Batowski in der Malschule in Lemberg zusammen. Bratkowski malte haupts\u00e4chlich Landschaften, die von Meerblick und Nocturnes dominiert wurden. Die Gem\u00e4lde des K\u00fcnstlers befinden sich in den Sammlungen von Museen in Krakau, Warschau und Tarn\u00f3w sowie in Privatsammlungen. Sie waren perfekt komponiert und fertig, erf\u00fcllt von einer Stimmung subtiler Melancholie. Sie zeichneten sich durch die F\u00e4higkeit aus, Naturph\u00e4nomene zu beobachten und zu synthetisieren, wobei insbesondere der Kontrast von Bewegung und Frieden in der Landschaft hervorgehoben wurde.<\/p>","protected":false},"excerpt":{"rendered":"<p>Roman Bratkowski (Polen 1869-1954 Boote), festgemachte Boote<br \/>\nTechnik: \u00d6l auf Leinwand<br \/>\nZustand: sehr gut<br \/>\nUnterschrift: untere linke Ecke<br \/>\nAbmessungen: Leinw\u00e4nde von 60 x 80 cm mit einem Rahmen von 80 x 100 cm<br \/>\nUnten finden Sie Informationen zum K\u00fcnstler<\/p>","protected":false},"featured_media":1709,"comment_status":"closed","ping_status":"closed","template":"","meta":[],"product_cat":[41,39,40],"product_tag":[],"class_list":{"0":"post-1708","1":"product","2":"type-product","3":"status-publish","4":"has-post-thumbnail","6":"product_cat-malarstwo-dawne","7":"product_cat-dziela-sztuki","8":"product_cat-malarstwo","10":"entry","11":"has-media","13":"first","14":"instock","15":"taxable","16":"shipping-taxable","17":"purchasable","18":"product-type-simple","19":"has-product-nav","20":"col","21":"span_1_of_3","22":"owp-content-center","23":"owp-thumbs-layout-horizontal","24":"owp-btn-normal","25":"owp-tabs-layout-horizontal"},"aioseo_notices":[],"_links":{"self":[{"href":"https:\/\/antykilion.pl\/de\/wp-json\/wp\/v2\/product\/1708","targetHints":{"allow":["GET"]}}],"collection":[{"href":"https:\/\/antykilion.pl\/de\/wp-json\/wp\/v2\/product"}],"about":[{"href":"https:\/\/antykilion.pl\/de\/wp-json\/wp\/v2\/types\/product"}],"replies":[{"embeddable":true,"href":"https:\/\/antykilion.pl\/de\/wp-json\/wp\/v2\/comments?post=1708"}],"wp:featuredmedia":[{"embeddable":true,"href":"https:\/\/antykilion.pl\/de\/wp-json\/wp\/v2\/media\/1709"}],"wp:attachment":[{"href":"https:\/\/antykilion.pl\/de\/wp-json\/wp\/v2\/media?parent=1708"}],"wp:term":[{"taxonomy":"product_cat","embeddable":true,"href":"https:\/\/antykilion.pl\/de\/wp-json\/wp\/v2\/product_cat?post=1708"},{"taxonomy":"product_tag","embeddable":true,"href":"https:\/\/antykilion.pl\/de\/wp-json\/wp\/v2\/product_tag?post=1708"}],"curies":[{"name":"wp","href":"https:\/\/api.w.org\/{rel}","templated":true}]}}