{"id":1712,"date":"2020-02-09T18:56:23","date_gmt":"2020-02-09T17:56:23","guid":{"rendered":"https:\/\/antykilion.pl\/?post_type=product&#038;p=1712"},"modified":"2026-04-09T14:03:13","modified_gmt":"2026-04-09T12:03:13","slug":"miklos-mihalovits-1888-1960-akt-dziewczyny","status":"publish","type":"product","link":"https:\/\/antykilion.pl\/de\/product\/miklos-mihalovits-1888-1960-akt-dziewczyny\/","title":{"rendered":"Miklos Mihalovits (1888 - 1960), Akt eines jungen M\u00e4dchens"},"content":{"rendered":"<p>Miklos Mihalovits (1888 - 1960) war ein ungarischer Maler. Er studierte an der Highschool of Applied Arts und an der Bencz\u00far-Masterschool in Budapest. Er war auf Studienreisen nach Italien und Deutschland. Er stellte ab 1912 aus<\/p>","protected":false},"excerpt":{"rendered":"<p>Miklos Mihalovits (1888 - 1960), Akt eines jungen M\u00e4dchens.<br \/>\nSch\u00f6n!<br \/>\nTechnik: \u00d6l auf Leinwand<br \/>\nStan: obraz po konserwacji oczyszczony i nowy werniks<br \/>\nUnterschrift: untere linke Ecke<br \/>\nAbmessungen: mit einem 60 cm x 70 cm gro\u00dfen Rahmen<br \/>\nUnten finden Sie Informationen zum K\u00fcnstler.<br \/>\nMalarz. Studiowa\u0142 sztuk\u0119 w Budapeszcie, w Szkole Sztuk Stosowanych i w Szkole Mistrzowskiej Bencz\u00far. Odby\u0142 wyjazd studyjny do W\u0142och i Niemiec. Jeden z za\u0142o\u017cycieli Salonu Narodowego. Opr\u00f3cz obraz\u00f3w malowa\u0142 tak\u017ce freski i wykonywa\u0142 szklane okna. W 1929 roku mia\u0142 wystaw\u0119 zbiorcz\u0105 w M\u0171csarnok. Nagrody: Otrzyma\u0142 nagrod\u0119 jubileuszow\u0105 im. J\u00f3zsefa Ferenca w 1927 r. i nagrod\u0119 Vaszary w 1934 r.<\/p>","protected":false},"featured_media":10984,"comment_status":"closed","ping_status":"closed","template":"","meta":[],"product_cat":[41,39,40],"product_tag":[],"class_list":{"0":"post-1712","1":"product","2":"type-product","3":"status-publish","4":"has-post-thumbnail","6":"product_cat-malarstwo-dawne","7":"product_cat-dziela-sztuki","8":"product_cat-malarstwo","10":"entry","11":"has-media","13":"first","14":"instock","15":"featured","16":"taxable","17":"shipping-taxable","18":"purchasable","19":"product-type-simple","20":"has-product-nav","21":"col","22":"span_1_of_3","23":"owp-content-center","24":"owp-thumbs-layout-horizontal","25":"owp-btn-normal","26":"owp-tabs-layout-horizontal"},"aioseo_notices":[],"_links":{"self":[{"href":"https:\/\/antykilion.pl\/de\/wp-json\/wp\/v2\/product\/1712","targetHints":{"allow":["GET"]}}],"collection":[{"href":"https:\/\/antykilion.pl\/de\/wp-json\/wp\/v2\/product"}],"about":[{"href":"https:\/\/antykilion.pl\/de\/wp-json\/wp\/v2\/types\/product"}],"replies":[{"embeddable":true,"href":"https:\/\/antykilion.pl\/de\/wp-json\/wp\/v2\/comments?post=1712"}],"wp:featuredmedia":[{"embeddable":true,"href":"https:\/\/antykilion.pl\/de\/wp-json\/wp\/v2\/media\/10984"}],"wp:attachment":[{"href":"https:\/\/antykilion.pl\/de\/wp-json\/wp\/v2\/media?parent=1712"}],"wp:term":[{"taxonomy":"product_cat","embeddable":true,"href":"https:\/\/antykilion.pl\/de\/wp-json\/wp\/v2\/product_cat?post=1712"},{"taxonomy":"product_tag","embeddable":true,"href":"https:\/\/antykilion.pl\/de\/wp-json\/wp\/v2\/product_tag?post=1712"}],"curies":[{"name":"wp","href":"https:\/\/api.w.org\/{rel}","templated":true}]}}