{"id":1725,"date":"2020-02-09T19:12:03","date_gmt":"2020-02-09T18:12:03","guid":{"rendered":"https:\/\/antykilion.pl\/?post_type=product&#038;p=1725"},"modified":"2021-09-03T14:16:41","modified_gmt":"2021-09-03T12:16:41","slug":"jan-fyt-atrybucja-martwa-natura-okolo-1650-roku","status":"publish","type":"product","link":"https:\/\/antykilion.pl\/de\/product\/jan-fyt-atrybucja-martwa-natura-okolo-1650-roku\/","title":{"rendered":"Jan Fyt Zuschreibung, Stillleben um 1650"},"content":{"rendered":"<p>(Antverse Maler - Jan Fyt), neben Frans Snyder, war der ber\u00fchmteste fl\u00e4mische Maler des Stilllebens [...] er war ein sehr produktiver K\u00fcnstler, er hinterlie\u00df etwa 300 Gem\u00e4lde von 1638 bis 1661, es gibt auch viele seiner authentischen Werke, die weder signiert noch datiert sind . Die Arbeit ist ein \u00e4u\u00dferst dekoratives Gem\u00e4lde mit einer durchdachten, kompakten Komposition, die die Vielzahl verschiedener Naturformen zeigt. Sowohl die spielgeschlachteten V\u00f6gel als auch der Hund geh\u00f6ren zum typischen Repertoire von Jan Fyt&#039;s Stillleben, aber die Performances, die beide Themen kombinieren, erscheinen in der Arbeit des K\u00fcnstlers viel seltener. Fyt&#039;s Gem\u00e4lde pr\u00e4sentiert ein \u00e4hnliches Repertoire<\/p>\n<p>&quot;Https:\/\/www.khm.at\/en\/objectdb\/detail\/769\/?offset=0&amp;lv=list<\/p>\n<p>in der Sammlung des Kunsthistorischen Museums in Wien,<\/p>","protected":false},"excerpt":{"rendered":"<p>Jan Fyt Zuschreibung, Stillleben mit Jagdtroph\u00e4en und einem Hund, um 1650<br \/>\nTechnik: \u00d6l auf Leinwand<br \/>\nZustand: sehr gut<br \/>\nAbmessungen: Leinwand 51,5 cm x 71,5 cm<br \/>\nUnten finden Sie Informationen zum K\u00fcnstler<\/p>","protected":false},"featured_media":1726,"comment_status":"closed","ping_status":"closed","template":"","meta":[],"product_cat":[41,39,40],"product_tag":[],"class_list":{"0":"post-1725","1":"product","2":"type-product","3":"status-publish","4":"has-post-thumbnail","6":"product_cat-malarstwo-dawne","7":"product_cat-dziela-sztuki","8":"product_cat-malarstwo","10":"entry","11":"has-media","13":"first","14":"instock","15":"taxable","16":"shipping-taxable","17":"purchasable","18":"product-type-simple","19":"has-product-nav","20":"col","21":"span_1_of_3","22":"owp-content-center","23":"owp-thumbs-layout-horizontal","24":"owp-btn-normal","25":"owp-tabs-layout-horizontal"},"aioseo_notices":[],"_links":{"self":[{"href":"https:\/\/antykilion.pl\/de\/wp-json\/wp\/v2\/product\/1725","targetHints":{"allow":["GET"]}}],"collection":[{"href":"https:\/\/antykilion.pl\/de\/wp-json\/wp\/v2\/product"}],"about":[{"href":"https:\/\/antykilion.pl\/de\/wp-json\/wp\/v2\/types\/product"}],"replies":[{"embeddable":true,"href":"https:\/\/antykilion.pl\/de\/wp-json\/wp\/v2\/comments?post=1725"}],"wp:featuredmedia":[{"embeddable":true,"href":"https:\/\/antykilion.pl\/de\/wp-json\/wp\/v2\/media\/1726"}],"wp:attachment":[{"href":"https:\/\/antykilion.pl\/de\/wp-json\/wp\/v2\/media?parent=1725"}],"wp:term":[{"taxonomy":"product_cat","embeddable":true,"href":"https:\/\/antykilion.pl\/de\/wp-json\/wp\/v2\/product_cat?post=1725"},{"taxonomy":"product_tag","embeddable":true,"href":"https:\/\/antykilion.pl\/de\/wp-json\/wp\/v2\/product_tag?post=1725"}],"curies":[{"name":"wp","href":"https:\/\/api.w.org\/{rel}","templated":true}]}}