{"id":1838,"date":"2020-02-10T12:08:36","date_gmt":"2020-02-10T11:08:36","guid":{"rendered":"https:\/\/antykilion.pl\/?post_type=product&#038;p=1838"},"modified":"2021-11-29T07:22:48","modified_gmt":"2021-11-29T06:22:48","slug":"serwis-kawowy-xix-wiek-w-stylu-biedermeier-empir-manufaktury-nymphenburg","status":"publish","type":"product","link":"https:\/\/antykilion.pl\/de\/product\/serwis-kawowy-xix-wiek-w-stylu-biedermeier-empir-manufaktury-nymphenburg\/","title":{"rendered":"Kaffeeservice des 19. Jahrhunderts im Biedermeier \/ Empire-Stil, Manufakturen Nymphenburg"},"content":{"rendered":"<p> Herkunftsland: Deutschland<\/p>\n<p>Die Porzellanfabrik in Nymphenburg hat ihren Ursprung im bayerischen Kurf\u00fcrsten Maksymilian III. J\u00f3zef Wittelsbach, der nach seiner Macht\u00fcbernahme im Jahr 1745 die Schaffung von Manufakturen unterst\u00fctzte, die die Staatskasse bereichern sollten. Ab 1747 wurde versucht, in Bayern auf dem M\u00fcnchner Schloss Neudeck Porzellan herzustellen. Bis 1754 scheiterten die Versuche und brachten nur Verluste. Erst am 3. November dieses Jahres wurde der Bildhauer-Designer Franz Anton Bustelli engagiert und die Produktionstechnologie beherrscht. Im folgenden Jahr gab das Wahlgericht den ersten Beschluss in Auftrag. 1761 erhielt die Werkstatt ein neues Hauptquartier in einem von Joseph Effner entworfenen Geb\u00e4ude im Schloss Nymphenburg. Die Nachfolger von Bustelli, Dominik Auliczek senior und Johann Peter Melchior, trugen zum Aufbl\u00fchen des Workshops bei. 1765 waren bereits 187 Mitarbeiter besch\u00e4ftigt. Der bayerische K\u00f6nig Ludwik I. Wittelsbach erteilte zahlreiche Auftr\u00e4ge f\u00fcr Dienstleistungen mit Kopien ber\u00fchmter Gem\u00e4lde. 1810 wurde Anton Auer beauftragt, die k\u00f6nigliche Galerie einem Porzellanservice zu \u00fcbertragen. Christian Adler, ebenfalls Sohn von Anton Auer, wurde 1815 Chefmaler. Ab 1822 wurde Friedrich von G\u00e4rtner zum k\u00fcnstlerischen Leiter ernannt. Mitte des 19. Jahrhunderts ging die Herstellung zur\u00fcck, und 1856 wurde die Produktion von k\u00fcnstlerischem Porzellan eingestellt. 1862 wurde die Manufaktur gepachtet und ihre Produkte auf technisches und hygienisches Porzellan beschr\u00e4nkt. Albert B\u00e4uml (1855\u20131929) mietete die Werkstatt 1887 mit der Absicht, ihre fr\u00fchere Pracht wiederherzustellen. Zu Beginn des 20. Jahrhunderts wurden neben der historischen Porzellankopie Dienstleistungen im Stil des Jugendstils erbracht. Nach dem Tod von Albert B\u00e4um wurde die Manufaktur von seinen drei S\u00f6hnen durchgef\u00fchrt, 1975-2011 verpachtete die bayerische Regierung die Manufaktur an den Wittelsbacher Fonds und ab dem 1. Oktober 2011 \u00fcbernahm Prinz Luitpol Bawarskidwi die Manufaktur. Die Porzellanfabrik Nymphenburg ist neben den Fabriken in Mei\u00dfen und Sevr eine der herausragendsten Fabriken dieser Art weltweit.<\/p>","protected":false},"excerpt":{"rendered":"<p>Kaffeeservice des 19. Jahrhunderts im Biedermeier \/ Empire-Stil, Manufakturen Nymphenburg<br \/>\nSch\u00f6pfungszeitraum 1830\/40<br \/>\nDie Website besteht aus:<br \/>\n1 Kaffeekanne<br \/>\n1 Molkerei<br \/>\n1 Zuckerdose<br \/>\n4 Tassen Untertassen<br \/>\n4 Tassen<br \/>\nSehr guter Zustand.<br \/>\nNachfolgend finden Sie Informationen zu den Manufakturen.<\/p>","protected":false},"featured_media":1839,"comment_status":"closed","ping_status":"closed","template":"","meta":[],"product_cat":[50],"product_tag":[],"class_list":{"0":"post-1838","1":"product","2":"type-product","3":"status-publish","4":"has-post-thumbnail","6":"product_cat-porcelana-i-fajans","8":"entry","9":"has-media","11":"first","12":"instock","13":"taxable","14":"shipping-taxable","15":"purchasable","16":"product-type-simple","17":"has-product-nav","18":"col","19":"span_1_of_3","20":"owp-content-center","21":"owp-thumbs-layout-horizontal","22":"owp-btn-normal","23":"owp-tabs-layout-horizontal"},"aioseo_notices":[],"_links":{"self":[{"href":"https:\/\/antykilion.pl\/de\/wp-json\/wp\/v2\/product\/1838","targetHints":{"allow":["GET"]}}],"collection":[{"href":"https:\/\/antykilion.pl\/de\/wp-json\/wp\/v2\/product"}],"about":[{"href":"https:\/\/antykilion.pl\/de\/wp-json\/wp\/v2\/types\/product"}],"replies":[{"embeddable":true,"href":"https:\/\/antykilion.pl\/de\/wp-json\/wp\/v2\/comments?post=1838"}],"wp:featuredmedia":[{"embeddable":true,"href":"https:\/\/antykilion.pl\/de\/wp-json\/wp\/v2\/media\/1839"}],"wp:attachment":[{"href":"https:\/\/antykilion.pl\/de\/wp-json\/wp\/v2\/media?parent=1838"}],"wp:term":[{"taxonomy":"product_cat","embeddable":true,"href":"https:\/\/antykilion.pl\/de\/wp-json\/wp\/v2\/product_cat?post=1838"},{"taxonomy":"product_tag","embeddable":true,"href":"https:\/\/antykilion.pl\/de\/wp-json\/wp\/v2\/product_tag?post=1838"}],"curies":[{"name":"wp","href":"https:\/\/api.w.org\/{rel}","templated":true}]}}