{"id":1865,"date":"2020-02-10T15:01:02","date_gmt":"2020-02-10T14:01:02","guid":{"rendered":"https:\/\/antykilion.pl\/?post_type=product&#038;p=1865"},"modified":"2025-02-19T09:04:41","modified_gmt":"2025-02-19T08:04:41","slug":"zegar-wiszacy-koniec-xix-wieku-firmy-germania-swiebodzice-okolo-1890-roku-nr-2","status":"publish","type":"product","link":"https:\/\/antykilion.pl\/de\/product\/zegar-wiszacy-koniec-xix-wieku-firmy-germania-swiebodzice-okolo-1890-roku-nr-2\/","title":{"rendered":"H\u00e4ngende Uhr Ende des 19. Jahrhunderts von Germania \u015awiebodzice um 1890, Nr. 2"},"content":{"rendered":"<p>In \u015awiebodzice, fr\u00fcher in den Geb\u00e4uden der heutigen J\u00f3zefa Pi\u0142sudskiego-Stra\u00dfe, gab es in \u015awiebodzice eine der bekanntesten Uhrenfirmen namens Germania. In seiner jahrzehntelangen Geschichte hat dieses Unternehmen sehr turbulente Ereignisse erlebt. In seiner Geschichte gab es Momente des Wachstums und der Bl\u00fcte, aber auch Perioden von Streitigkeiten und Rechtsstreitigkeiten. Trotzdem gilt Germania heute als ein Unternehmen, das in der Geschichte der \u015awiebodzkie-Uhrenindustrie mit einer sehr bedeutenden Anzahl produzierter Uhren aufwarten kann, in dieser Hinsicht nur die Gustav Becker-Gruppe.<\/p>\n<p>Der Er\u00f6ffnungstermin der Fabrik ist heute der 1. Oktober 1871. Hier ist hinzuzuf\u00fcgen, dass im selben Jahr die Gr\u00fcndung des Deutschen Reiches mit Kaiser Wilhelm I. Hohenzollern (18. Januar 1871) proklamiert wurde, daher in Erinnerung an dieses denkw\u00fcrdige Ereignis die Gr\u00fcnder von \u015awiebodzice Die Unternehmen beschlossen, es Germania zu nennen. Das \u00f6rtliche Unternehmen war ein Unternehmen, das urspr\u00fcnglich auf der Grundlage von t\u00e4tig war Genossenschaft (1) oder eine freiwillige Vereinigung von 17 Personen, ehemalige Mitarbeiter der Gustav-Becker-Gruppe, die beschlossen, ihren Arbeitgeber zu verlassen und ein eigenes Unternehmen zu gr\u00fcnden.<\/p>","protected":false},"excerpt":{"rendered":"<p>H\u00e4ngende Uhr Ende des 19. Jahrhunderts von Germania \u015awiebodzice um 1890. Nr. 2<br \/>\nMaterial: Walnussfurnier<br \/>\nAbmessungen: L\u00e4nge: ca. 135 cm, Tiefe 17 cm, Breite: 43 cm.<br \/>\nZustand: sehr gut nach der Uhrmacherkunst<br \/>\nAlle Uhren in der Galerie sind in ihrem urspr\u00fcnglichen Zustand, sie haben noch nie etwas aus Geh\u00e4usen und Mechanismen hergestellt, was heute \u00e4u\u00dferst selten ist.<br \/>\nGermania ist auf unserem Markt sehr selten.<br \/>\nUnten finden Sie Informationen zur Herkunft.<\/p>","protected":false},"featured_media":1866,"comment_status":"closed","ping_status":"closed","template":"","meta":[],"product_cat":[53,51],"product_tag":[],"class_list":{"0":"post-1865","1":"product","2":"type-product","3":"status-publish","4":"has-post-thumbnail","6":"product_cat-zegary-wiszace","7":"product_cat-zegary","9":"entry","10":"has-media","12":"first","13":"instock","14":"taxable","15":"shipping-taxable","16":"purchasable","17":"product-type-simple","18":"has-product-nav","19":"col","20":"span_1_of_3","21":"owp-content-center","22":"owp-thumbs-layout-horizontal","23":"owp-btn-normal","24":"owp-tabs-layout-horizontal"},"aioseo_notices":[],"_links":{"self":[{"href":"https:\/\/antykilion.pl\/de\/wp-json\/wp\/v2\/product\/1865","targetHints":{"allow":["GET"]}}],"collection":[{"href":"https:\/\/antykilion.pl\/de\/wp-json\/wp\/v2\/product"}],"about":[{"href":"https:\/\/antykilion.pl\/de\/wp-json\/wp\/v2\/types\/product"}],"replies":[{"embeddable":true,"href":"https:\/\/antykilion.pl\/de\/wp-json\/wp\/v2\/comments?post=1865"}],"wp:featuredmedia":[{"embeddable":true,"href":"https:\/\/antykilion.pl\/de\/wp-json\/wp\/v2\/media\/1866"}],"wp:attachment":[{"href":"https:\/\/antykilion.pl\/de\/wp-json\/wp\/v2\/media?parent=1865"}],"wp:term":[{"taxonomy":"product_cat","embeddable":true,"href":"https:\/\/antykilion.pl\/de\/wp-json\/wp\/v2\/product_cat?post=1865"},{"taxonomy":"product_tag","embeddable":true,"href":"https:\/\/antykilion.pl\/de\/wp-json\/wp\/v2\/product_tag?post=1865"}],"curies":[{"name":"wp","href":"https:\/\/api.w.org\/{rel}","templated":true}]}}