{"id":1926,"date":"2020-02-10T19:54:07","date_gmt":"2020-02-10T18:54:07","guid":{"rendered":"https:\/\/antykilion.pl\/?post_type=product&#038;p=1926"},"modified":"2021-09-03T14:16:42","modified_gmt":"2021-09-03T12:16:42","slug":"sofa-bez-oparc-xix-wiek-w-stylu-ludwika-xv-okolo-1870-80-roku","status":"publish","type":"product","link":"https:\/\/antykilion.pl\/de\/product\/sofa-bez-oparc-xix-wiek-w-stylu-ludwika-xv-okolo-1870-80-roku\/","title":{"rendered":"Ein Sofa ohne R\u00fccken aus dem 19. Jahrhundert im Stil Ludwigs XV. Um 1870\/80."},"content":{"rendered":"","protected":false},"excerpt":{"rendered":"<p>Ein Sofa ohne R\u00fccken aus dem 19. Jahrhundert im Stil Ludwigs XV. Um 1870\/80.<br \/>\nEs ist an R\u00fccken, Sitz und Seiten gepolstert und auf vier Cabrio-Beinen mit Volutenende gest\u00fctzt. Eine Couch mit gewellten Rahmenelementen mit einer R\u00fcckenlehne, die an den unteren Seiten entlang verl\u00e4uft und in drei Teile unterteilt ist. R\u00fcckenlehnen mit Schnitzereien verziert.<br \/>\nMassive Walnusskonstruktion.<br \/>\nSehr guter Zustand.<br \/>\nHerkunft: \u00d6sterreich Wien<br \/>\nAbmessungen: L\u00e4nge 110 cm, <\/p>","protected":false},"featured_media":1927,"comment_status":"closed","ping_status":"closed","template":"","meta":[],"product_cat":[17,32],"product_tag":[],"class_list":{"0":"post-1926","1":"product","2":"type-product","3":"status-publish","4":"has-post-thumbnail","6":"product_cat-meble","7":"product_cat-sofy","9":"entry","10":"has-media","12":"first","13":"instock","14":"taxable","15":"shipping-taxable","16":"purchasable","17":"product-type-simple","18":"has-product-nav","19":"col","20":"span_1_of_3","21":"owp-content-center","22":"owp-thumbs-layout-horizontal","23":"owp-btn-normal","24":"owp-tabs-layout-horizontal"},"aioseo_notices":[],"_links":{"self":[{"href":"https:\/\/antykilion.pl\/de\/wp-json\/wp\/v2\/product\/1926","targetHints":{"allow":["GET"]}}],"collection":[{"href":"https:\/\/antykilion.pl\/de\/wp-json\/wp\/v2\/product"}],"about":[{"href":"https:\/\/antykilion.pl\/de\/wp-json\/wp\/v2\/types\/product"}],"replies":[{"embeddable":true,"href":"https:\/\/antykilion.pl\/de\/wp-json\/wp\/v2\/comments?post=1926"}],"wp:featuredmedia":[{"embeddable":true,"href":"https:\/\/antykilion.pl\/de\/wp-json\/wp\/v2\/media\/1927"}],"wp:attachment":[{"href":"https:\/\/antykilion.pl\/de\/wp-json\/wp\/v2\/media?parent=1926"}],"wp:term":[{"taxonomy":"product_cat","embeddable":true,"href":"https:\/\/antykilion.pl\/de\/wp-json\/wp\/v2\/product_cat?post=1926"},{"taxonomy":"product_tag","embeddable":true,"href":"https:\/\/antykilion.pl\/de\/wp-json\/wp\/v2\/product_tag?post=1926"}],"curies":[{"name":"wp","href":"https:\/\/api.w.org\/{rel}","templated":true}]}}