{"id":2007,"date":"2020-02-12T14:01:40","date_gmt":"2020-02-12T13:01:40","guid":{"rendered":"https:\/\/antykilion.pl\/?post_type=product&#038;p=2007"},"modified":"2026-03-22T19:45:42","modified_gmt":"2026-03-22T18:45:42","slug":"boulle-xix-wiek-palacowy-bufet-prawdziwy-szylkret-jako-jedyny-w-polsce","status":"publish","type":"product","link":"https:\/\/antykilion.pl\/de\/product\/boulle-xix-wiek-palacowy-bufet-prawdziwy-szylkret-jako-jedyny-w-polsce\/","title":{"rendered":"Boulle XIX Jahrhundert, Palastbuffet, echte Schildkr\u00f6te als einzige in Polen!"},"content":{"rendered":"","protected":false},"excerpt":{"rendered":"<p>BUFET- Boulle M\u00f6belschrank ERSTE H\u00c4LFTE DES XIX. JAHRHUNDERTS !!!!!<br \/>\nM\u00f6bel mit gewellten Seiten und vorderen und abgeschr\u00e4gten vorderen Ecken, mit zwei Bl\u00e4ttern verschlossen, auf Konsolenbeinen abgest\u00fctzt. Alles furniert, schwarz gebeizt, poliert auf sogenannten Franz\u00f6sische Matte, verziert mit einer Einlage aus Messing, die Blumenmuster schafft, auf einem Schildpatt, zus\u00e4tzlich reich verziert mit vergoldeten Bronzen. An den T\u00fcrfl\u00fcgeln ovale Medaillons, umschlossen von einer profilierten Bronze, die mit einer Lamelle vergoldet und von dreieckigen Feldern in den Ecken umschlossen ist. Oberes Gesims und Sockel von einer profilierten Lamelle umschlossen. Die vorderen Ecken oben und unten sind mit Rosetten verziert, im oberen Teil auch Karyatiden. Zwei Regale innen;<br \/>\nZustand: sehr gut nach der Wartung<br \/>\nKonstruktion - BIRNE, Furnier - Mahagoni<br \/>\nHerkunft: Frankreich, um 1810-50<br \/>\nAbmessungen: L\u00e4nge 140 cm, H\u00f6he 110 cm<br \/>\nM\u00f6bel. Hat Dokumentation nach der Konservierung.<\/p>","protected":false},"featured_media":2008,"comment_status":"closed","ping_status":"closed","template":"","meta":[],"product_cat":[26,27,17],"product_tag":[],"class_list":{"0":"post-2007","1":"product","2":"type-product","3":"status-publish","4":"has-post-thumbnail","6":"product_cat-komody","7":"product_cat-kredensy-bufety","8":"product_cat-meble","10":"entry","11":"has-media","13":"first","14":"instock","15":"taxable","16":"shipping-taxable","17":"purchasable","18":"product-type-simple","19":"has-product-nav","20":"col","21":"span_1_of_3","22":"owp-content-center","23":"owp-thumbs-layout-horizontal","24":"owp-btn-normal","25":"owp-tabs-layout-horizontal"},"aioseo_notices":[],"_links":{"self":[{"href":"https:\/\/antykilion.pl\/de\/wp-json\/wp\/v2\/product\/2007","targetHints":{"allow":["GET"]}}],"collection":[{"href":"https:\/\/antykilion.pl\/de\/wp-json\/wp\/v2\/product"}],"about":[{"href":"https:\/\/antykilion.pl\/de\/wp-json\/wp\/v2\/types\/product"}],"replies":[{"embeddable":true,"href":"https:\/\/antykilion.pl\/de\/wp-json\/wp\/v2\/comments?post=2007"}],"wp:featuredmedia":[{"embeddable":true,"href":"https:\/\/antykilion.pl\/de\/wp-json\/wp\/v2\/media\/2008"}],"wp:attachment":[{"href":"https:\/\/antykilion.pl\/de\/wp-json\/wp\/v2\/media?parent=2007"}],"wp:term":[{"taxonomy":"product_cat","embeddable":true,"href":"https:\/\/antykilion.pl\/de\/wp-json\/wp\/v2\/product_cat?post=2007"},{"taxonomy":"product_tag","embeddable":true,"href":"https:\/\/antykilion.pl\/de\/wp-json\/wp\/v2\/product_tag?post=2007"}],"curies":[{"name":"wp","href":"https:\/\/api.w.org\/{rel}","templated":true}]}}