{"id":2022,"date":"2020-02-12T14:20:34","date_gmt":"2020-02-12T13:20:34","guid":{"rendered":"https:\/\/antykilion.pl\/?post_type=product&#038;p=2022"},"modified":"2021-09-03T14:16:42","modified_gmt":"2021-09-03T12:16:42","slug":"szafa-sieniowa-barok-xviii-wiek-piekna-okolo-1770-roku","status":"publish","type":"product","link":"https:\/\/antykilion.pl\/de\/product\/szafa-sieniowa-barok-xviii-wiek-piekna-okolo-1770-roku\/","title":{"rendered":"Scheunengarderobe 18. Jahrhundert, wundersch\u00f6n um 1770"},"content":{"rendered":"","protected":false},"excerpt":{"rendered":"<p>Ein Flurschrank mit Randstruktur und geraden Seiten vorne, abgeschlossen mit einem einfachen, reich profilierten Gesims, das mit zwei Fl\u00fcgeln geschlossen ist und vier Schubladen in der Bodenplatte hat, die auf f\u00fcnf kugelf\u00f6rmigen Beinen getragen werden. Das Ganze ist mit gemustertem Furnier furniert, eingelegt und ge\u00e4dert. Die Vorderseite ist durch drei vor dem K\u00f6rper leicht hervorstehende Pilaster in zwei Achsen unterteilt, die mit geschnitzten, reich verzierten Kapitellen gekr\u00f6nt sind, zwischen denen die T\u00fcr mit ovalen Pseudopaneelen abf\u00e4hrt. Der untere Rand wiederholt den Umriss des K\u00f6rpers durch hervorstehende Pilasterhalterungen und vertiefte Schubladenfl\u00e4chen. Der Boden ist breit, in der Mitte gebrochen und steht nach vorne vor, mit einem kleinen rechteckigen Feld, das von einem Profilstreifen eingerahmt wird. Der K\u00f6rper und der untere Rand sind mit polygonalen Kissen verziert, die von profilierten Streifen eingerahmt werden. Die Kissen an den T\u00fcrbl\u00e4ttern und Schubladenfl\u00e4chen sind l\u00e4nglich mit einem sternf\u00f6rmigen Umriss in der Mitte, die mit dem Muster eines vierzackigen Sterns versehen ist. Vier Regale innen.<br \/>\nZustand: original, sehr altersgerecht, trocken an den T\u00fcrverkleidungen<br \/>\nUrsprung; Westeuropa<br \/>\nKonstruktion; Kiefer, Eiche Furnier Esche?<br \/>\nAbmessungen: Breite 210 cm, Tiefe 76 cm, H\u00f6he 222 cm<\/p>","protected":false},"featured_media":2023,"comment_status":"closed","ping_status":"closed","template":"","meta":[],"product_cat":[17,34],"product_tag":[],"class_list":{"0":"post-2022","1":"product","2":"type-product","3":"status-publish","4":"has-post-thumbnail","6":"product_cat-meble","7":"product_cat-szafy","9":"entry","10":"has-media","12":"first","13":"instock","14":"taxable","15":"shipping-taxable","16":"purchasable","17":"product-type-simple","18":"has-product-nav","19":"col","20":"span_1_of_3","21":"owp-content-center","22":"owp-thumbs-layout-horizontal","23":"owp-btn-normal","24":"owp-tabs-layout-horizontal"},"aioseo_notices":[],"_links":{"self":[{"href":"https:\/\/antykilion.pl\/de\/wp-json\/wp\/v2\/product\/2022","targetHints":{"allow":["GET"]}}],"collection":[{"href":"https:\/\/antykilion.pl\/de\/wp-json\/wp\/v2\/product"}],"about":[{"href":"https:\/\/antykilion.pl\/de\/wp-json\/wp\/v2\/types\/product"}],"replies":[{"embeddable":true,"href":"https:\/\/antykilion.pl\/de\/wp-json\/wp\/v2\/comments?post=2022"}],"wp:featuredmedia":[{"embeddable":true,"href":"https:\/\/antykilion.pl\/de\/wp-json\/wp\/v2\/media\/2023"}],"wp:attachment":[{"href":"https:\/\/antykilion.pl\/de\/wp-json\/wp\/v2\/media?parent=2022"}],"wp:term":[{"taxonomy":"product_cat","embeddable":true,"href":"https:\/\/antykilion.pl\/de\/wp-json\/wp\/v2\/product_cat?post=2022"},{"taxonomy":"product_tag","embeddable":true,"href":"https:\/\/antykilion.pl\/de\/wp-json\/wp\/v2\/product_tag?post=2022"}],"curies":[{"name":"wp","href":"https:\/\/api.w.org\/{rel}","templated":true}]}}