{"id":2193,"date":"2020-03-02T16:11:15","date_gmt":"2020-03-02T15:11:15","guid":{"rendered":"https:\/\/antykilion.pl\/?post_type=product&#038;p=2193"},"modified":"2021-09-03T14:16:43","modified_gmt":"2021-09-03T12:16:43","slug":"zegar-wiszacy-linkowy-xix-wiek-sygnowany-gustav-becker-137-cm-okolo-1880-90-r","status":"publish","type":"product","link":"https:\/\/antykilion.pl\/de\/product\/zegar-wiszacy-linkowy-xix-wiek-sygnowany-gustav-becker-137-cm-okolo-1880-90-r\/","title":{"rendered":"H\u00e4ngende Seiluhr XIX Jahrhundert, signiert Gustav Becker 137 cm, um 1880\/90"},"content":{"rendered":"<p>Gustav Eduard Becker (* 2. Mai 1819 in Ole\u015bnica, * 14. September 1885 in Berchtesgaden) - deutscher Uhrmacher und Gr\u00fcnder der Uhrenmarke Gustav Becker.<\/p>\n<p>Er wurde in Niederschlesien geboren. Er studierte als Geselle in Frankfurt, La Chaux-de-Fonds, Dresden, M\u00fcnchen, Berlin und Wien (bei Uhrmachermeister Philip Happacher). Am 1. April 1847 er\u00f6ffnete er das erste Uhrengesch\u00e4ft in \u015awiebodzice. 1852 wurden seine Uhren auf der Industrieausstellung in Breslau als Gustav Becker signiert. 1854 erhielt Becker einen Vertrag mit der Post. Die Produktion stieg stark an, weil Becker 1873 auf der Weltausstellung in Wien die Produktion von 75.000 und 1875 100.000 Uhren ank\u00fcndigte. Am 15. Mai 1885 waren es bereits 750.000, und 1892 wurden 1.000.000 Uhren hergestellt. Nach seinem Tod wurde das Unternehmen von seinem Sohn Paul Albert Becker \u00fcbernommen und \u00fcbernahm das Unternehmen. Die millionste Uhr befindet sich in der Sammlung Termet SA (ehemals Predom Termet) in \u015awiebodzice, die nach 1945 das Verm\u00f6gen von Beckers Fabrik \u00fcbernahm. Das Grab von Gustav Becker befindet sich auf dem st\u00e4dtischen Friedhof in \u015awiebodzice.<\/p>","protected":false},"excerpt":{"rendered":"<p>H\u00e4ngende Seiluhr XIX Jahrhundert, signiert Gustav Becker 137 cm, um 1880\/90, in einem Wiener Geh\u00e4use<br \/>\nMaterial: Walnussfurnier.<br \/>\nSignierter und nummerierter Mechanismus, eine sehr seltene Art von Mechanismus.<br \/>\nZustand: sehr gut nach Uhrmacher Bewertung, Originalgeh\u00e4use sehr gut.<br \/>\nAbmessungen: H\u00f6he 137 cm, Breite 20 cm, L\u00e4nge 41 cm<br \/>\nBeeindruckend!<br \/>\nNachfolgend Informationen zum Hersteller.<\/p>","protected":false},"featured_media":2194,"comment_status":"closed","ping_status":"closed","template":"","meta":[],"product_cat":[53,51],"product_tag":[],"class_list":{"0":"post-2193","1":"product","2":"type-product","3":"status-publish","4":"has-post-thumbnail","6":"product_cat-zegary-wiszace","7":"product_cat-zegary","9":"entry","10":"has-media","12":"first","13":"instock","14":"taxable","15":"shipping-taxable","16":"purchasable","17":"product-type-simple","18":"has-product-nav","19":"col","20":"span_1_of_3","21":"owp-content-center","22":"owp-thumbs-layout-horizontal","23":"owp-btn-normal","24":"owp-tabs-layout-horizontal"},"aioseo_notices":[],"_links":{"self":[{"href":"https:\/\/antykilion.pl\/de\/wp-json\/wp\/v2\/product\/2193","targetHints":{"allow":["GET"]}}],"collection":[{"href":"https:\/\/antykilion.pl\/de\/wp-json\/wp\/v2\/product"}],"about":[{"href":"https:\/\/antykilion.pl\/de\/wp-json\/wp\/v2\/types\/product"}],"replies":[{"embeddable":true,"href":"https:\/\/antykilion.pl\/de\/wp-json\/wp\/v2\/comments?post=2193"}],"wp:featuredmedia":[{"embeddable":true,"href":"https:\/\/antykilion.pl\/de\/wp-json\/wp\/v2\/media\/2194"}],"wp:attachment":[{"href":"https:\/\/antykilion.pl\/de\/wp-json\/wp\/v2\/media?parent=2193"}],"wp:term":[{"taxonomy":"product_cat","embeddable":true,"href":"https:\/\/antykilion.pl\/de\/wp-json\/wp\/v2\/product_cat?post=2193"},{"taxonomy":"product_tag","embeddable":true,"href":"https:\/\/antykilion.pl\/de\/wp-json\/wp\/v2\/product_tag?post=2193"}],"curies":[{"name":"wp","href":"https:\/\/api.w.org\/{rel}","templated":true}]}}