{"id":2238,"date":"2020-03-05T14:57:14","date_gmt":"2020-03-05T13:57:14","guid":{"rendered":"https:\/\/antykilion.pl\/?post_type=product&#038;p=2238"},"modified":"2021-09-03T14:16:43","modified_gmt":"2021-09-03T12:16:43","slug":"zegar-kominkowy-empirowy-xix-wiek-sygnowany-paryz-1827-rok","status":"publish","type":"product","link":"https:\/\/antykilion.pl\/de\/product\/zegar-kominkowy-empirowy-xix-wiek-sygnowany-paryz-1827-rok\/","title":{"rendered":"Kaminuhr, Empire-Stil XIX Jahrhundert, signiert Paris 1827"},"content":{"rendered":"","protected":false},"excerpt":{"rendered":"<p>Kaminuhr, Empire-Stil XIX Jahrhundert, signiert Paris 1827<br \/>\nHerkunft: Kaminuhr, Franz\u00f6sisch, Fadenaufh\u00e4ngung 1827 signiert Paris 1827 Medaile de ore, zus\u00e4tzlich ist die Signatur auf dem Zifferblatt leider schwer zu lesen, Glocke de D. Gorme,<br \/>\nZustand: sehr gut nach der Bewertung des Uhrmachers.<br \/>\nMaterial: vergoldete, gemei\u00dfelte Bronze<br \/>\nAbmessungen: H\u00f6he 46 cm, Breite 12 cm, L\u00e4nge 36 cm<br \/>\nDie Preise f\u00fcr solche Uhren erreichen bis zu 15.000 PLN.<\/p>","protected":false},"featured_media":2244,"comment_status":"closed","ping_status":"closed","template":"","meta":[],"product_cat":[54,51],"product_tag":[],"class_list":{"0":"post-2238","1":"product","2":"type-product","3":"status-publish","4":"has-post-thumbnail","6":"product_cat-zegary-kominkowe","7":"product_cat-zegary","9":"entry","10":"has-media","12":"first","13":"instock","14":"taxable","15":"shipping-taxable","16":"purchasable","17":"product-type-simple","18":"has-product-nav","19":"col","20":"span_1_of_3","21":"owp-content-center","22":"owp-thumbs-layout-horizontal","23":"owp-btn-normal","24":"owp-tabs-layout-horizontal"},"aioseo_notices":[],"_links":{"self":[{"href":"https:\/\/antykilion.pl\/de\/wp-json\/wp\/v2\/product\/2238","targetHints":{"allow":["GET"]}}],"collection":[{"href":"https:\/\/antykilion.pl\/de\/wp-json\/wp\/v2\/product"}],"about":[{"href":"https:\/\/antykilion.pl\/de\/wp-json\/wp\/v2\/types\/product"}],"replies":[{"embeddable":true,"href":"https:\/\/antykilion.pl\/de\/wp-json\/wp\/v2\/comments?post=2238"}],"wp:featuredmedia":[{"embeddable":true,"href":"https:\/\/antykilion.pl\/de\/wp-json\/wp\/v2\/media\/2244"}],"wp:attachment":[{"href":"https:\/\/antykilion.pl\/de\/wp-json\/wp\/v2\/media?parent=2238"}],"wp:term":[{"taxonomy":"product_cat","embeddable":true,"href":"https:\/\/antykilion.pl\/de\/wp-json\/wp\/v2\/product_cat?post=2238"},{"taxonomy":"product_tag","embeddable":true,"href":"https:\/\/antykilion.pl\/de\/wp-json\/wp\/v2\/product_tag?post=2238"}],"curies":[{"name":"wp","href":"https:\/\/api.w.org\/{rel}","templated":true}]}}