{"id":2313,"date":"2020-03-14T19:26:05","date_gmt":"2020-03-14T18:26:05","guid":{"rendered":"https:\/\/antykilion.pl\/?post_type=product&#038;p=2313"},"modified":"2021-09-03T14:16:43","modified_gmt":"2021-09-03T12:16:43","slug":"stol-konsolowy-z-pozlacanym-drewnem-z-okresu-regencji-okolo-1720-40-rok","status":"publish","type":"product","link":"https:\/\/antykilion.pl\/de\/product\/stol-konsolowy-z-pozlacanym-drewnem-z-okresu-regencji-okolo-1720-40-rok\/","title":{"rendered":"Konsolentisch mit vergoldetem Holz aus der Regentschaftszeit um 1720\/40"},"content":{"rendered":"","protected":false},"excerpt":{"rendered":"<p>Konsolentisch mit vergoldetem Holz aus der Regentschaftszeit um 1720\/40<br \/>\nDie Fassade ist mit einer gro\u00dfen durchbrochenen Sch\u00fcrze und Akanthusbl\u00e4ttern und Lilienblumen geschnitzt. Die drei Seiten sind mit Dekorationen f\u00fcr die K\u00f6nigin geschnitzt (Blumen im Rahmen von Zahnspangen). Der Tisch ruht auf vier gebogenen Beinen mit Mascaras, die reich mit Akanthusbl\u00e4ttern und Lilienblumen geschnitzt sind und mit geschnitzten Beinen mit Spiralen enden.<br \/>\nAuf diesem Tisch steht ein wichtiger k\u00f6niglicher roter Marmor aus Bec-de-Corbin.<br \/>\nEin Werk von Ile-de-France aus der ersten H\u00e4lfte des 18. Jahrhunderts.<br \/>\nAbmessungen: L\u00e4nge 126 cm, Breite 88 cm, H\u00f6he 72 cm<br \/>\nZustand: sehr gutes Original, sichtbare Gebrauchsspuren, alte Marmorreparatur<\/p>","protected":false},"featured_media":3764,"comment_status":"closed","ping_status":"closed","template":"","meta":[],"product_cat":[17,33],"product_tag":[],"class_list":{"0":"post-2313","1":"product","2":"type-product","3":"status-publish","4":"has-post-thumbnail","6":"product_cat-meble","7":"product_cat-stoly-stoliki","9":"entry","10":"has-media","12":"first","13":"instock","14":"taxable","15":"shipping-taxable","16":"purchasable","17":"product-type-simple","18":"has-product-nav","19":"col","20":"span_1_of_3","21":"owp-content-center","22":"owp-thumbs-layout-horizontal","23":"owp-btn-normal","24":"owp-tabs-layout-horizontal"},"aioseo_notices":[],"_links":{"self":[{"href":"https:\/\/antykilion.pl\/de\/wp-json\/wp\/v2\/product\/2313","targetHints":{"allow":["GET"]}}],"collection":[{"href":"https:\/\/antykilion.pl\/de\/wp-json\/wp\/v2\/product"}],"about":[{"href":"https:\/\/antykilion.pl\/de\/wp-json\/wp\/v2\/types\/product"}],"replies":[{"embeddable":true,"href":"https:\/\/antykilion.pl\/de\/wp-json\/wp\/v2\/comments?post=2313"}],"wp:featuredmedia":[{"embeddable":true,"href":"https:\/\/antykilion.pl\/de\/wp-json\/wp\/v2\/media\/3764"}],"wp:attachment":[{"href":"https:\/\/antykilion.pl\/de\/wp-json\/wp\/v2\/media?parent=2313"}],"wp:term":[{"taxonomy":"product_cat","embeddable":true,"href":"https:\/\/antykilion.pl\/de\/wp-json\/wp\/v2\/product_cat?post=2313"},{"taxonomy":"product_tag","embeddable":true,"href":"https:\/\/antykilion.pl\/de\/wp-json\/wp\/v2\/product_tag?post=2313"}],"curies":[{"name":"wp","href":"https:\/\/api.w.org\/{rel}","templated":true}]}}