{"id":2474,"date":"2020-03-30T09:08:07","date_gmt":"2020-03-30T07:08:07","guid":{"rendered":"https:\/\/antykilion.pl\/?post_type=product&#038;p=2474"},"modified":"2021-09-03T14:16:44","modified_gmt":"2021-09-03T12:16:44","slug":"filizanka-z-spodkiem-manufaktury-sorau-1919-45-piekna-przezroczysta-porcelana-nr-1","status":"publish","type":"product","link":"https:\/\/antykilion.pl\/de\/product\/filizanka-z-spodkiem-manufaktury-sorau-1919-45-piekna-przezroczysta-porcelana-nr-1\/","title":{"rendered":"Tasse und Untertasse aus Sorau 1919-45, sch\u00f6nes transparentes Porzellan Nr. 1"},"content":{"rendered":"<p>Porzellan- und Keramikmarken - Sorau-Marken <\/p>\n<p>Die Porzellanfabrik in Sorau (\u017bary) wurde 1888 von Gustav Otremba gegr\u00fcndet. Gustav Otremba Porzellanfabrik Sorau NL nahm die Produktion in den Geb\u00e4uden der ehemaligen Nagelfabrik auf. Ein Jahr sp\u00e4ter trat Franz B\u00f6hme in das Unternehmen ein. 1892 kaufte B\u00f6hme Anteile an Otremba und wurde alleiniger Eigent\u00fcmer des Unternehmens. 1901 wurde die Fabrik in eine Gesellschaft mit beschr\u00e4nkter Haftung (Porzellanfabrik Sorau GmbH) umgewandelt, und Fritz, Franzs Sym, wurde neuer Eigent\u00fcmer.<\/p>\n<p>Der Erste Weltkrieg war keine gute Zeit f\u00fcr die Porzellanindustrie. Die meisten qualifizierten Mitarbeiter wurden mobilisiert, einige ausl\u00e4ndische M\u00e4rkte sind verloren gegangen und der Binnenmarkt ist geschrumpft. 1918 wurde der Kaufmann aus Sorau vom Kaufmann Gotthard Curtius gekauft. Nur wenige Monate sp\u00e4ter wurde das Unternehmen vom Christian &amp; Ernst Carstens-Konsortium \u00fcbernommen. Die Fabrik wurde in C. &amp; E. Carstens umbenannt. Porzellanfabrik Sorau NL Ernst Carstens starb 1923, aber seine Erben leiteten das Unternehmen weiterhin.<\/p>\n<p>Das Werk in Sorau hat seine Position dank der Exporte in europ\u00e4ische L\u00e4nder sowie in die USA regelm\u00e4\u00dfig gest\u00e4rkt. In den 1930er Jahren stieg die Zahl der Besch\u00e4ftigten auf 400.<\/p>\n<p>W\u00e4hrend des Zweiten Weltkriegs setzte die Fabrik die Produktion trotz Kriegsbeschr\u00e4nkungen fort. Die Anlage wurde im Februar 1945 zerst\u00f6rt.<\/p>","protected":false},"excerpt":{"rendered":"<p>Tasse und Untertasse aus Sorau 1919-45, sch\u00f6nes transparentes Porzellan Nr. 1<br \/>\nMokka Tasse, das Thema des Verkaufs ist nur eine Tasse und Untertasse ohne Untertasse und Kaffee-Anzug.<br \/>\nSehr guter Zustand<br \/>\nAbmessungen:<br \/>\nUnten ist die Geschichte der Fabrik<\/p>","protected":false},"featured_media":2475,"comment_status":"closed","ping_status":"closed","template":"","meta":[],"product_cat":[50],"product_tag":[],"class_list":{"0":"post-2474","1":"product","2":"type-product","3":"status-publish","4":"has-post-thumbnail","6":"product_cat-porcelana-i-fajans","8":"entry","9":"has-media","11":"first","12":"instock","13":"taxable","14":"shipping-taxable","15":"purchasable","16":"product-type-simple","17":"has-product-nav","18":"col","19":"span_1_of_3","20":"owp-content-center","21":"owp-thumbs-layout-horizontal","22":"owp-btn-normal","23":"owp-tabs-layout-horizontal"},"aioseo_notices":[],"_links":{"self":[{"href":"https:\/\/antykilion.pl\/de\/wp-json\/wp\/v2\/product\/2474","targetHints":{"allow":["GET"]}}],"collection":[{"href":"https:\/\/antykilion.pl\/de\/wp-json\/wp\/v2\/product"}],"about":[{"href":"https:\/\/antykilion.pl\/de\/wp-json\/wp\/v2\/types\/product"}],"replies":[{"embeddable":true,"href":"https:\/\/antykilion.pl\/de\/wp-json\/wp\/v2\/comments?post=2474"}],"wp:featuredmedia":[{"embeddable":true,"href":"https:\/\/antykilion.pl\/de\/wp-json\/wp\/v2\/media\/2475"}],"wp:attachment":[{"href":"https:\/\/antykilion.pl\/de\/wp-json\/wp\/v2\/media?parent=2474"}],"wp:term":[{"taxonomy":"product_cat","embeddable":true,"href":"https:\/\/antykilion.pl\/de\/wp-json\/wp\/v2\/product_cat?post=2474"},{"taxonomy":"product_tag","embeddable":true,"href":"https:\/\/antykilion.pl\/de\/wp-json\/wp\/v2\/product_tag?post=2474"}],"curies":[{"name":"wp","href":"https:\/\/api.w.org\/{rel}","templated":true}]}}