{"id":2530,"date":"2020-04-14T16:33:36","date_gmt":"2020-04-14T14:33:36","guid":{"rendered":"https:\/\/antykilion.pl\/?post_type=product&#038;p=2530"},"modified":"2021-09-03T14:16:44","modified_gmt":"2021-09-03T12:16:44","slug":"szafa-barokowa-sieniowa-polowa-xviii-wieku-okolo-1740-50-roku-elblag","status":"publish","type":"product","link":"https:\/\/antykilion.pl\/de\/product\/szafa-barokowa-sieniowa-polowa-xviii-wieku-okolo-1740-50-roku-elblag\/","title":{"rendered":"Barockgarderobe, Mitte des 18. Jahrhunderts, um 1740\/50 Elbl\u0105g?"},"content":{"rendered":"","protected":false},"excerpt":{"rendered":"<p>Barockgarderobe, Vorraum, Mitte des 18. Jahrhunderts um 1740\/50, Elbl\u0105g?<br \/>\nEin Flurschrank mit Randstruktur und geraden Seiten vorne, der mit einem einfachen, reich profilierten Gesims abgeschlossen ist, das mit zwei T\u00fcren geschlossen ist und vier Schubladen in der Bodenplatte hat, die auf f\u00fcnf kugelf\u00f6rmigen Beinen mit Ringen oben abgest\u00fctzt sind. Das Ganze ist mit gemustertem Furnier furniert, eingelegt und ge\u00e4dert. Die Vorderseite ist durch drei leicht vor dem K\u00f6rper hervorstehende Pilaster in zwei Achsen unterteilt, die mit geschnitzten, reich verzierten Kapitellen gekr\u00f6nt sind, zwischen denen die T\u00fcr mit ovalen Pseudopaneelen und den Seiten verl\u00e4uft. Der untere Rand wiederholt den Umriss des K\u00f6rpers durch hervorstehende Pilasterhalterungen und vertiefte Schubladenfl\u00e4chen. Der Boden ist breit, in der Mitte gebrochen und steht nach vorne vor, mit einem kleinen rechteckigen Feld, das von einem Profilstreifen eingerahmt wird. Der K\u00f6rper und der untere Rand sind mit polygonalen Kissen verziert, die von profilierten Streifen eingerahmt werden. Lange, sternf\u00f6rmige Kissen an den T\u00fcrbl\u00e4ttern und Schubladenfl\u00e4chen, T\u00fcrverkleidungen mit B\u00e4ndern und Tulpen eingelegt. Vier Regale innen.<\/p>\n<p>Zustand: Original, sehr gut nach konservativer Wartung, vollst\u00e4ndige Dokumentation <\/p>\n<p>Ursprung; Mitteleuropa Elbl\u0105g?<\/p>\n<p>Konstruktion; Furniere aus Kiefer, Eiche, Walnuss und Mahagoni <\/p>\n<p>Abmessungen: L\u00e4nge 190 cm, Breite 75 cm, H\u00f6he 198 cm.<\/p>","protected":false},"featured_media":3406,"comment_status":"closed","ping_status":"closed","template":"","meta":[],"product_cat":[17,34],"product_tag":[],"class_list":{"0":"post-2530","1":"product","2":"type-product","3":"status-publish","4":"has-post-thumbnail","6":"product_cat-meble","7":"product_cat-szafy","9":"entry","10":"has-media","12":"first","13":"instock","14":"taxable","15":"shipping-taxable","16":"purchasable","17":"product-type-simple","18":"has-product-nav","19":"col","20":"span_1_of_3","21":"owp-content-center","22":"owp-thumbs-layout-horizontal","23":"owp-btn-normal","24":"owp-tabs-layout-horizontal"},"aioseo_notices":[],"_links":{"self":[{"href":"https:\/\/antykilion.pl\/de\/wp-json\/wp\/v2\/product\/2530","targetHints":{"allow":["GET"]}}],"collection":[{"href":"https:\/\/antykilion.pl\/de\/wp-json\/wp\/v2\/product"}],"about":[{"href":"https:\/\/antykilion.pl\/de\/wp-json\/wp\/v2\/types\/product"}],"replies":[{"embeddable":true,"href":"https:\/\/antykilion.pl\/de\/wp-json\/wp\/v2\/comments?post=2530"}],"wp:featuredmedia":[{"embeddable":true,"href":"https:\/\/antykilion.pl\/de\/wp-json\/wp\/v2\/media\/3406"}],"wp:attachment":[{"href":"https:\/\/antykilion.pl\/de\/wp-json\/wp\/v2\/media?parent=2530"}],"wp:term":[{"taxonomy":"product_cat","embeddable":true,"href":"https:\/\/antykilion.pl\/de\/wp-json\/wp\/v2\/product_cat?post=2530"},{"taxonomy":"product_tag","embeddable":true,"href":"https:\/\/antykilion.pl\/de\/wp-json\/wp\/v2\/product_tag?post=2530"}],"curies":[{"name":"wp","href":"https:\/\/api.w.org\/{rel}","templated":true}]}}