{"id":2620,"date":"2020-04-18T12:55:56","date_gmt":"2020-04-18T10:55:56","guid":{"rendered":"https:\/\/antykilion.pl\/?post_type=product&#038;p=2620"},"modified":"2021-09-03T14:16:45","modified_gmt":"2021-09-03T12:16:45","slug":"monumentalny-pejzaz-z-wiatrakiem-xix-w-okolo-1820-40-r","status":"publish","type":"product","link":"https:\/\/antykilion.pl\/de\/product\/monumentalny-pejzaz-z-wiatrakiem-xix-w-okolo-1820-40-r\/","title":{"rendered":"Monumentale Landschaft mit der Windm\u00fchle aus dem 19. Jahrhundert um 1820\/40"},"content":{"rendered":"","protected":false},"excerpt":{"rendered":"<p>Monumentale Landschaft mit der Windm\u00fchle aus dem 19. Jahrhundert um 1820\/40<br \/>\nEin \u00e4u\u00dferst dekoratives Gem\u00e4lde einer Genreszene in einer Winterlandschaft.<br \/>\nTechnik: \u00d6l auf Leinwand<br \/>\nUnterschrift: auf dem Foto schwer zu lesen<br \/>\nSehr guter Zustand nach professioneller Wartung, verspiegelte Leinwand.<br \/>\nAbmessungen:<\/p>","protected":false},"featured_media":2622,"comment_status":"closed","ping_status":"closed","template":"","meta":[],"product_cat":[41,39,40],"product_tag":[],"class_list":{"0":"post-2620","1":"product","2":"type-product","3":"status-publish","4":"has-post-thumbnail","6":"product_cat-malarstwo-dawne","7":"product_cat-dziela-sztuki","8":"product_cat-malarstwo","10":"entry","11":"has-media","13":"first","14":"instock","15":"taxable","16":"shipping-taxable","17":"purchasable","18":"product-type-simple","19":"has-product-nav","20":"col","21":"span_1_of_3","22":"owp-content-center","23":"owp-thumbs-layout-horizontal","24":"owp-btn-normal","25":"owp-tabs-layout-horizontal"},"aioseo_notices":[],"_links":{"self":[{"href":"https:\/\/antykilion.pl\/de\/wp-json\/wp\/v2\/product\/2620","targetHints":{"allow":["GET"]}}],"collection":[{"href":"https:\/\/antykilion.pl\/de\/wp-json\/wp\/v2\/product"}],"about":[{"href":"https:\/\/antykilion.pl\/de\/wp-json\/wp\/v2\/types\/product"}],"replies":[{"embeddable":true,"href":"https:\/\/antykilion.pl\/de\/wp-json\/wp\/v2\/comments?post=2620"}],"wp:featuredmedia":[{"embeddable":true,"href":"https:\/\/antykilion.pl\/de\/wp-json\/wp\/v2\/media\/2622"}],"wp:attachment":[{"href":"https:\/\/antykilion.pl\/de\/wp-json\/wp\/v2\/media?parent=2620"}],"wp:term":[{"taxonomy":"product_cat","embeddable":true,"href":"https:\/\/antykilion.pl\/de\/wp-json\/wp\/v2\/product_cat?post=2620"},{"taxonomy":"product_tag","embeddable":true,"href":"https:\/\/antykilion.pl\/de\/wp-json\/wp\/v2\/product_tag?post=2620"}],"curies":[{"name":"wp","href":"https:\/\/api.w.org\/{rel}","templated":true}]}}