{"id":2781,"date":"2020-05-16T11:32:31","date_gmt":"2020-05-16T09:32:31","guid":{"rendered":"https:\/\/antykilion.pl\/?post_type=product&#038;p=2781"},"modified":"2023-09-13T19:00:20","modified_gmt":"2023-09-13T17:00:20","slug":"pianoharpa-bardzo-rzadki-instrument-na-naszym-rynku-antykwarycznym-xix-w","status":"publish","type":"product","link":"https:\/\/antykilion.pl\/de\/product\/pianoharpa-bardzo-rzadki-instrument-na-naszym-rynku-antykwarycznym-xix-w\/","title":{"rendered":"Pianoharp, ein sehr seltenes Instrument auf unserem Antiquit\u00e4tenmarkt im 19. Jahrhundert"},"content":{"rendered":"","protected":false},"excerpt":{"rendered":"<p>Pianoharp, ein sehr seltenes Instrument auf unserem Antiquit\u00e4tenmarkt im 19. Jahrhundert<br \/>\nSehr guter Zustand<br \/>\nAbmessungen: L\u00e4nge 80 cm, Breite 52 cm, H\u00f6he 78 cm<br \/>\nDie Piano Harp (Hymne) oder Piano Harp wird als Instrument bezeichnet, das aus einer Nadelrolle \u00e4hnlich der in einer Spielbox besteht, bei der die Stifte im Schaft mehrere Filzst\u00e4be beeinflussen, die den Ton der Saiten treffen. Die Trommel ist gekurbelt und kann seitlich bewegt werden, um verschiedene Melodien zu spielen. Die Trommel l\u00e4sst sich auch leicht freigeben und ersetzen, um Ihr Repertoire zu erweitern. Die gleiche Technik wie bei einem Stra\u00dfenklavier, aber die Klavierharfe wurde in verschiedene Tischformen eingebaut. Es wird manchmal als Kleinstadtharfe bezeichnet, da das meiste davon in den 1880er Jahren in N\u00e4ssja und N\u00e4shult in Sm\u00e5land hergestellt wurde, bis die S\u00f6der N\u00e4ssja-Fabrik 1929 niederbrannte.<\/p>\n<p>Die Erfindung wird dem selbstlernenden Orgelbauer Johannes Magnusson in N\u00e4ssja zugeschrieben, aber das Prinzip war zuvor bekannt und wurde in Europa auf Stra\u00dfenklavier, Orchestrierung und andere selbstspielende Instrumente angewendet. Klavierharfen wurden an Schulen und Pfarreien verkauft, in denen der Lehrer oder Priester das Instrument nicht selbst spielen konnte, aber der Markt verschwand in den 1920er Jahren aufgrund des Fortschritts des Grammophons.<\/p>","protected":false},"featured_media":2782,"comment_status":"closed","ping_status":"closed","template":"","meta":[],"product_cat":[16,55],"product_tag":[],"class_list":{"0":"post-2781","1":"product","2":"type-product","3":"status-publish","4":"has-post-thumbnail","6":"product_cat-inne","7":"product_cat-varia","9":"entry","10":"has-media","12":"first","13":"instock","14":"taxable","15":"shipping-taxable","16":"purchasable","17":"product-type-simple","18":"has-product-nav","19":"col","20":"span_1_of_3","21":"owp-content-center","22":"owp-thumbs-layout-horizontal","23":"owp-btn-normal","24":"owp-tabs-layout-horizontal"},"aioseo_notices":[],"_links":{"self":[{"href":"https:\/\/antykilion.pl\/de\/wp-json\/wp\/v2\/product\/2781","targetHints":{"allow":["GET"]}}],"collection":[{"href":"https:\/\/antykilion.pl\/de\/wp-json\/wp\/v2\/product"}],"about":[{"href":"https:\/\/antykilion.pl\/de\/wp-json\/wp\/v2\/types\/product"}],"replies":[{"embeddable":true,"href":"https:\/\/antykilion.pl\/de\/wp-json\/wp\/v2\/comments?post=2781"}],"wp:featuredmedia":[{"embeddable":true,"href":"https:\/\/antykilion.pl\/de\/wp-json\/wp\/v2\/media\/2782"}],"wp:attachment":[{"href":"https:\/\/antykilion.pl\/de\/wp-json\/wp\/v2\/media?parent=2781"}],"wp:term":[{"taxonomy":"product_cat","embeddable":true,"href":"https:\/\/antykilion.pl\/de\/wp-json\/wp\/v2\/product_cat?post=2781"},{"taxonomy":"product_tag","embeddable":true,"href":"https:\/\/antykilion.pl\/de\/wp-json\/wp\/v2\/product_tag?post=2781"}],"curies":[{"name":"wp","href":"https:\/\/api.w.org\/{rel}","templated":true}]}}