{"id":2811,"date":"2020-05-20T06:40:59","date_gmt":"2020-05-20T04:40:59","guid":{"rendered":"https:\/\/antykilion.pl\/?post_type=product&#038;p=2811"},"modified":"2022-10-07T07:10:28","modified_gmt":"2022-10-07T05:10:28","slug":"palacowa-waza-typu-sevres-xix-wiek-62-cm","status":"publish","type":"product","link":"https:\/\/antykilion.pl\/de\/product\/palacowa-waza-typu-sevres-xix-wiek-62-cm\/","title":{"rendered":"Palastvase vom Typ Sevres, 19. Jahrhundert 62 cm"},"content":{"rendered":"","protected":false},"excerpt":{"rendered":"<p>Vase mit Gerichtsszene<\/p>\n<p>Porzellan (P\u00e2te Nouvelle), Kobalt (Bleu Roi), gl\u00e4nzende und matte Vergoldung, konvexe Vergoldung, \u00dcberglasur (Glasur?) Farben, vergoldete Bronze; H\u00f6he 62 cm; Referenznummer auf der Miniatur<\/p>\n<p>Frankreich, Sevres (?) Oder im Sevres-Stil mit einer Miniatur aus der zweiten H\u00e4lfte des 19. Jahrhunderts.<\/p>\n<p>Vase - dekorativ, mit einem schlanken, ovalen, verdrehten Bauch mit einem Stiel, der auf einer Metallnadel in vergoldeter Bronzefassung (Deckel, Ausguss, Hals, Fu\u00df und Griffe) platziert ist. Um den Bauch herum eine kreisf\u00f6rmige Miniatur mit einer Darstellung im Garten einer Hofszene in Creme<\/p>\n<p>ein gr\u00fcnliches, flie\u00dfendes Gewand mit Hoffiguren; von der anderen Seite des Bauches eine Sequenz mit einer Landschaft, mit Ruinen im Hintergrund. Miniatur<\/p>\n<p>unten signiert (auf der Vegetation)<\/p>\n<p>Sorgf\u00e4ltige Zierdekoration und hochwertige Miniatur im Stil von Sevres-Produkten aus dem 18. Jahrhundert. Vasen dieser Art tauchen im Antiquariat auf, am h\u00e4ufigsten als Produkte aus dem Ende des 19. Jahrhunderts im Sevres-Stil bezeichnet.<\/p>","protected":false},"featured_media":2814,"comment_status":"closed","ping_status":"closed","template":"","meta":[],"product_cat":[50],"product_tag":[],"class_list":{"0":"post-2811","1":"product","2":"type-product","3":"status-publish","4":"has-post-thumbnail","6":"product_cat-porcelana-i-fajans","8":"entry","9":"has-media","11":"first","12":"instock","13":"taxable","14":"shipping-taxable","15":"purchasable","16":"product-type-simple","17":"has-product-nav","18":"col","19":"span_1_of_3","20":"owp-content-center","21":"owp-thumbs-layout-horizontal","22":"owp-btn-normal","23":"owp-tabs-layout-horizontal"},"aioseo_notices":[],"_links":{"self":[{"href":"https:\/\/antykilion.pl\/de\/wp-json\/wp\/v2\/product\/2811","targetHints":{"allow":["GET"]}}],"collection":[{"href":"https:\/\/antykilion.pl\/de\/wp-json\/wp\/v2\/product"}],"about":[{"href":"https:\/\/antykilion.pl\/de\/wp-json\/wp\/v2\/types\/product"}],"replies":[{"embeddable":true,"href":"https:\/\/antykilion.pl\/de\/wp-json\/wp\/v2\/comments?post=2811"}],"wp:featuredmedia":[{"embeddable":true,"href":"https:\/\/antykilion.pl\/de\/wp-json\/wp\/v2\/media\/2814"}],"wp:attachment":[{"href":"https:\/\/antykilion.pl\/de\/wp-json\/wp\/v2\/media?parent=2811"}],"wp:term":[{"taxonomy":"product_cat","embeddable":true,"href":"https:\/\/antykilion.pl\/de\/wp-json\/wp\/v2\/product_cat?post=2811"},{"taxonomy":"product_tag","embeddable":true,"href":"https:\/\/antykilion.pl\/de\/wp-json\/wp\/v2\/product_tag?post=2811"}],"curies":[{"name":"wp","href":"https:\/\/api.w.org\/{rel}","templated":true}]}}