{"id":3015,"date":"2020-07-31T20:09:31","date_gmt":"2020-07-31T18:09:31","guid":{"rendered":"https:\/\/antykilion.pl\/?post_type=product&#038;p=3015"},"modified":"2026-03-14T12:47:16","modified_gmt":"2026-03-14T11:47:16","slug":"3015","status":"publish","type":"product","link":"https:\/\/antykilion.pl\/de\/product\/3015\/","title":{"rendered":"Ein Tisch im Stil von Louis Philippe aus dem 19. Jahrhundert, ab 1860 verr\u00fcckt"},"content":{"rendered":"","protected":false},"excerpt":{"rendered":"<p>Ein Tisch im Stil von Louis Philippe aus dem 19. Jahrhundert, ab 1860 verr\u00fcckt<\/p>\n<p>mit zarten und weichen Formen, furniert mit gemustertem Furnier, das sein beachtliches Ornament ist.<\/p>\n<p>mit einem ovalen Oberteil, wellig im Umriss, gest\u00fctzt auf vier Cabrio-Beinen, die in R\u00e4dern enden, furniert<\/p>\n<p>Die M\u00f6bel wurden um 1860-80 in Mitteleuropa (Polen, Deutschland?) Hergestellt;<\/p>\n<p>Herkunft: 19. Jahrhundert, um 1860\/80. Land Polen?<\/p>\n<p>In guter Kondition. sichtbare Gebrauchsspuren<\/p>\n<p>Wymiary: D\u0142ugo\u015b\u0107 sto\u0142u 142 cm, szeroko\u015b\u0107 106 cm, wysoko\u015b\u0107 75 cm.<\/p>","protected":false},"featured_media":3016,"comment_status":"closed","ping_status":"closed","template":"","meta":[],"product_cat":[17,33],"product_tag":[],"class_list":{"0":"post-3015","1":"product","2":"type-product","3":"status-publish","4":"has-post-thumbnail","6":"product_cat-meble","7":"product_cat-stoly-stoliki","9":"entry","10":"has-media","12":"first","13":"instock","14":"taxable","15":"shipping-taxable","16":"purchasable","17":"product-type-simple","18":"has-product-nav","19":"col","20":"span_1_of_3","21":"owp-content-center","22":"owp-thumbs-layout-horizontal","23":"owp-btn-normal","24":"owp-tabs-layout-horizontal"},"aioseo_notices":[],"_links":{"self":[{"href":"https:\/\/antykilion.pl\/de\/wp-json\/wp\/v2\/product\/3015","targetHints":{"allow":["GET"]}}],"collection":[{"href":"https:\/\/antykilion.pl\/de\/wp-json\/wp\/v2\/product"}],"about":[{"href":"https:\/\/antykilion.pl\/de\/wp-json\/wp\/v2\/types\/product"}],"replies":[{"embeddable":true,"href":"https:\/\/antykilion.pl\/de\/wp-json\/wp\/v2\/comments?post=3015"}],"wp:featuredmedia":[{"embeddable":true,"href":"https:\/\/antykilion.pl\/de\/wp-json\/wp\/v2\/media\/3016"}],"wp:attachment":[{"href":"https:\/\/antykilion.pl\/de\/wp-json\/wp\/v2\/media?parent=3015"}],"wp:term":[{"taxonomy":"product_cat","embeddable":true,"href":"https:\/\/antykilion.pl\/de\/wp-json\/wp\/v2\/product_cat?post=3015"},{"taxonomy":"product_tag","embeddable":true,"href":"https:\/\/antykilion.pl\/de\/wp-json\/wp\/v2\/product_tag?post=3015"}],"curies":[{"name":"wp","href":"https:\/\/api.w.org\/{rel}","templated":true}]}}