{"id":3088,"date":"2020-08-16T17:40:32","date_gmt":"2020-08-16T15:40:32","guid":{"rendered":"https:\/\/antykilion.pl\/?post_type=product&#038;p=3088"},"modified":"2021-09-03T14:16:48","modified_gmt":"2021-09-03T12:16:48","slug":"obraz-adriaen-van-diest-xvii-wiek-orginal-obledny","status":"publish","type":"product","link":"https:\/\/antykilion.pl\/de\/product\/obraz-adriaen-van-diest-xvii-wiek-orginal-obledny\/","title":{"rendered":"Gem\u00e4lde von Adriaen van Diest Original Crazy!"},"content":{"rendered":"","protected":false},"excerpt":{"rendered":"<p>Gem\u00e4lde von Adriaen van Diest Original Crazy!<br \/>\nEr wurde 1655 in Den Haag als Sohn von Jeronim van Diest geboren, einem Maler nautischer Objekte, von dem er auf diesem Gebiet unterrichtet wurde. Mit siebzehn Jahren zog er nach London, wo er bei Granville, Earl of Bath, angestellt war, f\u00fcr den er mehrere Ansichten und Ruinen im Westen Englands malte. Seine Bilder, insbesondere Landschaften, sind von gro\u00dfem Wert; Als Beweis daf\u00fcr gibt Horace Walpole an, dass die Sammlung von Sir Peter Lely sieben Gem\u00e4lde von Van Diesta enthielt. Er \u00e4tzte mehrere Landschaften nach seinen eigenen Projekten in einem leichten, meisterhaften Stil. Van Diest starb 1704 in London. [1]<br \/>\nZustand: sehr gut<br \/>\nMaterial: \u00d6l Leinwand<br \/>\nAbmessungen: L\u00e4nge 57 cm, H\u00f6he 72 cm<br \/>\nZahlreiche Aufkleber und Inschriften auf der Trage.<br \/>\nUnterschrift: Adriaen van Diest unten rechts<\/p>","protected":false},"featured_media":3089,"comment_status":"closed","ping_status":"closed","template":"","meta":[],"product_cat":[41,39,40],"product_tag":[],"class_list":{"0":"post-3088","1":"product","2":"type-product","3":"status-publish","4":"has-post-thumbnail","6":"product_cat-malarstwo-dawne","7":"product_cat-dziela-sztuki","8":"product_cat-malarstwo","10":"entry","11":"has-media","13":"first","14":"instock","15":"taxable","16":"shipping-taxable","17":"purchasable","18":"product-type-simple","19":"has-product-nav","20":"col","21":"span_1_of_3","22":"owp-content-center","23":"owp-thumbs-layout-horizontal","24":"owp-btn-normal","25":"owp-tabs-layout-horizontal"},"aioseo_notices":[],"_links":{"self":[{"href":"https:\/\/antykilion.pl\/de\/wp-json\/wp\/v2\/product\/3088","targetHints":{"allow":["GET"]}}],"collection":[{"href":"https:\/\/antykilion.pl\/de\/wp-json\/wp\/v2\/product"}],"about":[{"href":"https:\/\/antykilion.pl\/de\/wp-json\/wp\/v2\/types\/product"}],"replies":[{"embeddable":true,"href":"https:\/\/antykilion.pl\/de\/wp-json\/wp\/v2\/comments?post=3088"}],"wp:featuredmedia":[{"embeddable":true,"href":"https:\/\/antykilion.pl\/de\/wp-json\/wp\/v2\/media\/3089"}],"wp:attachment":[{"href":"https:\/\/antykilion.pl\/de\/wp-json\/wp\/v2\/media?parent=3088"}],"wp:term":[{"taxonomy":"product_cat","embeddable":true,"href":"https:\/\/antykilion.pl\/de\/wp-json\/wp\/v2\/product_cat?post=3088"},{"taxonomy":"product_tag","embeddable":true,"href":"https:\/\/antykilion.pl\/de\/wp-json\/wp\/v2\/product_tag?post=3088"}],"curies":[{"name":"wp","href":"https:\/\/api.w.org\/{rel}","templated":true}]}}