{"id":3187,"date":"2020-09-27T12:43:02","date_gmt":"2020-09-27T10:43:02","guid":{"rendered":"https:\/\/antykilion.pl\/?post_type=product&#038;p=3187"},"modified":"2021-09-03T14:16:48","modified_gmt":"2021-09-03T12:16:48","slug":"3187","status":"publish","type":"product","link":"https:\/\/antykilion.pl\/de\/product\/3187\/","title":{"rendered":"Jerzy Ko\u0142acz Abstraktion Nr. 1"},"content":{"rendered":"","protected":false},"excerpt":{"rendered":"<p>Jerzy Ko\u0142acz Zusammenfassung um 1950, Nr. 1<\/p>\n<p>Zustand: sehr gut<\/p>\n<p>Technik: Leinwand\u00f6l<\/p>\n<p>Abmessungen: L\u00e4nge 50 cm, H\u00f6he 50 cm<\/p>\n<p>Jerzy Ko\u0142acz (1938\u20132009) - K\u00fcnstler, Maler, Grafiker, Illustrator<\/p>\n<p>Jerzy Ko\u0142acz wurde am 16. Oktober 1938 in Czelad\u017a, Schlesien, geboren. Nach dem Krieg zogen er und seine Familie nach Stettin. Er studierte an der Akademie der bildenden K\u00fcnste in Danzig und an der Akademie der bildenden K\u00fcnste in Warschau, die er 1962 mit einem Diplom im Plakatstudio von Wojciech Tomaszewski und im Malatelier von Wojciech Fangor abschloss. Nach seinem Abschluss beteiligte er sich aktiv am Leben der Stettiner Kunstszene: Er war Mitbegr\u00fcnder der \u00f6rtlichen Zweigstelle der Union der K\u00fcnstler und Designer, war an der Organisation des Festivals f\u00fcr zeitgen\u00f6ssische Malerei beteiligt, arbeitete als Grafiker bei Wydawnictwo Artystyczno-Graficzne (1962-1974), entwarf Plakate und malte und stellte vor allem seine aus arbeitet sowohl in Polen (Stettin, Danzig, Warschau, Zielona G\u00f3ra) als auch im Ausland (Schweden, D\u00e4nemark, Niederlande, Bundesrepublik Deutschland, Ungarn).<\/p>\n<p>1978 wanderte er nach Schweden und dann nach Kanada aus. In Toronto, wo er drei\u00dfig Jahre seines Lebens verbrachte, war er sowohl als Illustrator, als Herausgeber in Magazinen auf der ganzen Welt als auch als Maler t\u00e4tig. Nach 1989 besuchte er Polen mehrmals, unter anderem in Stettin (Ausstellung &quot;Memory Filters&quot;, 2008, Kultur- und Kunstzentrum in Breslau, Pommersche Herzogschloss in Stettin).<\/p>\n<p>Die Werke des K\u00fcnstlers entwickelten sich von Anfang an auf zwei Arten. In der Malerei bewegte er sich in Richtung Abstraktion, v\u00f6llig ohne figurative Anspielungen, anspielend, reich an Textur und \u00e4u\u00dferst raffiniert in Farbe. Auf dem Plakat und dann in der Illustration verwendet er eine malerische Figur, ironisch, manchmal stumpf, immer witzig.<\/p>\n<p>Seine Werke wurden sowohl in Polen als auch im Ausland ausgezeichnet. In Anerkennung seiner gesamten kreativen T\u00e4tigkeit wurde er zum Mitglied der Royal Canadian Academy of Arts gew\u00e4hlt.<\/p>\n<p>Er starb am 22. M\u00e4rz 2009 in Mexiko. Er ist in Toronto begraben. Im Jahr 2010 wurde auf Initiative des in Stettin ans\u00e4ssigen Vereins &quot;Czas Przestrze\u0144 To\u017csamo\u015b\u0107&quot; auf dem Zentralfriedhof ein Erinnerungsbaum gepflanzt, der Jerzy Ko\u0142acz als Verdienstperson f\u00fcr Stettin auszeichnete.<\/p>","protected":false},"featured_media":3188,"comment_status":"closed","ping_status":"closed","template":"","meta":[],"product_cat":[39,40,42],"product_tag":[],"class_list":{"0":"post-3187","1":"product","2":"type-product","3":"status-publish","4":"has-post-thumbnail","6":"product_cat-dziela-sztuki","7":"product_cat-malarstwo","8":"product_cat-malartswo-wspolczesne","10":"entry","11":"has-media","13":"first","14":"instock","15":"taxable","16":"shipping-taxable","17":"purchasable","18":"product-type-simple","19":"has-product-nav","20":"col","21":"span_1_of_3","22":"owp-content-center","23":"owp-thumbs-layout-horizontal","24":"owp-btn-normal","25":"owp-tabs-layout-horizontal"},"aioseo_notices":[],"_links":{"self":[{"href":"https:\/\/antykilion.pl\/de\/wp-json\/wp\/v2\/product\/3187","targetHints":{"allow":["GET"]}}],"collection":[{"href":"https:\/\/antykilion.pl\/de\/wp-json\/wp\/v2\/product"}],"about":[{"href":"https:\/\/antykilion.pl\/de\/wp-json\/wp\/v2\/types\/product"}],"replies":[{"embeddable":true,"href":"https:\/\/antykilion.pl\/de\/wp-json\/wp\/v2\/comments?post=3187"}],"wp:featuredmedia":[{"embeddable":true,"href":"https:\/\/antykilion.pl\/de\/wp-json\/wp\/v2\/media\/3188"}],"wp:attachment":[{"href":"https:\/\/antykilion.pl\/de\/wp-json\/wp\/v2\/media?parent=3187"}],"wp:term":[{"taxonomy":"product_cat","embeddable":true,"href":"https:\/\/antykilion.pl\/de\/wp-json\/wp\/v2\/product_cat?post=3187"},{"taxonomy":"product_tag","embeddable":true,"href":"https:\/\/antykilion.pl\/de\/wp-json\/wp\/v2\/product_tag?post=3187"}],"curies":[{"name":"wp","href":"https:\/\/api.w.org\/{rel}","templated":true}]}}