{"id":3203,"date":"2020-10-01T12:45:53","date_gmt":"2020-10-01T10:45:53","guid":{"rendered":"https:\/\/antykilion.pl\/?post_type=product&#038;p=3203"},"modified":"2021-09-03T14:16:48","modified_gmt":"2021-09-03T12:16:48","slug":"3203","status":"publish","type":"product","link":"https:\/\/antykilion.pl\/de\/product\/3203\/","title":{"rendered":"Museumsuhr Anthony Aviolet London um 1680\/1720"},"content":{"rendered":"","protected":false},"excerpt":{"rendered":"<p>Museumsuhr Anthony Aviolet London um 1680\/1720<\/p>\n<p>Eine Schrankuhr, Boden<\/p>\n<p>Geh\u00e4use: Walnuss, Mahagoni, Buchsbaum, Oliven und viele andere Arten von Furnieren, Glas; Mechanismus: Messing, Bronze, Stahl; H\u00f6he: 216 cm; Breite cm; Tiefe cm.<br \/>\nEngland, London, Wende vom 17. zum 18. Jahrhundert<br \/>\nEinfach geformtes Schrankgeh\u00e4use. Mit einer T\u00fcr mit einem kreisf\u00f6rmigen Schieber, der die Bewegung des Pendels zeigt. Haube mit Glast\u00fcr, einfaches Gesims. Messingzifferblatt, am Ring r\u00f6mische Ziffer Stunde und Minute Arabisch; In der Mitte des Zifferblatts oben befindet sich ein Sekundenzeiger unter der Aufschrift &quot;Anthony Aviolet \/ London&quot;. ein quadratisches Kalenderfenster darunter. Openwork-Tipps. Oben in der Spielhalle l\u00e4uft ein Schild, der die Uhr ein- und ausschaltet. Gegossene, durchbrochene Ecken mit dem Motiv eines Pflanzenflagellums und Turbinaten; Amoren halten die Krone im R\u00fcckstau. Die gesamte Oberfl\u00e4che des Kleiderschranks ist mit reichhaltigen Furniereinlagen aus Walnuss, Brombeere, Buchsbaum, Olive, Mahagoni und vielen anderen bedeckt.<br \/>\nEin \u00e4u\u00dferst beeindruckendes Beispiel f\u00fcr die luxuri\u00f6seste englische Uhr des Typs &quot;Langgeh\u00e4use&quot;<br \/>\nSch\u00f6n macht einen Eindruck !!!<br \/>\nUnten finden Sie die Preise f\u00fcr Uhren in England.<\/p>\n<p>http:\/\/www.british-antiqueclocks.com\/stock\/floral-marquetry-grandfather-clock-by-thomas-bridge-of-london\/<br \/>\nhttps:\/\/www.antique-clock.co.uk\/antique\/marquetry_longcase_clock_by_john_williamson_leeds\/rc003a208<\/p>","protected":false},"featured_media":3217,"comment_status":"closed","ping_status":"closed","template":"","meta":[],"product_cat":[52,51],"product_tag":[],"class_list":{"0":"post-3203","1":"product","2":"type-product","3":"status-publish","4":"has-post-thumbnail","6":"product_cat-zegary-stojace","7":"product_cat-zegary","9":"entry","10":"has-media","12":"first","13":"instock","14":"taxable","15":"shipping-taxable","16":"purchasable","17":"product-type-simple","18":"has-product-nav","19":"col","20":"span_1_of_3","21":"owp-content-center","22":"owp-thumbs-layout-horizontal","23":"owp-btn-normal","24":"owp-tabs-layout-horizontal"},"aioseo_notices":[],"_links":{"self":[{"href":"https:\/\/antykilion.pl\/de\/wp-json\/wp\/v2\/product\/3203","targetHints":{"allow":["GET"]}}],"collection":[{"href":"https:\/\/antykilion.pl\/de\/wp-json\/wp\/v2\/product"}],"about":[{"href":"https:\/\/antykilion.pl\/de\/wp-json\/wp\/v2\/types\/product"}],"replies":[{"embeddable":true,"href":"https:\/\/antykilion.pl\/de\/wp-json\/wp\/v2\/comments?post=3203"}],"wp:featuredmedia":[{"embeddable":true,"href":"https:\/\/antykilion.pl\/de\/wp-json\/wp\/v2\/media\/3217"}],"wp:attachment":[{"href":"https:\/\/antykilion.pl\/de\/wp-json\/wp\/v2\/media?parent=3203"}],"wp:term":[{"taxonomy":"product_cat","embeddable":true,"href":"https:\/\/antykilion.pl\/de\/wp-json\/wp\/v2\/product_cat?post=3203"},{"taxonomy":"product_tag","embeddable":true,"href":"https:\/\/antykilion.pl\/de\/wp-json\/wp\/v2\/product_tag?post=3203"}],"curies":[{"name":"wp","href":"https:\/\/api.w.org\/{rel}","templated":true}]}}