{"id":3259,"date":"2020-10-01T17:53:11","date_gmt":"2020-10-01T15:53:11","guid":{"rendered":"https:\/\/antykilion.pl\/?post_type=product&#038;p=3259"},"modified":"2021-09-03T14:16:48","modified_gmt":"2021-09-03T12:16:48","slug":"wazon-xviii-w-delft-pieter-adriaen-pynacker","status":"publish","type":"product","link":"https:\/\/antykilion.pl\/de\/product\/wazon-xviii-w-delft-pieter-adriaen-pynacker\/","title":{"rendered":"VASE, Delft 18. Jahrhundert, Pieter Adriaen Pynacker"},"content":{"rendered":"","protected":false},"excerpt":{"rendered":"<p>VASE, 18. Jahrhundert<\/p>\n<p>Delft, Pieter Adriaen Pynacker (w\u0142a\u015bciciel warsztatu &#8220;De Grieksche A&#8221;)<br \/>\nFayence (cremefarbener Ton), Unterglasur Kobalt, Zinnglasur<br \/>\nwys. 47 cm, sygnowany kobaltem podszkliwnym &#8220;PAK&#8221; (na spodzie)<br \/>\nErhaltungszustand: sehr geringe Sch\u00e4digung des Zahnschmelzes, praktisch unsichtbar<br \/>\nEine achteckige Vase mit einem Deckel, einem nach unten verbreiterten hohen Bein, einem kugelf\u00f6rmigen Bauch und einem niedrigen, zylindrischen Hals. Kuppelabdeckung mit achteckiger Teilung und geriffelten W\u00e4nden mit hervorstehendem Flansch. Papageienf\u00f6rmiger Griff mit Fr\u00fcchten.<br \/>\nFu\u00df und Bauch sind mit chinesischen Motiven in verschiedenen Gr\u00f6\u00dfen und Formen vor dem Hintergrund winziger Sterne und Pflanzenprojektionen bedeckt. Im oberen Teil des Gef\u00e4\u00dfes eine stilisierte Spitze mit verwobenen Blumenmotiven. Ein spiralf\u00f6rmiges Flagellum am Hals (chinesisches Flammenmotiv?).<br \/>\nDie Vase stammt aus einem Kaminanzug namens Kaststel (niederl\u00e4ndische Kaste - Garderobe, Stele - Set), bestehend aus einer ungeraden Anzahl von Gef\u00e4\u00dfen (von drei bis neun) in verschiedenen Formen (z. B. Fl\u00f6te, birnenf\u00f6rmige Vase, Potiche oder Kalebasse) und identischen Dekorationen. In diesen Sets erschien ein Gef\u00e4\u00dftyp einzeln, der Rest bestand aus Paaren. Meistens ahmten sie sowohl die Form fern\u00f6stlicher Gerichte als auch die blau-wei\u00dfen Dekorationen nach. Auf den Gesimsen von Schr\u00e4nken oder Kaminen platziert, wurden sie im 18. Jahrhundert popul\u00e4r, wo sie eine charakteristische Erg\u00e4nzung zum niederl\u00e4ndischen Interieur darstellten.<br \/>\nEines der typischen Designs zum Dekorieren von Anzug-Sets neben dem beliebten sogenannten Aus Kaschmir mit Lambrequins bestand ein wei\u00df-blaues Blumenmotiv namens Paterseliedekor (Petersilie) der Holl\u00e4nder, in dem die Dekoration aus kleinen Bl\u00e4ttern, Sternen und Spiralen mit Rosen, Pfingstrosen oder exotischen V\u00f6geln bestand. Die Komposition wurde durch stilisierte Lambrequins oder Schn\u00fcrsenkel (am Fu\u00df oder oben am Bauch platziert) erg\u00e4nzt.<br \/>\nOferowany wazon pochodzi zapewne z wytw\u00f3rni &#8220;De Grieksche A&#8221; (za\u0142o\u017conej w 1658 roku przez Woutera van Eenhorna), gdy w\u0142a\u015bcicielem zak\u0142adu w latach 1701-1703 by\u0142 Pieter Adriaensz Kocks. Wyroby z tego okresu wyr\u00f3\u017cniaj\u0105 si\u0119 du\u017c\u0105 elegancj\u0105 form, finezj\u0105 rysunku i subteln\u0105 malatur\u0105 camaieu bleu.<\/p>","protected":false},"featured_media":3260,"comment_status":"closed","ping_status":"closed","template":"","meta":[],"product_cat":[50],"product_tag":[],"class_list":{"0":"post-3259","1":"product","2":"type-product","3":"status-publish","4":"has-post-thumbnail","6":"product_cat-porcelana-i-fajans","8":"entry","9":"has-media","11":"first","12":"instock","13":"taxable","14":"shipping-taxable","15":"purchasable","16":"product-type-simple","17":"has-product-nav","18":"col","19":"span_1_of_3","20":"owp-content-center","21":"owp-thumbs-layout-horizontal","22":"owp-btn-normal","23":"owp-tabs-layout-horizontal"},"aioseo_notices":[],"_links":{"self":[{"href":"https:\/\/antykilion.pl\/de\/wp-json\/wp\/v2\/product\/3259","targetHints":{"allow":["GET"]}}],"collection":[{"href":"https:\/\/antykilion.pl\/de\/wp-json\/wp\/v2\/product"}],"about":[{"href":"https:\/\/antykilion.pl\/de\/wp-json\/wp\/v2\/types\/product"}],"replies":[{"embeddable":true,"href":"https:\/\/antykilion.pl\/de\/wp-json\/wp\/v2\/comments?post=3259"}],"wp:featuredmedia":[{"embeddable":true,"href":"https:\/\/antykilion.pl\/de\/wp-json\/wp\/v2\/media\/3260"}],"wp:attachment":[{"href":"https:\/\/antykilion.pl\/de\/wp-json\/wp\/v2\/media?parent=3259"}],"wp:term":[{"taxonomy":"product_cat","embeddable":true,"href":"https:\/\/antykilion.pl\/de\/wp-json\/wp\/v2\/product_cat?post=3259"},{"taxonomy":"product_tag","embeddable":true,"href":"https:\/\/antykilion.pl\/de\/wp-json\/wp\/v2\/product_tag?post=3259"}],"curies":[{"name":"wp","href":"https:\/\/api.w.org\/{rel}","templated":true}]}}