{"id":3293,"date":"2020-10-09T10:01:37","date_gmt":"2020-10-09T08:01:37","guid":{"rendered":"https:\/\/antykilion.pl\/?post_type=product&#038;p=3293"},"modified":"2021-09-03T14:16:48","modified_gmt":"2021-09-03T12:16:48","slug":"paul-bernard-lefebvre-de-ville-1731-1819-czerwona-gwardia-krola-polskiego","status":"publish","type":"product","link":"https:\/\/antykilion.pl\/de\/product\/paul-bernard-lefebvre-de-ville-1731-1819-czerwona-gwardia-krola-polskiego\/","title":{"rendered":"Paul Bernard LEFEBVRE DE VILLE (1731\u20131819), die rote Garde des polnischen K\u00f6nigs"},"content":{"rendered":"","protected":false},"excerpt":{"rendered":"<p>Portr\u00e4t eines Offiziers<\/p>\n<p>Paul Bernard LEFEBVRE DE VILLE (1731\u20131819), die rote Garde des polnischen K\u00f6nigs, Vorarbeiter der Cte S&#039;Artois-Garde, Chef der Brigade des 23. Regiments. . Louis. (Gro\u00dfvater von Gro\u00dfvater Kazimierz de Boulloche, geboren 1789) \u201c.<\/p>\n<p>Herkunft: Vera Tersmeden (1892\u20131987), dann durch Erbschaft an den jetzigen Besitzer.<\/p>\n<p>Zustand: zahlreiche Retuschen<\/p>\n<p>Leinwandfutter<\/p>\n<p>Technik: \u00d6l auf Leinwand<\/p>\n<p>Abmessungen: 41 cm x 51 cm ohne Wunde<\/p>","protected":false},"featured_media":3294,"comment_status":"closed","ping_status":"closed","template":"","meta":[],"product_cat":[41,39,40],"product_tag":[],"class_list":{"0":"post-3293","1":"product","2":"type-product","3":"status-publish","4":"has-post-thumbnail","6":"product_cat-malarstwo-dawne","7":"product_cat-dziela-sztuki","8":"product_cat-malarstwo","10":"entry","11":"has-media","13":"first","14":"instock","15":"taxable","16":"shipping-taxable","17":"purchasable","18":"product-type-simple","19":"has-product-nav","20":"col","21":"span_1_of_3","22":"owp-content-center","23":"owp-thumbs-layout-horizontal","24":"owp-btn-normal","25":"owp-tabs-layout-horizontal"},"aioseo_notices":[],"_links":{"self":[{"href":"https:\/\/antykilion.pl\/de\/wp-json\/wp\/v2\/product\/3293","targetHints":{"allow":["GET"]}}],"collection":[{"href":"https:\/\/antykilion.pl\/de\/wp-json\/wp\/v2\/product"}],"about":[{"href":"https:\/\/antykilion.pl\/de\/wp-json\/wp\/v2\/types\/product"}],"replies":[{"embeddable":true,"href":"https:\/\/antykilion.pl\/de\/wp-json\/wp\/v2\/comments?post=3293"}],"wp:featuredmedia":[{"embeddable":true,"href":"https:\/\/antykilion.pl\/de\/wp-json\/wp\/v2\/media\/3294"}],"wp:attachment":[{"href":"https:\/\/antykilion.pl\/de\/wp-json\/wp\/v2\/media?parent=3293"}],"wp:term":[{"taxonomy":"product_cat","embeddable":true,"href":"https:\/\/antykilion.pl\/de\/wp-json\/wp\/v2\/product_cat?post=3293"},{"taxonomy":"product_tag","embeddable":true,"href":"https:\/\/antykilion.pl\/de\/wp-json\/wp\/v2\/product_tag?post=3293"}],"curies":[{"name":"wp","href":"https:\/\/api.w.org\/{rel}","templated":true}]}}