{"id":3325,"date":"2020-11-08T15:05:43","date_gmt":"2020-11-08T14:05:43","guid":{"rendered":"https:\/\/antykilion.pl\/?post_type=product&#038;p=3325"},"modified":"2021-11-29T13:57:44","modified_gmt":"2021-11-29T12:57:44","slug":"dziewczynka-przy-krosnie-piekny-wloski","status":"publish","type":"product","link":"https:\/\/antykilion.pl\/de\/product\/dziewczynka-przy-krosnie-piekny-wloski\/","title":{"rendered":"Sch\u00f6nes italienisches M\u00e4dchen am Webstuhl !!!"},"content":{"rendered":"","protected":false},"excerpt":{"rendered":"<p>Sch\u00f6nes italienisches M\u00e4dchen am Webstuhl !!!<\/p>\n<p>unterzeichnet<\/p>\n<p>Unterschrift auf dem Foto sichtbar<\/p>\n<p>Technik: \u00d6l auf Leinwand<\/p>\n<p>Zustand: sehr gut<\/p>\n<p>Sehr dekorativer Rahmen<\/p>\n<p>Abmessungen: Leinwand 48 \u00d7 85<\/p>\n<p>Sehr dekorative Malerei. Ich empfehle sch\u00f6n.<\/p>","protected":false},"featured_media":3326,"comment_status":"closed","ping_status":"closed","template":"","meta":[],"product_cat":[41,39,40],"product_tag":[],"class_list":{"0":"post-3325","1":"product","2":"type-product","3":"status-publish","4":"has-post-thumbnail","6":"product_cat-malarstwo-dawne","7":"product_cat-dziela-sztuki","8":"product_cat-malarstwo","10":"entry","11":"has-media","13":"first","14":"instock","15":"taxable","16":"shipping-taxable","17":"purchasable","18":"product-type-simple","19":"has-product-nav","20":"col","21":"span_1_of_3","22":"owp-content-center","23":"owp-thumbs-layout-horizontal","24":"owp-btn-normal","25":"owp-tabs-layout-horizontal"},"aioseo_notices":[],"_links":{"self":[{"href":"https:\/\/antykilion.pl\/de\/wp-json\/wp\/v2\/product\/3325","targetHints":{"allow":["GET"]}}],"collection":[{"href":"https:\/\/antykilion.pl\/de\/wp-json\/wp\/v2\/product"}],"about":[{"href":"https:\/\/antykilion.pl\/de\/wp-json\/wp\/v2\/types\/product"}],"replies":[{"embeddable":true,"href":"https:\/\/antykilion.pl\/de\/wp-json\/wp\/v2\/comments?post=3325"}],"wp:featuredmedia":[{"embeddable":true,"href":"https:\/\/antykilion.pl\/de\/wp-json\/wp\/v2\/media\/3326"}],"wp:attachment":[{"href":"https:\/\/antykilion.pl\/de\/wp-json\/wp\/v2\/media?parent=3325"}],"wp:term":[{"taxonomy":"product_cat","embeddable":true,"href":"https:\/\/antykilion.pl\/de\/wp-json\/wp\/v2\/product_cat?post=3325"},{"taxonomy":"product_tag","embeddable":true,"href":"https:\/\/antykilion.pl\/de\/wp-json\/wp\/v2\/product_tag?post=3325"}],"curies":[{"name":"wp","href":"https:\/\/api.w.org\/{rel}","templated":true}]}}