{"id":3353,"date":"2020-11-22T11:53:16","date_gmt":"2020-11-22T10:53:16","guid":{"rendered":"https:\/\/antykilion.pl\/?post_type=product&#038;p=3353"},"modified":"2026-03-12T09:42:28","modified_gmt":"2026-03-12T08:42:28","slug":"muzealny-zegar-anthony-hutchinson-leeds-okolo-1750-1780-r","status":"publish","type":"product","link":"https:\/\/antykilion.pl\/de\/product\/muzealny-zegar-anthony-hutchinson-leeds-okolo-1750-1780-r\/","title":{"rendered":"Museumsuhr Anthony Hutchinson Leeds um 1750\/1780"},"content":{"rendered":"","protected":false},"excerpt":{"rendered":"<p>Museumsuhr Anthony Hutchinson Leeds um 1750\/1780<\/p>\n<p>Wanduhr, Standuhr mit Mondphasen<\/p>\n<p>Geh\u00e4use: Mahagoni, Buchsbaum, Oliven und viele andere Arten von Furnieren, Glas; Mechanismus: Messing, Bronze, Stahl; H\u00f6he 220 cm; Breite 50 cm; Tiefe 26 cm.<\/p>\n<p>England, 18. Jahrhundert<\/p>\n<p>im Stil von George III<\/p>\n<p>auf 4 Konsolenbeinen; breiter, rechteckiger Sockel, durch ein profiliertes Gesims vom schmaleren Schaft getrennt, an den Ecken mit geriffelten Viertels\u00e4ulen aus vergoldeter Bronze verziert; mit einer einbl\u00e4ttrigen T\u00fcr, die mit einem dreiteiligen Vorhangbogen geschlossen ist. Eine massive Haube, breiter als der Schaft, flankiert von zwei geriffelten S\u00e4ulen; ein verl\u00e4ngerter Abschluss mit einem gebrochenen Spiralbogen, verziert mit Messingspitzen. Ein Schild mit einer Glast\u00fcr aus Messing mit r\u00f6mischen Stundenziffern am Ring; Gravuren in der Mitte<\/p>\n<p>Blumen; aufgebrachte durchbrochene Ecken mit Vasen und Pflanzenflagellen; gemalter Mondkalender auf halber Strecke; Mechanismus mit einer Gewichtsspannung (2 Skalen), einer Ankerhemmung und einem in einer Szene gemalten Pendelregler, einem Kammschlagsystem und einem Repeater<\/p>\n<p>Ein \u00e4u\u00dferst beeindruckendes Beispiel f\u00fcr die luxuri\u00f6seste englische Uhr des Typs &quot;Langgeh\u00e4use&quot;<\/p>\n<p>Sch\u00f6n macht einen Eindruck !!!<\/p>","protected":false},"featured_media":3359,"comment_status":"closed","ping_status":"closed","template":"","meta":[],"product_cat":[52,51],"product_tag":[],"class_list":{"0":"post-3353","1":"product","2":"type-product","3":"status-publish","4":"has-post-thumbnail","6":"product_cat-zegary-stojace","7":"product_cat-zegary","9":"entry","10":"has-media","12":"first","13":"instock","14":"taxable","15":"shipping-taxable","16":"purchasable","17":"product-type-simple","18":"has-product-nav","19":"col","20":"span_1_of_3","21":"owp-content-center","22":"owp-thumbs-layout-horizontal","23":"owp-btn-normal","24":"owp-tabs-layout-horizontal"},"aioseo_notices":[],"_links":{"self":[{"href":"https:\/\/antykilion.pl\/de\/wp-json\/wp\/v2\/product\/3353","targetHints":{"allow":["GET"]}}],"collection":[{"href":"https:\/\/antykilion.pl\/de\/wp-json\/wp\/v2\/product"}],"about":[{"href":"https:\/\/antykilion.pl\/de\/wp-json\/wp\/v2\/types\/product"}],"replies":[{"embeddable":true,"href":"https:\/\/antykilion.pl\/de\/wp-json\/wp\/v2\/comments?post=3353"}],"wp:featuredmedia":[{"embeddable":true,"href":"https:\/\/antykilion.pl\/de\/wp-json\/wp\/v2\/media\/3359"}],"wp:attachment":[{"href":"https:\/\/antykilion.pl\/de\/wp-json\/wp\/v2\/media?parent=3353"}],"wp:term":[{"taxonomy":"product_cat","embeddable":true,"href":"https:\/\/antykilion.pl\/de\/wp-json\/wp\/v2\/product_cat?post=3353"},{"taxonomy":"product_tag","embeddable":true,"href":"https:\/\/antykilion.pl\/de\/wp-json\/wp\/v2\/product_tag?post=3353"}],"curies":[{"name":"wp","href":"https:\/\/api.w.org\/{rel}","templated":true}]}}