{"id":3361,"date":"2020-11-22T13:33:08","date_gmt":"2020-11-22T12:33:08","guid":{"rendered":"https:\/\/antykilion.pl\/?post_type=product&#038;p=3361"},"modified":"2026-03-12T09:46:56","modified_gmt":"2026-03-12T08:46:56","slug":"zegar-kominkowy-braz-zlocony-z-postacia-orfeusza-1844-49-r","status":"publish","type":"product","link":"https:\/\/antykilion.pl\/de\/product\/zegar-kominkowy-braz-zlocony-z-postacia-orfeusza-1844-49-r\/","title":{"rendered":"Vergoldete Bronze Kaminuhr mit der Figur des Orpheus 1844\/49"},"content":{"rendered":"","protected":false},"excerpt":{"rendered":"<p>Vergoldete Bronze Kaminuhr mit der Figur des Orpheus 1844\/49<\/p>\n<p>auf einem l\u00e4nglichen vergoldeten Bronzesockel, reich verziert mit sieben Applikationen, auf der R\u00fcckseite mit Blumenmotiv und Putten signiert; eine h\u00f6here Figur des Orpheus in einem alten Gewand, hinter ihm eine florale Struktur mit eingebautem Uhrwerk, die im Pariser System Stunden und halbe Stunden schl\u00e4gt; ein Schild in einem Perlenrand; emailliert, mit r\u00f6mischer Stunden- und arabischer Minutenteilung<\/p>\n<p>Mechanismus signiert Japy Fils M\u00e9daille D&#039;argent und datiert 1844-1949.<\/p>\n<p>Silbermedaillengewinner<\/p>\n<p>Abmessungen: H\u00f6he ca. 30,5 cm, Breite 18 cm, L\u00e4nge 55 cm<\/p>\n<p>Sehr guter Zustand<\/p>\n<p>Herkunft: Frankreich<\/p>\n<p>Sch\u00f6n!<\/p>\n<p>Uhr l\u00e4uft nach dem Uhrmacher Review<\/p>","protected":false},"featured_media":3362,"comment_status":"closed","ping_status":"closed","template":"","meta":[],"product_cat":[54,51],"product_tag":[],"class_list":{"0":"post-3361","1":"product","2":"type-product","3":"status-publish","4":"has-post-thumbnail","6":"product_cat-zegary-kominkowe","7":"product_cat-zegary","9":"entry","10":"has-media","12":"first","13":"instock","14":"taxable","15":"shipping-taxable","16":"purchasable","17":"product-type-simple","18":"has-product-nav","19":"col","20":"span_1_of_3","21":"owp-content-center","22":"owp-thumbs-layout-horizontal","23":"owp-btn-normal","24":"owp-tabs-layout-horizontal"},"aioseo_notices":[],"_links":{"self":[{"href":"https:\/\/antykilion.pl\/de\/wp-json\/wp\/v2\/product\/3361","targetHints":{"allow":["GET"]}}],"collection":[{"href":"https:\/\/antykilion.pl\/de\/wp-json\/wp\/v2\/product"}],"about":[{"href":"https:\/\/antykilion.pl\/de\/wp-json\/wp\/v2\/types\/product"}],"replies":[{"embeddable":true,"href":"https:\/\/antykilion.pl\/de\/wp-json\/wp\/v2\/comments?post=3361"}],"wp:featuredmedia":[{"embeddable":true,"href":"https:\/\/antykilion.pl\/de\/wp-json\/wp\/v2\/media\/3362"}],"wp:attachment":[{"href":"https:\/\/antykilion.pl\/de\/wp-json\/wp\/v2\/media?parent=3361"}],"wp:term":[{"taxonomy":"product_cat","embeddable":true,"href":"https:\/\/antykilion.pl\/de\/wp-json\/wp\/v2\/product_cat?post=3361"},{"taxonomy":"product_tag","embeddable":true,"href":"https:\/\/antykilion.pl\/de\/wp-json\/wp\/v2\/product_tag?post=3361"}],"curies":[{"name":"wp","href":"https:\/\/api.w.org\/{rel}","templated":true}]}}