{"id":3382,"date":"2020-12-04T06:08:19","date_gmt":"2020-12-04T05:08:19","guid":{"rendered":"https:\/\/antykilion.pl\/?post_type=product&#038;p=3382"},"modified":"2026-03-22T09:16:46","modified_gmt":"2026-03-22T08:16:46","slug":"okazaly-bufet-boulle-z-xix-wieku","status":"publish","type":"product","link":"https:\/\/antykilion.pl\/de\/product\/okazaly-bufet-boulle-z-xix-wieku\/","title":{"rendered":"Ein herrliches Boulle-Buffet aus dem 19. Jahrhundert !!!"},"content":{"rendered":"","protected":false},"excerpt":{"rendered":"<p>Das ungew\u00f6hnlich beeindruckende dreit\u00fcrige Boulle-Buffet aus dem 19. Jahrhundert um 1860\/70<br \/>\nDie M\u00f6bel \u00f6ffnen sich mit drei T\u00fcren und die Oberseite ist mit grauem Marmor bedeckt.<br \/>\nEin sehr hochwertiges M\u00f6belst\u00fcck.<br \/>\nGuter Originalzustand: kleinere fehlende Markierungen,<br \/>\nAuf Anfrage k\u00f6nnen wir die Wartung in einer seri\u00f6sen Werkstatt mit vollst\u00e4ndiger Dokumentation des Arbeitsfortschritts durchf\u00fchren.<br \/>\nAbmessungen: L\u00e4nge 151 cm, Breite 42,5 cm, H\u00f6he 106,5 cm<br \/>\nHerkunft: Frankreich <\/p>","protected":false},"featured_media":3383,"comment_status":"closed","ping_status":"closed","template":"","meta":[],"product_cat":[26,27,17],"product_tag":[],"class_list":{"0":"post-3382","1":"product","2":"type-product","3":"status-publish","4":"has-post-thumbnail","6":"product_cat-komody","7":"product_cat-kredensy-bufety","8":"product_cat-meble","10":"entry","11":"has-media","13":"first","14":"instock","15":"taxable","16":"shipping-taxable","17":"purchasable","18":"product-type-simple","19":"has-product-nav","20":"col","21":"span_1_of_3","22":"owp-content-center","23":"owp-thumbs-layout-horizontal","24":"owp-btn-normal","25":"owp-tabs-layout-horizontal","26":"has-no-thumbnails"},"aioseo_notices":[],"_links":{"self":[{"href":"https:\/\/antykilion.pl\/de\/wp-json\/wp\/v2\/product\/3382","targetHints":{"allow":["GET"]}}],"collection":[{"href":"https:\/\/antykilion.pl\/de\/wp-json\/wp\/v2\/product"}],"about":[{"href":"https:\/\/antykilion.pl\/de\/wp-json\/wp\/v2\/types\/product"}],"replies":[{"embeddable":true,"href":"https:\/\/antykilion.pl\/de\/wp-json\/wp\/v2\/comments?post=3382"}],"wp:featuredmedia":[{"embeddable":true,"href":"https:\/\/antykilion.pl\/de\/wp-json\/wp\/v2\/media\/3383"}],"wp:attachment":[{"href":"https:\/\/antykilion.pl\/de\/wp-json\/wp\/v2\/media?parent=3382"}],"wp:term":[{"taxonomy":"product_cat","embeddable":true,"href":"https:\/\/antykilion.pl\/de\/wp-json\/wp\/v2\/product_cat?post=3382"},{"taxonomy":"product_tag","embeddable":true,"href":"https:\/\/antykilion.pl\/de\/wp-json\/wp\/v2\/product_tag?post=3382"}],"curies":[{"name":"wp","href":"https:\/\/api.w.org\/{rel}","templated":true}]}}