{"id":3427,"date":"2020-12-06T14:10:53","date_gmt":"2020-12-06T13:10:53","guid":{"rendered":"https:\/\/antykilion.pl\/?post_type=product&#038;p=3427"},"modified":"2024-07-01T21:49:05","modified_gmt":"2024-07-01T19:49:05","slug":"para-krzesel-biedermeier-warszawa-wilno-okolo-1830","status":"publish","type":"product","link":"https:\/\/antykilion.pl\/de\/product\/para-krzesel-biedermeier-warszawa-wilno-okolo-1830\/","title":{"rendered":"Paar Biedermeier St\u00fchle Warschau-Vilnius um 1830"},"content":{"rendered":"","protected":false},"excerpt":{"rendered":"<p>Ein Paar Biedermeier-St\u00fchle<\/p>\n<p>mit einer Brett-R\u00fcckenlehne, einem gepolsterten Sitzkissen, das von vier Brett-S-f\u00f6rmigen Beinen getragen wird. S-f\u00f6rmiges R\u00fcckenbrett, gerahmt mit geschnitzten Blumenornamenten.<\/p>\n<p>Ein M\u00f6belst\u00fcck mit einer Form und Dekoration, die dem Biedermeier-Stil aus Mittel- und Ostpolen entspricht. (Warschau, Vilnius) Sie haben eine typische Brettform einer R\u00fcckenlehne und einen Sitz aus einem gepolsterten Kissen sowie beliebte Reliefdekorationen aus stilisierten Bl\u00e4ttern und Rosetten.<\/p>\n<p>Material: Struktur - Buche, Mahagoni-Furnier;<\/p>\n<p>Herkunft: Mittel- und Ostpolen, ca. 1830-1835<\/p>\n<p>Zustand: original, sehr gut, sichtbare Gebrauchsspuren<\/p>\n<p>Abmessungen: Sitzh\u00f6he ca. 44, maximale Stuhlh\u00f6he<\/p>","protected":false},"featured_media":3428,"comment_status":"closed","ping_status":"closed","template":"","meta":[],"product_cat":[28,17],"product_tag":[],"class_list":{"0":"post-3427","1":"product","2":"type-product","3":"status-publish","4":"has-post-thumbnail","6":"product_cat-krzesla","7":"product_cat-meble","9":"entry","10":"has-media","12":"first","13":"instock","14":"taxable","15":"shipping-taxable","16":"purchasable","17":"product-type-simple","18":"has-product-nav","19":"col","20":"span_1_of_3","21":"owp-content-center","22":"owp-thumbs-layout-horizontal","23":"owp-btn-normal","24":"owp-tabs-layout-horizontal"},"aioseo_notices":[],"_links":{"self":[{"href":"https:\/\/antykilion.pl\/de\/wp-json\/wp\/v2\/product\/3427","targetHints":{"allow":["GET"]}}],"collection":[{"href":"https:\/\/antykilion.pl\/de\/wp-json\/wp\/v2\/product"}],"about":[{"href":"https:\/\/antykilion.pl\/de\/wp-json\/wp\/v2\/types\/product"}],"replies":[{"embeddable":true,"href":"https:\/\/antykilion.pl\/de\/wp-json\/wp\/v2\/comments?post=3427"}],"wp:featuredmedia":[{"embeddable":true,"href":"https:\/\/antykilion.pl\/de\/wp-json\/wp\/v2\/media\/3428"}],"wp:attachment":[{"href":"https:\/\/antykilion.pl\/de\/wp-json\/wp\/v2\/media?parent=3427"}],"wp:term":[{"taxonomy":"product_cat","embeddable":true,"href":"https:\/\/antykilion.pl\/de\/wp-json\/wp\/v2\/product_cat?post=3427"},{"taxonomy":"product_tag","embeddable":true,"href":"https:\/\/antykilion.pl\/de\/wp-json\/wp\/v2\/product_tag?post=3427"}],"curies":[{"name":"wp","href":"https:\/\/api.w.org\/{rel}","templated":true}]}}