{"id":3441,"date":"2020-12-27T12:14:44","date_gmt":"2020-12-27T11:14:44","guid":{"rendered":"https:\/\/antykilion.pl\/?post_type=product&#038;p=3441"},"modified":"2022-12-14T19:46:03","modified_gmt":"2022-12-14T18:46:03","slug":"sekretera-szyfoniera-xix-wiek-w-stylu-boulle-okolo-1860-70-roku-2","status":"publish","type":"product","link":"https:\/\/antykilion.pl\/de\/product\/sekretera-szyfoniera-xix-wiek-w-stylu-boulle-okolo-1860-70-roku-2\/","title":{"rendered":"Sekret\u00e4r \/ Chiffonnier des 19. Jahrhunderts im Boulle-Stil um 1860\/70"},"content":{"rendered":"<p>Dieses M\u00f6belst\u00fcck ist mit &quot;Bulowska Marketing&quot; dekoriert, einer dekorativen Technik, die vom k\u00f6niglichen M\u00f6beldesigner Charles Andre Boulle (1642-1732) popul\u00e4r gemacht und perfektioniert wurde.<\/p>","protected":false},"excerpt":{"rendered":"<p>Sekret\u00e4r \/ Chiffonnier des 19. Jahrhunderts im Boulle-Stil um 1860\/70<br \/>\nmit gewellten Seiten und vorderen und geschnittenen vorderen Ecken, mit einer Sekret\u00e4rsklappe und mit Schubladen, die auf Konsolenbeinen abgest\u00fctzt sind. Das Ganze ist furniert, schwarz gebeizt, auf dem sogenannten poliert Franz\u00f6sische Matte, verziert mit einer Einlage aus Messingstrang, die Blumenmuster schafft, auf einem Schildpatt-Hintergrund, zus\u00e4tzlich verziert mit vergoldeten Bronzen. Das obere Gesims und der Sockel sind von einem Profilstreifen eingerahmt. Die vorderen Ecken sind oben und unten mit Rosetten sowie im oberen Teil mit Karyatiden verziert. Zwei Regale und zwei Schubladen im Inneren.<br \/>\nMaterial: Struktur - Eiche, Furnier - Mahagoni, geschw\u00e4rzte Birne?<br \/>\nHerkunft: Frankreich, ca. 1860-70<br \/>\nZustand: sehr gut, nach professioneller Wartung signierte Schl\u00f6sser<br \/>\nAbmessungen: H\u00f6he 124 cm, L\u00e4nge 64,5 cm, Breite 36 cm<br \/>\nInformationen zur Technik der M\u00f6bel unten.<\/p>","protected":false},"featured_media":3444,"comment_status":"closed","ping_status":"closed","template":"","meta":[],"product_cat":[26,17,31,35],"product_tag":[],"class_list":{"0":"post-3441","1":"product","2":"type-product","3":"status-publish","4":"has-post-thumbnail","6":"product_cat-komody","7":"product_cat-meble","8":"product_cat-sekretery-sekretarzyki-biurka","9":"product_cat-szyfoniery","11":"entry","12":"has-media","14":"first","15":"instock","16":"taxable","17":"shipping-taxable","18":"purchasable","19":"product-type-simple","20":"has-product-nav","21":"col","22":"span_1_of_3","23":"owp-content-center","24":"owp-thumbs-layout-horizontal","25":"owp-btn-normal","26":"owp-tabs-layout-horizontal"},"aioseo_notices":[],"_links":{"self":[{"href":"https:\/\/antykilion.pl\/de\/wp-json\/wp\/v2\/product\/3441","targetHints":{"allow":["GET"]}}],"collection":[{"href":"https:\/\/antykilion.pl\/de\/wp-json\/wp\/v2\/product"}],"about":[{"href":"https:\/\/antykilion.pl\/de\/wp-json\/wp\/v2\/types\/product"}],"replies":[{"embeddable":true,"href":"https:\/\/antykilion.pl\/de\/wp-json\/wp\/v2\/comments?post=3441"}],"wp:featuredmedia":[{"embeddable":true,"href":"https:\/\/antykilion.pl\/de\/wp-json\/wp\/v2\/media\/3444"}],"wp:attachment":[{"href":"https:\/\/antykilion.pl\/de\/wp-json\/wp\/v2\/media?parent=3441"}],"wp:term":[{"taxonomy":"product_cat","embeddable":true,"href":"https:\/\/antykilion.pl\/de\/wp-json\/wp\/v2\/product_cat?post=3441"},{"taxonomy":"product_tag","embeddable":true,"href":"https:\/\/antykilion.pl\/de\/wp-json\/wp\/v2\/product_tag?post=3441"}],"curies":[{"name":"wp","href":"https:\/\/api.w.org\/{rel}","templated":true}]}}